{"id":1092,"date":"2023-08-21T17:05:15","date_gmt":"2023-08-21T15:05:15","guid":{"rendered":"https:\/\/www.imprentagoymar.es\/cart\/"},"modified":"2024-01-16T12:10:08","modified_gmt":"2024-01-16T11:10:08","slug":"carrito","status":"publish","type":"page","link":"https:\/\/www.imprentagoymar.es\/de\/wagen\/","title":{"rendered":"Wagen"},"content":{"rendered":"<div data-elementor-type=\"wp-page\" data-elementor-id=\"1092\" class=\"elementor elementor-1092\" data-elementor-post-type=\"page\">\n\t\t\t\t\t\t<section class=\"elementor-section elementor-top-section elementor-element elementor-element-8ba5aa2 elementor-section-full_width elementor-section-height-default elementor-section-height-default\" data-id=\"8ba5aa2\" data-element_type=\"section\">\n\t\t\t\t\t\t<div class=\"elementor-container elementor-column-gap-default\">\n\t\t\t\t\t<div class=\"elementor-column elementor-col-100 elementor-top-column elementor-element elementor-element-b6aba48\" data-id=\"b6aba48\" data-element_type=\"column\">\n\t\t\t<div class=\"elementor-widget-wrap elementor-element-populated\">\n\t\t\t\t\t\t<div class=\"elementor-element elementor-element-6789eab elementor-widget__width-auto elementor-mobile-align-center elementor-widget-mobile__width-auto elementor-widget elementor-widget-breadcrumbs\" data-id=\"6789eab\" data-element_type=\"widget\" data-widget_type=\"breadcrumbs.default\">\n\t\t\t\t<div class=\"elementor-widget-container\">\n\t\t\t\t\t<p id=\"breadcrumbs\"><span><span><a href=\"https:\/\/www.imprentagoymar.es\/de\">Start<\/a><\/span><\/span><\/p>\t\t\t\t<\/div>\n\t\t\t\t<\/div>\n\t\t\t\t<div class=\"elementor-element elementor-element-a4fd42e elementor-invisible elementor-widget elementor-widget-heading\" data-id=\"a4fd42e\" data-element_type=\"widget\" data-settings=\"{&quot;_animation&quot;:&quot;fadeInUp&quot;}\" data-widget_type=\"heading.default\">\n\t\t\t\t<div class=\"elementor-widget-container\">\n\t\t\t\t\t<h1 class=\"elementor-heading-title elementor-size-default\">Mein Warenkorb<\/h1>\t\t\t\t<\/div>\n\t\t\t\t<\/div>\n\t\t\t\t<div class=\"elementor-element elementor-element-c32d0c0 elementor-widget-divider--view-line elementor-widget elementor-widget-divider\" data-id=\"c32d0c0\" data-element_type=\"widget\" data-widget_type=\"divider.default\">\n\t\t\t\t<div class=\"elementor-widget-container\">\n\t\t\t\t\t\t\t<div class=\"elementor-divider\">\n\t\t\t<span class=\"elementor-divider-separator\">\n\t\t\t\t\t\t<\/span>\n\t\t<\/div>\n\t\t\t\t\t\t<\/div>\n\t\t\t\t<\/div>\n\t\t\t\t\t<\/div>\n\t\t<\/div>\n\t\t\t\t\t<\/div>\n\t\t<\/section>\n\t\t\t\t<section class=\"elementor-section elementor-top-section elementor-element elementor-element-68acab5 elementor-section-boxed elementor-section-height-default elementor-section-height-default\" data-id=\"68acab5\" data-element_type=\"section\">\n\t\t\t\t\t\t<div class=\"elementor-container elementor-column-gap-default\">\n\t\t\t\t\t<div class=\"elementor-column elementor-col-100 elementor-top-column elementor-element elementor-element-9dceed0\" data-id=\"9dceed0\" data-element_type=\"column\">\n\t\t\t<div class=\"elementor-widget-wrap elementor-element-populated\">\n\t\t\t\t\t\t\t<\/div>\n\t\t<\/div>\n\t\t\t\t\t<\/div>\n\t\t<\/section>\n\t\t\t\t<section class=\"elementor-section elementor-top-section elementor-element elementor-element-7d08ff7 elementor-section-boxed elementor-section-height-default elementor-section-height-default\" data-id=\"7d08ff7\" data-element_type=\"section\">\n\t\t\t\t\t\t<div class=\"elementor-container elementor-column-gap-default\">\n\t\t\t\t\t<div class=\"elementor-column elementor-col-100 elementor-top-column elementor-element elementor-element-c956b37\" data-id=\"c956b37\" data-element_type=\"column\">\n\t\t\t<div class=\"elementor-widget-wrap elementor-element-populated\">\n\t\t\t\t\t\t<div class=\"elementor-element elementor-element-a13591d elementor-widget elementor-widget-spacer\" data-id=\"a13591d\" data-element_type=\"widget\" data-widget_type=\"spacer.default\">\n\t\t\t\t<div class=\"elementor-widget-container\">\n\t\t\t\t\t\t\t<div class=\"elementor-spacer\">\n\t\t\t<div class=\"elementor-spacer-inner\"><\/div>\n\t\t<\/div>\n\t\t\t\t\t\t<\/div>\n\t\t\t\t<\/div>\n\t\t\t\t\t<\/div>\n\t\t<\/div>\n\t\t\t\t\t<\/div>\n\t\t<\/section>\n\t\t\t\t<\/div>","protected":false},"excerpt":{"rendered":"<p>Mi carrito Eliminar art\u00edculo Imagen en miniatura Producto Precio Cantidad Subtotal &times; D\u00edptico A4 Tama\u00f1o: A4 55,00&nbsp;&euro; D\u00edptico A4 &#8211; A4, 200 cantidad 55,00&nbsp;&euro; Actualizar el carrito Totales del carrito Subtotal 55,00&nbsp;&euro; Total 55,00&nbsp;&euro; (incluye 9,55&nbsp;&euro; IVA 21%) Proceder al pago<\/p>","protected":false},"author":1,"featured_media":0,"parent":0,"menu_order":18,"comment_status":"closed","ping_status":"closed","template":"","meta":{"_joinchat":[],"footnotes":""},"class_list":["post-1092","page","type-page","status-publish","hentry"],"acf":[],"yoast_head":"<!-- This site is optimized with the Yoast SEO plugin v24.4 - https:\/\/yoast.com\/wordpress\/plugins\/seo\/ -->\n<title>Carrito | Imprenta Goymar<\/title>\n<meta name=\"robots\" content=\"index, follow, max-snippet:-1, max-image-preview:large, max-video-preview:-1\" \/>\n<link rel=\"canonical\" href=\"https:\/\/www.imprentagoymar.es\/de\/wagen\/\" \/>\n<meta property=\"og:locale\" content=\"de_DE\" \/>\n<meta property=\"og:type\" content=\"article\" \/>\n<meta property=\"og:title\" content=\"Carrito | Imprenta Goymar\" \/>\n<meta property=\"og:description\" content=\"Mi carrito Eliminar art\u00edculo Imagen en miniatura Producto Precio Cantidad Subtotal &times; D\u00edptico A4 Tama\u00f1o: A4 55,00&nbsp;&euro; D\u00edptico A4 &#8211; A4, 200 cantidad 55,00&nbsp;&euro; Actualizar el carrito Totales del carrito Subtotal 55,00&nbsp;&euro; Total 55,00&nbsp;&euro; (incluye 9,55&nbsp;&euro; IVA 21%) Proceder al pago\" \/>\n<meta property=\"og:url\" content=\"https:\/\/www.imprentagoymar.es\/de\/wagen\/\" \/>\n<meta property=\"og:site_name\" content=\"Imprenta Goymar\" \/>\n<meta property=\"article:modified_time\" content=\"2024-01-16T11:10:08+00:00\" \/>\n<meta property=\"og:image\" content=\"https:\/\/www.imprentagoymar.es\/wp-content\/uploads\/woocommerce-placeholder.png\" \/>\n<meta name=\"twitter:card\" content=\"summary_large_image\" \/>\n<script type=\"application\/ld+json\" class=\"yoast-schema-graph\">{\"@context\":\"https:\/\/schema.org\",\"@graph\":[{\"@type\":\"WebPage\",\"@id\":\"https:\/\/www.imprentagoymar.es\/carrito\/\",\"url\":\"https:\/\/www.imprentagoymar.es\/carrito\/\",\"name\":\"Carrito | Imprenta Goymar\",\"isPartOf\":{\"@id\":\"https:\/\/www.imprentagoymar.es\/#website\"},\"primaryImageOfPage\":{\"@id\":\"https:\/\/www.imprentagoymar.es\/carrito\/#primaryimage\"},\"image\":{\"@id\":\"https:\/\/www.imprentagoymar.es\/carrito\/#primaryimage\"},\"thumbnailUrl\":\"https:\/\/www.imprentagoymar.es\/wp-content\/uploads\/woocommerce-placeholder.png\",\"datePublished\":\"2023-08-21T15:05:15+00:00\",\"dateModified\":\"2024-01-16T11:10:08+00:00\",\"breadcrumb\":{\"@id\":\"https:\/\/www.imprentagoymar.es\/carrito\/#breadcrumb\"},\"inLanguage\":\"de\",\"potentialAction\":[{\"@type\":\"ReadAction\",\"target\":[\"https:\/\/www.imprentagoymar.es\/carrito\/\"]}]},{\"@type\":\"ImageObject\",\"inLanguage\":\"de\",\"@id\":\"https:\/\/www.imprentagoymar.es\/carrito\/#primaryimage\",\"url\":\"https:\/\/www.imprentagoymar.es\/wp-content\/uploads\/woocommerce-placeholder.png\",\"contentUrl\":\"https:\/\/www.imprentagoymar.es\/wp-content\/uploads\/woocommerce-placeholder.png\"},{\"@type\":\"BreadcrumbList\",\"@id\":\"https:\/\/www.imprentagoymar.es\/carrito\/#breadcrumb\",\"itemListElement\":[{\"@type\":\"ListItem\",\"position\":1,\"name\":\"Inicio\",\"item\":\"https:\/\/www.imprentagoymar.es\/\"},{\"@type\":\"ListItem\",\"position\":2,\"name\":\"Carrito\"}]},{\"@type\":\"WebSite\",\"@id\":\"https:\/\/www.imprentagoymar.es\/#website\",\"url\":\"https:\/\/www.imprentagoymar.es\/\",\"name\":\"Imprenta Goymar\",\"description\":\"Tu imprenta de confianza en Oviedo\",\"publisher\":{\"@id\":\"https:\/\/www.imprentagoymar.es\/#organization\"},\"potentialAction\":[{\"@type\":\"SearchAction\",\"target\":{\"@type\":\"EntryPoint\",\"urlTemplate\":\"https:\/\/www.imprentagoymar.es\/?s={search_term_string}\"},\"query-input\":{\"@type\":\"PropertyValueSpecification\",\"valueRequired\":true,\"valueName\":\"search_term_string\"}}],\"inLanguage\":\"de\"},{\"@type\":\"Organization\",\"@id\":\"https:\/\/www.imprentagoymar.es\/#organization\",\"name\":\"Imprenta Goymar\",\"url\":\"https:\/\/www.imprentagoymar.es\/\",\"logo\":{\"@type\":\"ImageObject\",\"inLanguage\":\"de\",\"@id\":\"https:\/\/www.imprentagoymar.es\/#\/schema\/logo\/image\/\",\"url\":\"https:\/\/www.imprentagoymar.es\/wp-content\/uploads\/2023\/11\/logogoymar.svg\",\"contentUrl\":\"https:\/\/www.imprentagoymar.es\/wp-content\/uploads\/2023\/11\/logogoymar.svg\",\"width\":368,\"height\":368,\"caption\":\"Imprenta Goymar\"},\"image\":{\"@id\":\"https:\/\/www.imprentagoymar.es\/#\/schema\/logo\/image\/\"}}]}<\/script>\n<!-- \/ Yoast SEO plugin. -->","yoast_head_json":{"title":"Carrito | Imprenta Goymar","robots":{"index":"index","follow":"follow","max-snippet":"max-snippet:-1","max-image-preview":"max-image-preview:large","max-video-preview":"max-video-preview:-1"},"canonical":"https:\/\/www.imprentagoymar.es\/de\/wagen\/","og_locale":"de_DE","og_type":"article","og_title":"Carrito | Imprenta Goymar","og_description":"Mi carrito Eliminar art\u00edculo Imagen en miniatura Producto Precio Cantidad Subtotal &times; D\u00edptico A4 Tama\u00f1o: A4 55,00&nbsp;&euro; D\u00edptico A4 &#8211; A4, 200 cantidad 55,00&nbsp;&euro; Actualizar el carrito Totales del carrito Subtotal 55,00&nbsp;&euro; Total 55,00&nbsp;&euro; (incluye 9,55&nbsp;&euro; IVA 21%) Proceder al pago","og_url":"https:\/\/www.imprentagoymar.es\/de\/wagen\/","og_site_name":"Imprenta Goymar","article_modified_time":"2024-01-16T11:10:08+00:00","og_image":[{"url":"https:\/\/www.imprentagoymar.es\/wp-content\/uploads\/woocommerce-placeholder.png","type":"","width":"","height":""}],"twitter_card":"summary_large_image","schema":{"@context":"https:\/\/schema.org","@graph":[{"@type":"WebPage","@id":"https:\/\/www.imprentagoymar.es\/carrito\/","url":"https:\/\/www.imprentagoymar.es\/carrito\/","name":"Carrito | Imprenta Goymar","isPartOf":{"@id":"https:\/\/www.imprentagoymar.es\/#website"},"primaryImageOfPage":{"@id":"https:\/\/www.imprentagoymar.es\/carrito\/#primaryimage"},"image":{"@id":"https:\/\/www.imprentagoymar.es\/carrito\/#primaryimage"},"thumbnailUrl":"https:\/\/www.imprentagoymar.es\/wp-content\/uploads\/woocommerce-placeholder.png","datePublished":"2023-08-21T15:05:15+00:00","dateModified":"2024-01-16T11:10:08+00:00","breadcrumb":{"@id":"https:\/\/www.imprentagoymar.es\/carrito\/#breadcrumb"},"inLanguage":"de","potentialAction":[{"@type":"ReadAction","target":["https:\/\/www.imprentagoymar.es\/carrito\/"]}]},{"@type":"ImageObject","inLanguage":"de","@id":"https:\/\/www.imprentagoymar.es\/carrito\/#primaryimage","url":"https:\/\/www.imprentagoymar.es\/wp-content\/uploads\/woocommerce-placeholder.png","contentUrl":"https:\/\/www.imprentagoymar.es\/wp-content\/uploads\/woocommerce-placeholder.png"},{"@type":"BreadcrumbList","@id":"https:\/\/www.imprentagoymar.es\/carrito\/#breadcrumb","itemListElement":[{"@type":"ListItem","position":1,"name":"Inicio","item":"https:\/\/www.imprentagoymar.es\/"},{"@type":"ListItem","position":2,"name":"Carrito"}]},{"@type":"WebSite","@id":"https:\/\/www.imprentagoymar.es\/#website","url":"https:\/\/www.imprentagoymar.es\/","name":"Imprenta Goymar","description":"Tu imprenta de confianza en Oviedo","publisher":{"@id":"https:\/\/www.imprentagoymar.es\/#organization"},"potentialAction":[{"@type":"SearchAction","target":{"@type":"EntryPoint","urlTemplate":"https:\/\/www.imprentagoymar.es\/?s={search_term_string}"},"query-input":{"@type":"PropertyValueSpecification","valueRequired":true,"valueName":"search_term_string"}}],"inLanguage":"de"},{"@type":"Organization","@id":"https:\/\/www.imprentagoymar.es\/#organization","name":"Imprenta Goymar","url":"https:\/\/www.imprentagoymar.es\/","logo":{"@type":"ImageObject","inLanguage":"de","@id":"https:\/\/www.imprentagoymar.es\/#\/schema\/logo\/image\/","url":"https:\/\/www.imprentagoymar.es\/wp-content\/uploads\/2023\/11\/logogoymar.svg","contentUrl":"https:\/\/www.imprentagoymar.es\/wp-content\/uploads\/2023\/11\/logogoymar.svg","width":368,"height":368,"caption":"Imprenta Goymar"},"image":{"@id":"https:\/\/www.imprentagoymar.es\/#\/schema\/logo\/image\/"}}]}},"_links":{"self":[{"href":"https:\/\/www.imprentagoymar.es\/de\/wp-json\/wp\/v2\/pages\/1092","targetHints":{"allow":["GET"]}}],"collection":[{"href":"https:\/\/www.imprentagoymar.es\/de\/wp-json\/wp\/v2\/pages"}],"about":[{"href":"https:\/\/www.imprentagoymar.es\/de\/wp-json\/wp\/v2\/types\/page"}],"author":[{"embeddable":true,"href":"https:\/\/www.imprentagoymar.es\/de\/wp-json\/wp\/v2\/users\/1"}],"replies":[{"embeddable":true,"href":"https:\/\/www.imprentagoymar.es\/de\/wp-json\/wp\/v2\/comments?post=1092"}],"version-history":[{"count":5,"href":"https:\/\/www.imprentagoymar.es\/de\/wp-json\/wp\/v2\/pages\/1092\/revisions"}],"predecessor-version":[{"id":1491,"href":"https:\/\/www.imprentagoymar.es\/de\/wp-json\/wp\/v2\/pages\/1092\/revisions\/1491"}],"wp:attachment":[{"href":"https:\/\/www.imprentagoymar.es\/de\/wp-json\/wp\/v2\/media?parent=1092"}],"curies":[{"name":"wp","href":"https:\/\/api.w.org\/{rel}","templated":true}]}}