{"id":1100,"date":"2023-08-21T19:28:08","date_gmt":"2023-08-21T17:28:08","guid":{"rendered":"https:\/\/www.imprentagoymar.es\/?page_id=1100"},"modified":"2023-11-15T12:26:30","modified_gmt":"2023-11-15T11:26:30","slug":"condiciones-de-compra-y-gastos-de-envio","status":"publish","type":"page","link":"https:\/\/www.imprentagoymar.es\/de\/einkaufsbedingungen-und-versandkosten\/","title":{"rendered":"Einkaufsbedingungen und Versandkosten"},"content":{"rendered":"<div data-elementor-type=\"wp-page\" data-elementor-id=\"1100\" class=\"elementor elementor-1100\" data-elementor-post-type=\"page\">\n\t\t\t\t\t\t<section class=\"elementor-section elementor-top-section elementor-element elementor-element-9317c11 elementor-section-boxed elementor-section-height-default elementor-section-height-default\" data-id=\"9317c11\" data-element_type=\"section\">\n\t\t\t\t\t\t<div class=\"elementor-container elementor-column-gap-default\">\n\t\t\t\t\t<div class=\"elementor-column elementor-col-100 elementor-top-column elementor-element elementor-element-3068eaa\" data-id=\"3068eaa\" data-element_type=\"column\">\n\t\t\t<div class=\"elementor-widget-wrap elementor-element-populated\">\n\t\t\t\t\t\t<div class=\"elementor-element elementor-element-beb493a elementor-widget elementor-widget-text-editor\" data-id=\"beb493a\" data-element_type=\"widget\" data-widget_type=\"text-editor.default\">\n\t\t\t\t<div class=\"elementor-widget-container\">\n\t\t\t\t\t\t\t\t\t<strong>VERTRAGSBEDINGUNGEN DES ONLINE-SHOPS<\/strong>\n\n<strong>\u00c4NDERUNG DIESER BEDINGUNGEN UND DAUER<\/strong>\n\nImprenta Goymar, SL kann die hier festgelegten Bedingungen jederzeit \u00e4ndern und wird ordnungsgem\u00e4\u00df in der hier erscheinenden Form ver\u00f6ffentlicht. Die G\u00fcltigkeit der oben genannten Bedingungen h\u00e4ngt von ihrer Offenlegung ab und bleibt in Kraft, bis sie von anderen ordnungsgem\u00e4\u00df ver\u00f6ffentlichten ge\u00e4ndert werden. Die letzte \u00c4nderung der Bedingungen ist vom 18.11.2020.\n\n<strong>SICHERHEIT<\/strong>\n\nDie Website verwendet allgemein anerkannte branchen\u00fcbliche Informationssicherheitstechniken wie Firewalls, Zugriffskontrollverfahren und kryptografische Mechanismen, alle mit dem Ziel, unbefugten Zugriff auf Daten zu verhindern. Zur Erreichung dieser Zwecke akzeptiert der Nutzer\/Auftraggeber, dass der Anbieter Daten zum Zwecke der entsprechenden Authentifizierung der Zugangskontrollen erhebt. Unser sicherer Server gew\u00e4hrleistet die Vertraulichkeit der Daten, die Sie an uns \u00fcbermitteln. Dieser Datenschutz wird durch das SSL-Protokoll erreicht, das die gesendeten Daten mit dem RSA-Verschl\u00fcsselungssystem verschl\u00fcsselt, sodass niemand sie sich aneignen kann, da er nicht \u00fcber den erforderlichen Schl\u00fcssel verf\u00fcgt. Ob Ihr Browser sicher ist, erkennen Sie daran, dass das Schloss-Symbol erscheint und Sie erkennen auch, dass sich die URL leicht ver\u00e4ndert: Sie beginnt nicht mehr mit http, sondern mit https.\n\n<strong>VERSANDKOSTEN<\/strong>\n\nVersand- und\/oder Verwaltungskosten sind nicht im Preis inbegriffen und werden Ihnen vor Abschluss Ihres Kaufs angezeigt, abh\u00e4ngig von der Lieferadresse jeder Bestellung. Nachfolgend erl\u00e4utern wir die Versandkosten in der folgenden Tabelle:\n<ul>\n \t<li>Spanien: 2,95 \u20ac (Halbinsel), 4,95 \u20ac (Balearen)<\/li>\n \t<li>F\u00fcr Sendungen auf die Kanarischen Inseln kontaktieren Sie uns bitte zun\u00e4chst.<\/li>\n \t<li>Europa: 8,95 \u20ac. Rest der Welt: 9,95 \u20ac<\/li>\n<\/ul>\nLieferzeit in Spanien: Zwischen 1 und 2 Tagen.\n\n<strong>DIE BESTELLUNG AUFGEBEN<\/strong>\n\nUm eine Bestellung aufzugeben, m\u00fcssen Sie eine Verbindung zu www.imprentagoymar.es herstellen und sich als Benutzer registrieren, indem Sie das elektronische Formular ausf\u00fcllen, das jederzeit auf der Website des Online-Shops angezeigt wird, und die darin enthaltenen Anweisungen befolgen. Nach der Registrierung und um mit dem Kauf von Produkten fortzufahren, m\u00fcssen Sie das Produkt, das Sie kaufen m\u00f6chten, gem\u00e4\u00df den Anweisungen auf dem Bildschirm in den Warenkorb legen und zu diesem Zweck das bereitgestellte Bestellformular ausf\u00fcllen und best\u00e4tigen. Die auf der Website angegebenen Preise gelten nur und ausschlie\u00dflich f\u00fcr Online-Bestellungen unter www.imprentagoymar.es. Alle auf unserer Website ver\u00f6ffentlichten Preise verstehen sich inklusive Mehrwertsteuer. Die Auftragsbest\u00e4tigung durch den Auftraggeber setzt ausdr\u00fccklich die Kenntnisnahme und Anerkennung dieser Allgemeinen Vertragsbedingungen als Vertragsschluss voraus.\n\n<strong>Sobald der Kauf get\u00e4tigt wurde, sendet Ihnen der Kundendienst von Imprenta Goymar, SL innerhalb k\u00fcrzester Zeit, jedoch immer vor Ablauf von 24 Stunden nach der Kaufabwicklung, den Kaufbeleg per E-Mail zu.<\/strong>\n\nSollten Sie mit den in dieser Best\u00e4tigung enthaltenen Daten nicht einverstanden sein, k\u00f6nnen Sie deren \u00c4nderung oder K\u00fcndigung des Vertrages verlangen.\n\n<strong>SPRACHE DER FORMALISIERUNG DES VERTRAGS<\/strong>\n\nDie Sprache oder Sprachen, in denen der Vertrag auf dieser Website formalisiert werden kann, ist Spanisch.\n\n<strong>PRODUKTVERF\u00dcGBARKEIT<\/strong>\n\nDie Auswahl der auf www.imprentagoymar.es angebotenen Produkte ist g\u00fcltig, solange die Produkte auf der Website sichtbar sind. Da es sich um einen elektronischen Handel handelt, wird der Lagerbestand online aktualisiert, so dass es vorkommen kann, dass der Lagerbestand w\u00e4hrend des Kaufvorgangs zur Neige geht. In diesem Fall werden wir Sie umgehend informieren, um Ihnen eine Alternative anzubieten oder den f\u00fcr das Produkt bezahlten Betrag zur\u00fcckzuerstatten.\n\n<strong>WEG, ANSPR\u00dcCHE ZU MACHEN<\/strong>\n\nUm Anspr\u00fcche im Zusammenhang mit den in Artikel 110 des Gesetzes 3\/2014 festgelegten Verpflichtungen geltend zu machen, m\u00fcssen Sie sich an uns wenden.\n\n<strong>NICHTERF\u00dcHRUNG DES VERTRAGS<\/strong>\n\nIm Falle der Nichterf\u00fcllung des Vertrags seitens des Unternehmens aufgrund der Nichtverf\u00fcgbarkeit des gekauften Produkts oder aus einem anderen Grund wird der Kunde \u00fcber die mangelnde Verf\u00fcgbarkeit und\/oder den Grund, der dies rechtfertigt, informiert und er wird die Betr\u00e4ge ohne R\u00fcckzahlung zur\u00fcckerhalten jede unangemessene Verz\u00f6gerung, die im Rahmen dieser Zahlung gezahlt wurde.<span class=\"Apple-converted-space\">\u00a0 <\/span>Im Falle einer ungerechtfertigten Verz\u00f6gerung seitens Imprenta Goymar, SL bei der R\u00fcckerstattung der gezahlten Betr\u00e4ge kann der Kunde die Zahlung des Doppelten des geschuldeten Betrags verlangen, unbeschadet seines Anspruchs auf Ersatz des dar\u00fcber hinausgehenden Schadens .\n\n<strong>VERSANDART UND -ZEITEN<\/strong>\n\nLos productos se env\u00edan a la direcci\u00f3n de env\u00edo que nos hayas indicado en el pedido. En el caso de realizar un pedido de varios art\u00edculos con diferentes disponibilidades, el plazo para la expedici\u00f3n tendr\u00e1 en cuenta la entrega prevista m\u00e1s larga. En casos excepcionales, Imprenta Goymar, S.L. se reservar\u00e1 el derecho a desglosar el pedido, enviando los art\u00edculos disponibles y dejando pendiente de un segundo env\u00edo, los art\u00edculos no disponibles.\n\nPara realizar el transporte y entrega de los env\u00edos, hemos elegido a una\u00a0 empresa de mensajer\u00eda de reconocido prestigio.\n\nEl tiempo de env\u00edo establecido depender\u00e1 del pedido solicitado. Ser\u00e1 de aproximadamente cinco d\u00edas h\u00e1biles desde la recepci\u00f3n del pago, considerando los d\u00edas h\u00e1biles los d\u00edas laborales de lunes a viernes.\n\nEn el supuesto de que el cliente detectase alg\u00fan problema en el momento de la entrega de su pedido (embalaje estropeado, productos faltantes o deteriorados) debe indicarlo por escrito en el albar\u00e1n de entrega del transportista, y contactar dentro de los 14 d\u00edas siguientes a la recepci\u00f3n. No se admitir\u00e1 ninguna devoluci\u00f3n de art\u00edculo da\u00f1ado, as\u00ed como reclamaci\u00f3n de art\u00edculo faltante, si no ha sido comunicado dentro del plazo establecido, remiti\u00e9ndonos fotos y descripci\u00f3n del problema.\n\nTodo ello sin perjuicio del derecho de garant\u00eda para los productos no conformes con el contrato que asiste a todo consumidor, conforme a la normativa vigente\u201d.\n\nEn caso que tu pedido haya sido enviado y no tenga noticias de la entrega, puedes contactar con nuestro Servicio de Atenci\u00f3n al Cliente a trav\u00e9s de: info@imprentagoymar.com\n\n<strong>ZAHLEN<\/strong>\n\nImprenta Goymar, SL akzeptiert Zahlungen per Kreditkarte, Sie k\u00f6nnen Visa und MasterCard verwenden. Wenn Sie die Zahlung mit einer VISA- oder Maestro-Karte vornehmen, erfolgt die Belastung Ihrer Karte zeitversetzt, also zum Zeitpunkt des Versands. Auf diese Weise werden nur Artikel berechnet, die zum Zeitpunkt des Versands versandt wurden. F\u00fcr den Fall, dass die Kasse die Ablehnung der Karte meldet, wird die Bestellung automatisch storniert und der Kunde online \u00fcber die Stornierung informiert. F\u00fcr Zahlungen mit au\u00dferhalb Spaniens ausgestellten Karten ist es erforderlich, dass die ausstellende Bank dem Secure Electronic Commerce Security Protocol (CES) unterliegt. Zahlungen mit Karten, die diese Anforderung nicht erf\u00fcllen, werden nicht akzeptiert. Als Alternative bieten wir Ihnen die \u00dcberweisung an. Imprenta Goymar, SL beh\u00e4lt sich das Recht vor, jede mit einer Kreditkarte get\u00e4tigte Transaktion abzulehnen. In diesem Fall erstatten wir das Geld auf die urspr\u00fcngliche Karte zur\u00fcck. In diesen F\u00e4llen und wenn der Kunde daran interessiert ist, den Kauf der Artikel fortzusetzen, bitten wir um eine Bank\u00fcberweisung.\n\n<strong>R\u00dcCKTRITTSRECHT<\/strong>\n\nWenn Sie nicht zufrieden sind, k\u00f6nnen Sie Ihre auf www.imprentagoymar.es get\u00e4tigten Eink\u00e4ufe in unserem B\u00fcro in La Lila, 28, zur\u00fcckgeben<br>\r\n33002 Oviedo<br>\r\nAsturien, f\u00fcllen Sie das Auszahlungsdokument aus, das Sie hier herunterladen k\u00f6nnen.\n<ul>\n \t<li><a href=\"#\">Laden Sie hier das Auszahlungsdokument herunter<\/a>.<\/li>\n<\/ul>\nDie maximale Frist f\u00fcr die Beantragung einer R\u00fccksendung betr\u00e4gt folgende Zeitr\u00e4ume ab Eingang der Bestellung: -14 Kalendertage f\u00fcr alle Produkte in unserem Online-Shop. Die R\u00fccksendung erfolgt mit der gleichen Zahlungsmethode wie der Kauf. Dieses Recht gilt zus\u00e4tzlich zum Gew\u00e4hrleistungsrecht gem\u00e4\u00df RDL 1\/2007 vom 16. November zum Schutz von Verbrauchern und Nutzern. Folgende Umst\u00e4nde k\u00f6nnen zu einer R\u00fccksendung f\u00fchren: a) Wenn Sie mit dem von Ihnen bestellten Produkt nicht zufrieden sind: Sie k\u00f6nnen es per Kurier an Imprenta Goymar, SL zur\u00fccksenden. Wir erstatten den Betrag des Produkts, jedoch nicht die Kosten f\u00fcr die R\u00fccksendung des Produkts. b) Wenn Sie einen Umtausch gegen einen anderen Artikel vornehmen m\u00f6chten, \u00fcbernimmt Imprenta Goymar, SL die R\u00fccksendekosten nicht. c) Produkt, das versehentlich nicht dem bestellten entspricht: Imprenta Goymar, SL tr\u00e4gt die Kosten daf\u00fcr Abholung des falschen Produkts und Lieferung des entsprechenden Produkts zur aufgegebenen Bestellung. d) Die Produkte m\u00fcssen verpackt und unversiegelt sein. Um zur\u00fcckgegeben zu werden, muss die Verpackung in einwandfreiem Zustand sein und alle Originalzubeh\u00f6rteile und Anweisungen enthalten. Weder in physischen Gesch\u00e4ften noch im Online-Shop von Imprenta Goymar, SL werden R\u00fccksendungen von Produkten akzeptiert, die nicht bei dem Unternehmen gekauft wurden. In jedem Fall m\u00fcssen die Produkte in einwandfreiem Zustand sein, in der Originalverpackung und mit den Handb\u00fcchern, Zubeh\u00f6r oder ggf. Werbegeschenken. Gem\u00e4\u00df Artikel 103 des Gesetzes 3\/2014 zum Schutz von Verbrauchern und Nutzern besteht das Widerrufsrecht nicht f\u00fcr Produkte, die eindeutig personalisiert sind oder gem\u00e4\u00df den Spezifikationen des Kunden angefertigt wurden.\n\n<a href=\"#\">Laden Sie hier das Auszahlungsdokument herunter<\/a>.\n\n<strong>STORNIERUNG DER BESTELLUNG<\/strong>\n\nIm Falle einer Stornierung einer Bestellung vor Reiseantritt fallen f\u00fcr den Kunden keine Kosten an. Im Falle einer Stornierung einer Bestellung nach Versand der Ware tr\u00e4gt der Kunde die Versandkosten sowie die Kosten f\u00fcr die R\u00fccksendung der Bestellung.\n\n<strong>PRODUKTGARANTIE<\/strong>\n\nDie Gew\u00e4hrleistungsfrist betr\u00e4gt 2 Jahre ab Lieferung des Produkts. Sie erstreckt sich jedoch nicht auf M\u00e4ngel, die durch Fahrl\u00e4ssigkeit, St\u00f6\u00dfe, unsachgem\u00e4\u00dfen Gebrauch oder unsachgem\u00e4\u00dfe Manipulation sowie durch den Gebrauch abgenutzte Materialien verursacht wurden. Bis zum Beweis des Gegenteils wird vermutet, dass die Vertragswidrigkeit, die innerhalb von 6 Monaten nach der Lieferung des Produkts auftritt, unabh\u00e4ngig davon, ob es sich um ein neues oder gebrauchtes Produkt handelt, bereits zum Zeitpunkt der Lieferung des Produkts bestand, es sei denn, diese Vermutung ist mit der Art des Produkts unvereinbar das Produkt oder die Art der Vertragswidrigkeit. Imprenta Goymar, SL beh\u00e4lt sich das Recht vor, von einem offiziellen technischen Service der Marke eine \u00dcberpr\u00fcfung der Ursache des Problems zu verlangen. Liegt ein Mangel vor, der durch unsachgem\u00e4\u00dfen Gebrauch verursacht wurde, ist die Reparatur kostenpflichtig. In den F\u00e4llen, die die Anwendung der Garantie rechtfertigen, besteht die Wahl zwischen Reparatur, Ersatz des Artikels, Preisnachlass oder R\u00fcckgabe gem\u00e4\u00df den gesetzlich festgelegten Bedingungen.\n\n<strong>R\u00dcCKERSTATTUNG DER GEZAHLTEN BETR\u00c4GE<\/strong>\n\nDie R\u00fcckerstattung erfolgt \u00fcber die Zahlungsmethode, die Sie beim Kauf verwendet haben. Imprenta Goymar, SL wird den Betrag nicht zur\u00fcckerstatten oder Waren erneut versenden, bis der Erhalt und Zustand der Verpackung und des Zubeh\u00f6rs des zur\u00fcckgegebenen oder umgetauschten Artikels in unseren Lagern \u00fcberpr\u00fcft wurde. Der zur\u00fcckzusendende Preis ist der urspr\u00fcnglich in der Bestellung angegebene Preis, mit Ausnahme der Transportkosten. Sobald der ordnungsgem\u00e4\u00dfe Zustand des zur\u00fcckgegebenen Produkts \u00fcberpr\u00fcft wurde, erstattet Imprenta Goymar, SL den Betrag innerhalb einer Frist von maximal 15 Tagen.\n\n<strong>ANWENDBARES RECHT UND GERICHTSSTAND<\/strong>\n\nDie Beziehung zwischen Imprenta Goymar, SL und dem NUTZER unterliegt den geltenden spanischen Vorschriften und alle Streitigkeiten werden den Gerichten und Tribunalen der entsprechenden Stadt vorgelegt.\n\n<strong>Online-Plattform zur Streitbeilegung<\/strong>\n\nDie Stelle ist der Online-Streitbeilegung in Verbraucherangelegenheiten gem\u00e4\u00df Art. 14 Abs. 1 der Verordnung (EU) 524\/2013 verpflichtet: Die Europ\u00e4ische Kommission stellt eine Plattform zur Online-Streitbeilegung bereit, die unter folgendem Link verf\u00fcgbar ist:\n\n<a href=\"http:\/\/ec.europa.eu\/consumers\/odr\/\">http:\/\/ec.europa.eu\/consumers\/odr\/<\/a>\n\nVerbraucher k\u00f6nnen ihre Beschwerden \u00fcber die Online-Streitbeilegungsplattform einreichen.\t\t\t\t\t\t\t\t<\/div>\n\t\t\t\t<\/div>\n\t\t\t\t\t<\/div>\n\t\t<\/div>\n\t\t\t\t\t<\/div>\n\t\t<\/section>\n\t\t\t\t<\/div>","protected":false},"excerpt":{"rendered":"<p>CONDICIONES DE CONTRATACI\u00d3N DE LA TIENDA ONLINE MODIFICACI\u00d3N DE LAS PRESENTES CONDICIONES Y DURACI\u00d3N podr\u00e1 modificar en cualquier momento las condiciones aqu\u00ed determinadas, siendo debidamente publicadas como aqu\u00ed aparecen. La vigencia de las citadas condiciones ir\u00e1 en funci\u00f3n de su exposici\u00f3n y estar\u00e1n vigentes hasta que sean modificadas por otras debidamente publicadas. La ultima modificaci\u00f3n [&hellip;]<\/p>","protected":false},"author":5,"featured_media":0,"parent":0,"menu_order":16,"comment_status":"closed","ping_status":"closed","template":"","meta":{"_joinchat":[],"footnotes":""},"class_list":["post-1100","page","type-page","status-publish","hentry"],"acf":[],"yoast_head":"<!-- This site is optimized with the Yoast SEO plugin v24.4 - https:\/\/yoast.com\/wordpress\/plugins\/seo\/ -->\n<title>Condiciones de compra y gastos de env\u00edo | Imprenta Goymar<\/title>\n<meta name=\"robots\" content=\"index, follow, max-snippet:-1, max-image-preview:large, max-video-preview:-1\" \/>\n<link rel=\"canonical\" href=\"https:\/\/www.imprentagoymar.es\/de\/einkaufsbedingungen-und-versandkosten\/\" \/>\n<meta property=\"og:locale\" content=\"de_DE\" \/>\n<meta property=\"og:type\" content=\"article\" \/>\n<meta property=\"og:title\" content=\"Condiciones de compra y gastos de env\u00edo | Imprenta Goymar\" \/>\n<meta property=\"og:description\" content=\"CONDICIONES DE CONTRATACI\u00d3N DE LA TIENDA ONLINE MODIFICACI\u00d3N DE LAS PRESENTES CONDICIONES Y DURACI\u00d3N podr\u00e1 modificar en cualquier momento las condiciones aqu\u00ed determinadas, siendo debidamente publicadas como aqu\u00ed aparecen. La vigencia de las citadas condiciones ir\u00e1 en funci\u00f3n de su exposici\u00f3n y estar\u00e1n vigentes hasta que sean modificadas por otras debidamente publicadas. La ultima modificaci\u00f3n [&hellip;]\" \/>\n<meta property=\"og:url\" content=\"https:\/\/www.imprentagoymar.es\/de\/einkaufsbedingungen-und-versandkosten\/\" \/>\n<meta property=\"og:site_name\" content=\"Imprenta Goymar\" \/>\n<meta property=\"article:modified_time\" content=\"2023-11-15T11:26:30+00:00\" \/>\n<meta name=\"twitter:card\" content=\"summary_large_image\" \/>\n<script type=\"application\/ld+json\" class=\"yoast-schema-graph\">{\"@context\":\"https:\/\/schema.org\",\"@graph\":[{\"@type\":\"WebPage\",\"@id\":\"https:\/\/www.imprentagoymar.es\/condiciones-de-compra-y-gastos-de-envio\/\",\"url\":\"https:\/\/www.imprentagoymar.es\/condiciones-de-compra-y-gastos-de-envio\/\",\"name\":\"Condiciones de compra y gastos de env\u00edo | Imprenta Goymar\",\"isPartOf\":{\"@id\":\"https:\/\/www.imprentagoymar.es\/#website\"},\"datePublished\":\"2023-08-21T17:28:08+00:00\",\"dateModified\":\"2023-11-15T11:26:30+00:00\",\"breadcrumb\":{\"@id\":\"https:\/\/www.imprentagoymar.es\/condiciones-de-compra-y-gastos-de-envio\/#breadcrumb\"},\"inLanguage\":\"de\",\"potentialAction\":[{\"@type\":\"ReadAction\",\"target\":[\"https:\/\/www.imprentagoymar.es\/condiciones-de-compra-y-gastos-de-envio\/\"]}]},{\"@type\":\"BreadcrumbList\",\"@id\":\"https:\/\/www.imprentagoymar.es\/condiciones-de-compra-y-gastos-de-envio\/#breadcrumb\",\"itemListElement\":[{\"@type\":\"ListItem\",\"position\":1,\"name\":\"Inicio\",\"item\":\"https:\/\/www.imprentagoymar.es\/\"},{\"@type\":\"ListItem\",\"position\":2,\"name\":\"Condiciones de compra y gastos de env\u00edo\"}]},{\"@type\":\"WebSite\",\"@id\":\"https:\/\/www.imprentagoymar.es\/#website\",\"url\":\"https:\/\/www.imprentagoymar.es\/\",\"name\":\"Imprenta Goymar\",\"description\":\"Tu imprenta de confianza en Oviedo\",\"publisher\":{\"@id\":\"https:\/\/www.imprentagoymar.es\/#organization\"},\"potentialAction\":[{\"@type\":\"SearchAction\",\"target\":{\"@type\":\"EntryPoint\",\"urlTemplate\":\"https:\/\/www.imprentagoymar.es\/?s={search_term_string}\"},\"query-input\":{\"@type\":\"PropertyValueSpecification\",\"valueRequired\":true,\"valueName\":\"search_term_string\"}}],\"inLanguage\":\"de\"},{\"@type\":\"Organization\",\"@id\":\"https:\/\/www.imprentagoymar.es\/#organization\",\"name\":\"Imprenta Goymar\",\"url\":\"https:\/\/www.imprentagoymar.es\/\",\"logo\":{\"@type\":\"ImageObject\",\"inLanguage\":\"de\",\"@id\":\"https:\/\/www.imprentagoymar.es\/#\/schema\/logo\/image\/\",\"url\":\"https:\/\/www.imprentagoymar.es\/wp-content\/uploads\/2023\/11\/logogoymar.svg\",\"contentUrl\":\"https:\/\/www.imprentagoymar.es\/wp-content\/uploads\/2023\/11\/logogoymar.svg\",\"width\":368,\"height\":368,\"caption\":\"Imprenta Goymar\"},\"image\":{\"@id\":\"https:\/\/www.imprentagoymar.es\/#\/schema\/logo\/image\/\"}}]}<\/script>\n<!-- \/ Yoast SEO plugin. -->","yoast_head_json":{"title":"Condiciones de compra y gastos de env\u00edo | Imprenta Goymar","robots":{"index":"index","follow":"follow","max-snippet":"max-snippet:-1","max-image-preview":"max-image-preview:large","max-video-preview":"max-video-preview:-1"},"canonical":"https:\/\/www.imprentagoymar.es\/de\/einkaufsbedingungen-und-versandkosten\/","og_locale":"de_DE","og_type":"article","og_title":"Condiciones de compra y gastos de env\u00edo | Imprenta Goymar","og_description":"CONDICIONES DE CONTRATACI\u00d3N DE LA TIENDA ONLINE MODIFICACI\u00d3N DE LAS PRESENTES CONDICIONES Y DURACI\u00d3N podr\u00e1 modificar en cualquier momento las condiciones aqu\u00ed determinadas, siendo debidamente publicadas como aqu\u00ed aparecen. La vigencia de las citadas condiciones ir\u00e1 en funci\u00f3n de su exposici\u00f3n y estar\u00e1n vigentes hasta que sean modificadas por otras debidamente publicadas. La ultima modificaci\u00f3n [&hellip;]","og_url":"https:\/\/www.imprentagoymar.es\/de\/einkaufsbedingungen-und-versandkosten\/","og_site_name":"Imprenta Goymar","article_modified_time":"2023-11-15T11:26:30+00:00","twitter_card":"summary_large_image","schema":{"@context":"https:\/\/schema.org","@graph":[{"@type":"WebPage","@id":"https:\/\/www.imprentagoymar.es\/condiciones-de-compra-y-gastos-de-envio\/","url":"https:\/\/www.imprentagoymar.es\/condiciones-de-compra-y-gastos-de-envio\/","name":"Condiciones de compra y gastos de env\u00edo | Imprenta Goymar","isPartOf":{"@id":"https:\/\/www.imprentagoymar.es\/#website"},"datePublished":"2023-08-21T17:28:08+00:00","dateModified":"2023-11-15T11:26:30+00:00","breadcrumb":{"@id":"https:\/\/www.imprentagoymar.es\/condiciones-de-compra-y-gastos-de-envio\/#breadcrumb"},"inLanguage":"de","potentialAction":[{"@type":"ReadAction","target":["https:\/\/www.imprentagoymar.es\/condiciones-de-compra-y-gastos-de-envio\/"]}]},{"@type":"BreadcrumbList","@id":"https:\/\/www.imprentagoymar.es\/condiciones-de-compra-y-gastos-de-envio\/#breadcrumb","itemListElement":[{"@type":"ListItem","position":1,"name":"Inicio","item":"https:\/\/www.imprentagoymar.es\/"},{"@type":"ListItem","position":2,"name":"Condiciones de compra y gastos de env\u00edo"}]},{"@type":"WebSite","@id":"https:\/\/www.imprentagoymar.es\/#website","url":"https:\/\/www.imprentagoymar.es\/","name":"Imprenta Goymar","description":"Tu imprenta de confianza en Oviedo","publisher":{"@id":"https:\/\/www.imprentagoymar.es\/#organization"},"potentialAction":[{"@type":"SearchAction","target":{"@type":"EntryPoint","urlTemplate":"https:\/\/www.imprentagoymar.es\/?s={search_term_string}"},"query-input":{"@type":"PropertyValueSpecification","valueRequired":true,"valueName":"search_term_string"}}],"inLanguage":"de"},{"@type":"Organization","@id":"https:\/\/www.imprentagoymar.es\/#organization","name":"Imprenta Goymar","url":"https:\/\/www.imprentagoymar.es\/","logo":{"@type":"ImageObject","inLanguage":"de","@id":"https:\/\/www.imprentagoymar.es\/#\/schema\/logo\/image\/","url":"https:\/\/www.imprentagoymar.es\/wp-content\/uploads\/2023\/11\/logogoymar.svg","contentUrl":"https:\/\/www.imprentagoymar.es\/wp-content\/uploads\/2023\/11\/logogoymar.svg","width":368,"height":368,"caption":"Imprenta Goymar"},"image":{"@id":"https:\/\/www.imprentagoymar.es\/#\/schema\/logo\/image\/"}}]}},"_links":{"self":[{"href":"https:\/\/www.imprentagoymar.es\/de\/wp-json\/wp\/v2\/pages\/1100","targetHints":{"allow":["GET"]}}],"collection":[{"href":"https:\/\/www.imprentagoymar.es\/de\/wp-json\/wp\/v2\/pages"}],"about":[{"href":"https:\/\/www.imprentagoymar.es\/de\/wp-json\/wp\/v2\/types\/page"}],"author":[{"embeddable":true,"href":"https:\/\/www.imprentagoymar.es\/de\/wp-json\/wp\/v2\/users\/5"}],"replies":[{"embeddable":true,"href":"https:\/\/www.imprentagoymar.es\/de\/wp-json\/wp\/v2\/comments?post=1100"}],"version-history":[{"count":4,"href":"https:\/\/www.imprentagoymar.es\/de\/wp-json\/wp\/v2\/pages\/1100\/revisions"}],"predecessor-version":[{"id":1104,"href":"https:\/\/www.imprentagoymar.es\/de\/wp-json\/wp\/v2\/pages\/1100\/revisions\/1104"}],"wp:attachment":[{"href":"https:\/\/www.imprentagoymar.es\/de\/wp-json\/wp\/v2\/media?parent=1100"}],"curies":[{"name":"wp","href":"https:\/\/api.w.org\/{rel}","templated":true}]}}