{"id":1318,"date":"2023-11-08T19:00:42","date_gmt":"2023-11-08T18:00:42","guid":{"rendered":"https:\/\/www.imprentagoymar.es\/accesibilidad-2\/"},"modified":"2023-11-15T12:26:16","modified_gmt":"2023-11-15T11:26:16","slug":"accesibilidad-2","status":"publish","type":"page","link":"https:\/\/www.imprentagoymar.es\/de\/zuganglichkeit-2\/","title":{"rendered":"Barrierefreiheit"},"content":{"rendered":"<div data-elementor-type=\"wp-page\" data-elementor-id=\"1318\" class=\"elementor elementor-1318\" data-elementor-post-type=\"page\">\n\t\t\t\t\t\t<section class=\"elementor-section elementor-top-section elementor-element elementor-element-217c0c57 elementor-section-full_width elementor-section-height-default elementor-section-height-default\" data-id=\"217c0c57\" data-element_type=\"section\" data-settings=\"{&quot;background_background&quot;:&quot;classic&quot;,&quot;background_motion_fx_motion_fx_scrolling&quot;:&quot;yes&quot;,&quot;background_motion_fx_devices&quot;:[&quot;desktop&quot;,&quot;tablet&quot;,&quot;mobile&quot;]}\">\n\t\t\t\t\t\t\t<div class=\"elementor-background-overlay\"><\/div>\n\t\t\t\t\t\t\t<div class=\"elementor-container elementor-column-gap-no\">\n\t\t\t\t\t<div class=\"elementor-column elementor-col-100 elementor-top-column elementor-element elementor-element-33884bd1\" data-id=\"33884bd1\" data-element_type=\"column\" data-settings=\"{&quot;background_background&quot;:&quot;classic&quot;}\">\n\t\t\t<div class=\"elementor-widget-wrap elementor-element-populated\">\n\t\t\t\t\t\t<div class=\"elementor-element elementor-element-186d3991 elementor-widget__width-auto elementor-mobile-align-center elementor-widget-mobile__width-auto elementor-widget elementor-widget-breadcrumbs\" data-id=\"186d3991\" data-element_type=\"widget\" data-widget_type=\"breadcrumbs.default\">\n\t\t\t\t<div class=\"elementor-widget-container\">\n\t\t\t\t\t<p id=\"breadcrumbs\"><span><span><a href=\"https:\/\/www.imprentagoymar.es\/de\">Start<\/a><\/span><\/span><\/p>\t\t\t\t<\/div>\n\t\t\t\t<\/div>\n\t\t\t\t<div class=\"elementor-element elementor-element-798748c5 elementor-invisible elementor-widget elementor-widget-heading\" data-id=\"798748c5\" data-element_type=\"widget\" data-settings=\"{&quot;_animation&quot;:&quot;fadeInLeft&quot;}\" data-widget_type=\"heading.default\">\n\t\t\t\t<div class=\"elementor-widget-container\">\n\t\t\t\t\t<h1 class=\"elementor-heading-title elementor-size-default\">BARRIEREFREIHEIT<\/h1>\t\t\t\t<\/div>\n\t\t\t\t<\/div>\n\t\t\t\t<div class=\"elementor-element elementor-element-c07f3a0 elementor-widget elementor-widget-text-editor\" data-id=\"c07f3a0\" data-element_type=\"widget\" data-widget_type=\"text-editor.default\">\n\t\t\t\t<div class=\"elementor-widget-container\">\n\t\t\t\t\t\t\t\t\t<p style=\"text-align: center;\">Verantwortliche Erkl\u00e4rung zur Barrierefreiheit dieser Website gem\u00e4\u00df den geltenden Vorschriften<\/p>\t\t\t\t\t\t\t\t<\/div>\n\t\t\t\t<\/div>\n\t\t\t\t\t<\/div>\n\t\t<\/div>\n\t\t\t\t\t<\/div>\n\t\t<\/section>\n\t\t\t\t<section class=\"elementor-section elementor-top-section elementor-element elementor-element-3d93acf8 elementor-section-boxed elementor-section-height-default elementor-section-height-default\" data-id=\"3d93acf8\" data-element_type=\"section\">\n\t\t\t\t\t\t<div class=\"elementor-container elementor-column-gap-default\">\n\t\t\t\t\t<div class=\"elementor-column elementor-col-100 elementor-top-column elementor-element elementor-element-f3bc49e\" data-id=\"f3bc49e\" data-element_type=\"column\">\n\t\t\t<div class=\"elementor-widget-wrap elementor-element-populated\">\n\t\t\t\t\t\t<div class=\"elementor-element elementor-element-40eb55ef elementor-widget elementor-widget-text-editor\" data-id=\"40eb55ef\" data-element_type=\"widget\" data-widget_type=\"text-editor.default\">\n\t\t\t\t<div class=\"elementor-widget-container\">\n\t\t\t\t\t\t\t\t\t<p><strong>DRUCKEN GOYMAR, SL<\/strong> ist bestrebt, allen Benutzern ein vollst\u00e4ndig barrierefreies Website-Erlebnis zu bieten, einschlie\u00dflich derjenigen, die beim Navigieren im Internet auf unterst\u00fctzende Technologien wie Bildschirmleseprogramme, Bildschirmvergr\u00f6\u00dferungssoftware und alternative Tastatureingabeger\u00e4te angewiesen sind <a class=\"ext\" href=\"https:\/\/www.boe.es\/diario_boe\/txt.php?id=BOE-A-2018-12699\" target=\"_blank\" rel=\"noopener noreferrer\" data-extlink=\"\">K\u00f6niglicher Erlass 1112\/2018 vom 7. September \u00fcber die Zug\u00e4nglichkeit von Websites und Anwendungen f\u00fcr mobile Ger\u00e4te im \u00f6ffentlichen Sektor.<\/a><\/p><p>Diese Erkl\u00e4rung zur Barrierefreiheit gilt f\u00fcr die Website: www.imprentagoymar.es<\/p>\t\t\t\t\t\t\t\t<\/div>\n\t\t\t\t<\/div>\n\t\t\t\t<div class=\"elementor-element elementor-element-14af7ac7 elementor-invisible elementor-widget elementor-widget-heading\" data-id=\"14af7ac7\" data-element_type=\"widget\" data-settings=\"{&quot;_animation&quot;:&quot;fadeIn&quot;}\" data-widget_type=\"heading.default\">\n\t\t\t\t<div class=\"elementor-widget-container\">\n\t\t\t\t\t<h2 class=\"elementor-heading-title elementor-size-default\">COMPLIANCE-SITUATION<\/h2>\t\t\t\t<\/div>\n\t\t\t\t<\/div>\n\t\t\t\t<div class=\"elementor-element elementor-element-62bdb643 elementor-widget elementor-widget-text-editor\" data-id=\"62bdb643\" data-element_type=\"widget\" data-widget_type=\"text-editor.default\">\n\t\t\t\t<div class=\"elementor-widget-container\">\n\t\t\t\t\t\t\t\t\t<p>Aufgrund der Ausnahmen und mangelnder Konformit\u00e4t der im folgenden Punkt genannten Aspekte entspricht diese Website teilweise der Verordnung RD 1112\/2018.<\/p>\t\t\t\t\t\t\t\t<\/div>\n\t\t\t\t<\/div>\n\t\t\t\t<div class=\"elementor-element elementor-element-2c47978f elementor-invisible elementor-widget elementor-widget-heading\" data-id=\"2c47978f\" data-element_type=\"widget\" data-settings=\"{&quot;_animation&quot;:&quot;fadeIn&quot;}\" data-widget_type=\"heading.default\">\n\t\t\t\t<div class=\"elementor-widget-container\">\n\t\t\t\t\t<h2 class=\"elementor-heading-title elementor-size-default\">INHALT NICHT ZUG\u00c4NGLICH<\/h2>\t\t\t\t<\/div>\n\t\t\t\t<\/div>\n\t\t\t\t<div class=\"elementor-element elementor-element-41dc0414 elementor-widget elementor-widget-text-editor\" data-id=\"41dc0414\" data-element_type=\"widget\" data-widget_type=\"text-editor.default\">\n\t\t\t\t<div class=\"elementor-widget-container\">\n\t\t\t\t\t\t\t\t\t<p><span style=\"color: var( --e-global-color-text ); font-family: var( --e-global-typography-text-font-family ), Sans-serif; font-size: var( --e-global-typography-text-font-size ); font-weight: var( --e-global-typography-text-font-weight );\">Der unten gesammelte Inhalt ist aus folgenden Gr\u00fcnden nicht zug\u00e4nglich:<\/span><\/p><h3 style=\"padding-left: 40px;\">Mangelhafte Einhaltung der RD 1112\/2018<\/h3><p style=\"padding-left: 40px;\">M\u00f6glicherweise werden nach dem 20. September 2018 Office-Dokumente im PDF-Format und in anderen Formaten ver\u00f6ffentlicht, die den Barrierefreiheitsanforderungen nicht vollst\u00e4ndig entsprechen. Zur Formalisierung von Beschwerden und R\u00fcckfragen k\u00f6nnen \u00fcber das Kontaktformular vollst\u00e4ndig zug\u00e4ngliche Dokumente angefordert werden.<\/p><p style=\"padding-left: 40px;\">Auf einigen Webseiten k\u00f6nnen bestimmte Bearbeitungscodefehler auftreten. [4.1.1 Verarbeitung]<\/p><h3 style=\"padding-left: 40px;\">Der Inhalt f\u00e4llt nicht in den Geltungsbereich der geltenden Gesetzgebung<\/h3><p style=\"padding-left: 40px;\">M\u00f6glicherweise wurden vor dem 20. September 2018 Office-Dateien im PDF-Format oder in anderen Formaten ver\u00f6ffentlicht, die nicht alle Barrierefreiheitsanforderungen vollst\u00e4ndig erf\u00fcllen. Allerdings wurden Anstrengungen unternommen, um sicherzustellen, dass die meisten von ihnen die Vorschriften einhalten.<\/p>\t\t\t\t\t\t\t\t<\/div>\n\t\t\t\t<\/div>\n\t\t\t\t<div class=\"elementor-element elementor-element-320679a6 elementor-invisible elementor-widget elementor-widget-heading\" data-id=\"320679a6\" data-element_type=\"widget\" data-settings=\"{&quot;_animation&quot;:&quot;fadeIn&quot;}\" data-widget_type=\"heading.default\">\n\t\t\t\t<div class=\"elementor-widget-container\">\n\t\t\t\t\t<h2 class=\"elementor-heading-title elementor-size-default\">OPTIONALE INHALTE<\/h2>\t\t\t\t<\/div>\n\t\t\t\t<\/div>\n\t\t\t\t<div class=\"elementor-element elementor-element-acf888d elementor-widget elementor-widget-text-editor\" data-id=\"acf888d\" data-element_type=\"widget\" data-widget_type=\"text-editor.default\">\n\t\t\t\t<div class=\"elementor-widget-container\">\n\t\t\t\t\t\t\t\t\t<p><span style=\"color: var( --e-global-color-text ); font-family: var( --e-global-typography-text-font-family ), Sans-serif; font-size: var( --e-global-typography-text-font-size ); font-weight: var( --e-global-typography-text-font-weight );\">Diese Website ist so konzipiert, dass die Textgr\u00f6\u00dfe und -farbe sowie der Seitenhintergrund mithilfe der Standardbrowsereinstellungen ge\u00e4ndert werden k\u00f6nnen.<\/span><\/p>\n<p>Wenn Sie die Schriftgr\u00f6\u00dfe des Textes in den wichtigsten grafischen Browsern \u00e4ndern m\u00f6chten, verwenden Sie die folgenden Men\u00fcs:<\/p>\n<ul>\n<li>Internet Explorer, Mozilla und Firefox: Ansicht &gt; Textgr\u00f6\u00dfe<\/li>\n<li>Opera: Ansicht &gt; Zoom<\/li>\n<li>Safari: Ansicht &gt; Text vergr\u00f6\u00dfern<\/li>\n<li>Chrome: Aktuelle Seite steuern &gt; Textgr\u00f6\u00dfe So \u00e4ndern Sie die Gr\u00f6\u00dfe aller Elemente auf der Seite:<\/li>\n<li>Strg + +, um es zu erh\u00f6hen<\/li><li>Strg + \u2013 um es zu verringern<\/li><li>Strg + 0 stellt die urspr\u00fcngliche Textgr\u00f6\u00dfe wieder her<\/li><li>Wenn Sie das Stylesheet \u00fcberschreiben oder die Textfarbe \u00e4ndern m\u00f6chten, k\u00f6nnen Sie die Seite konsultieren <span lang=\"en\" style=\"background-color: transparent; color: var( --e-global-color-text ); font-family: var( --e-global-typography-text-font-family ), Sans-serif; font-weight: var( --e-global-typography-text-font-weight );\">So \u00e4ndern Sie die WAI-Textgr\u00f6\u00dfe oder -Farben<\/span><span style=\"background-color: transparent; color: var( --e-global-color-text ); font-family: var( --e-global-typography-text-font-family ), Sans-serif; font-weight: var( --e-global-typography-text-font-weight );\">, das ins Spanische \u00fcbersetzt unter Wie \u00e4ndere ich die Textgr\u00f6\u00dfe oder -farben? lesen kann.<\/span><\/li>\n<\/ul>\t\t\t\t\t\t\t\t<\/div>\n\t\t\t\t<\/div>\n\t\t\t\t<div class=\"elementor-element elementor-element-45288629 elementor-invisible elementor-widget elementor-widget-heading\" data-id=\"45288629\" data-element_type=\"widget\" data-settings=\"{&quot;_animation&quot;:&quot;fadeIn&quot;}\" data-widget_type=\"heading.default\">\n\t\t\t\t<div class=\"elementor-widget-container\">\n\t\t\t\t\t<h2 class=\"elementor-heading-title elementor-size-default\">Barrierefreiheitsfunktionen auf unserer Website<\/h2>\t\t\t\t<\/div>\n\t\t\t\t<\/div>\n\t\t\t\t<div class=\"elementor-element elementor-element-50b759b8 elementor-widget elementor-widget-text-editor\" data-id=\"50b759b8\" data-element_type=\"widget\" data-widget_type=\"text-editor.default\">\n\t\t\t\t<div class=\"elementor-widget-container\">\n\t\t\t\t\t\t\t\t\t<div><span style=\"color: var( --e-global-color-text ); font-family: var( --e-global-typography-text-font-family ), Sans-serif; font-size: var( --e-global-typography-text-font-size ); font-weight: var( --e-global-typography-text-font-weight );\">\u00dcber das \u201eOne Click Accessibility\u201c-Plugin haben wir die folgenden Tools integriert, um die Barrierefreiheit zu verbessern:<\/span><\/div><ul><li>Schriftgr\u00f6\u00dfe \u00e4ndern (vergr\u00f6\u00dfern\/verkleinern)<\/li><li>Graustufen<\/li><li>negativer Kontrast<\/li><li>Hoher Kontrast<\/li><li>heller Hintergrund<\/li><li>Link-Unterstreichung<\/li><li>menschenlesbare Schriftart<\/li><li>Link zur Sitemap\/Kommentare\/Hilfeseiten<\/li><li>Aktivieren Sie \u201eZum Inhalt springen\u201c.<\/li><li>F\u00fcgen Sie den Umrissfokus f\u00fcr fokussierbare Elemente hinzu<\/li><li>Zielattribut aus Links entfernen<\/li><li>F\u00fcgen Sie allen Links Referenzrollen hinzu<\/li><li>Customizer zur Stilanpassung<\/li><\/ul>\t\t\t\t\t\t\t\t<\/div>\n\t\t\t\t<\/div>\n\t\t\t\t<div class=\"elementor-element elementor-element-336d7d43 elementor-invisible elementor-widget elementor-widget-heading\" data-id=\"336d7d43\" data-element_type=\"widget\" data-settings=\"{&quot;_animation&quot;:&quot;fadeIn&quot;}\" data-widget_type=\"heading.default\">\n\t\t\t\t<div class=\"elementor-widget-container\">\n\t\t\t\t\t<h2 class=\"elementor-heading-title elementor-size-default\">WO WIR UNS VERBESSERN<\/h2>\t\t\t\t<\/div>\n\t\t\t\t<\/div>\n\t\t\t\t<div class=\"elementor-element elementor-element-36bf18e9 elementor-widget elementor-widget-text-editor\" data-id=\"36bf18e9\" data-element_type=\"widget\" data-widget_type=\"text-editor.default\">\n\t\t\t\t<div class=\"elementor-widget-container\">\n\t\t\t\t\t\t\t\t\t<div><span style=\"color: var( --e-global-color-text ); font-family: var( --e-global-typography-text-font-family ), Sans-serif; font-size: var( --e-global-typography-text-font-size ); font-weight: var( --e-global-typography-text-font-weight );\">Dies ist Teil unserer umfassenderen Bem\u00fchungen, die Erfahrung bei IMPRENTA GOYMAR, SL f\u00fcr alle einladend und angenehm zu gestalten. Bitte beachten Sie, dass wir zwar alle Anstrengungen unternehmen, um Informationen f\u00fcr alle Benutzer zug\u00e4nglich zu machen, wir jedoch die Zug\u00e4nglichkeit von Websites Dritter, auf die wir m\u00f6glicherweise verlinken, nicht garantieren k\u00f6nnen.<\/span><\/div>\t\t\t\t\t\t\t\t<\/div>\n\t\t\t\t<\/div>\n\t\t\t\t<div class=\"elementor-element elementor-element-298035d elementor-invisible elementor-widget elementor-widget-heading\" data-id=\"298035d\" data-element_type=\"widget\" data-settings=\"{&quot;_animation&quot;:&quot;fadeIn&quot;}\" data-widget_type=\"heading.default\">\n\t\t\t\t<div class=\"elementor-widget-container\">\n\t\t\t\t\t<h2 class=\"elementor-heading-title elementor-size-default\">KONTAKT ZUM SUPPORT ZUR Barrierefreiheit<\/h2>\t\t\t\t<\/div>\n\t\t\t\t<\/div>\n\t\t\t\t<div class=\"elementor-element elementor-element-54fce10 elementor-widget elementor-widget-text-editor\" data-id=\"54fce10\" data-element_type=\"widget\" data-widget_type=\"text-editor.default\">\n\t\t\t\t<div class=\"elementor-widget-container\">\n\t\t\t\t\t\t\t\t\t<div><span style=\"color: var( --e-global-color-text ); font-family: var( --e-global-typography-text-font-family ), Sans-serif; font-size: var( --e-global-typography-text-font-size ); font-weight: var( --e-global-typography-text-font-weight );\">Damos la bienvenida a comentarios, preguntas y comentarios sobre nuestro sitio web. Si est\u00e1 utilizando tecnolog\u00edas de asistencia y tiene dificultades para usar nuestro sitio web, env\u00ede un correo electr\u00f3nico a info@imprentagoymar.com. Haremos todo lo posible para ayudar y resolver los problemas.<\/span><\/div>\t\t\t\t\t\t\t\t<\/div>\n\t\t\t\t<\/div>\n\t\t\t\t\t<\/div>\n\t\t<\/div>\n\t\t\t\t\t<\/div>\n\t\t<\/section>\n\t\t\t\t<section class=\"elementor-section elementor-top-section elementor-element elementor-element-51b1eae elementor-section-boxed elementor-section-height-default elementor-section-height-default\" data-id=\"51b1eae\" data-element_type=\"section\">\n\t\t\t\t\t\t<div class=\"elementor-container elementor-column-gap-default\">\n\t\t\t\t\t<div class=\"elementor-column elementor-col-100 elementor-top-column elementor-element elementor-element-5d637e40\" data-id=\"5d637e40\" data-element_type=\"column\">\n\t\t\t<div class=\"elementor-widget-wrap elementor-element-populated\">\n\t\t\t\t\t\t<div class=\"elementor-element elementor-element-7c5a11a8 elementor-align-center elementor-widget elementor-widget-button\" data-id=\"7c5a11a8\" data-element_type=\"widget\" data-widget_type=\"button.default\">\n\t\t\t\t<div class=\"elementor-widget-container\">\n\t\t\t\t\t\t\t\t\t<div class=\"elementor-button-wrapper\">\n\t\t\t\t\t<a class=\"elementor-button elementor-button-link elementor-size-md elementor-animation-grow\" href=\"https:\/\/www.imprentagoymar.es\/de\/kontakt-2\/\">\n\t\t\t\t\t\t<span class=\"elementor-button-content-wrapper\">\n\t\t\t\t\t\t\t\t\t<span class=\"elementor-button-text\">Frage nach mehr Informationen<\/span>\n\t\t\t\t\t<\/span>\n\t\t\t\t\t<\/a>\n\t\t\t\t<\/div>\n\t\t\t\t\t\t\t\t<\/div>\n\t\t\t\t<\/div>\n\t\t\t\t\t<\/div>\n\t\t<\/div>\n\t\t\t\t\t<\/div>\n\t\t<\/section>\n\t\t\t\t<\/div>","protected":false},"excerpt":{"rendered":"<p>ACCESIBILIDAD Declaraci\u00f3n responsable de accesibilidad de este sitio web en cumplimiento con la normativa vigente se ha comprometido a proporcionar una experiencia de sitio web totalmente accesible para todos los usuarios, incluidos aquellos que dependen de tecnolog\u00edas de asistencia como lectores de pantalla, software de ampliaci\u00f3n de pantalla y dispositivos de entrada de teclado alternativos [&hellip;]<\/p>","protected":false},"author":5,"featured_media":1321,"parent":0,"menu_order":13,"comment_status":"closed","ping_status":"closed","template":"elementor_header_footer","meta":{"_joinchat":[],"footnotes":""},"class_list":["post-1318","page","type-page","status-publish","has-post-thumbnail","hentry"],"acf":[],"yoast_head":"<!-- This site is optimized with the Yoast SEO plugin v24.4 - https:\/\/yoast.com\/wordpress\/plugins\/seo\/ -->\n<title>Accesibilidad | Imprenta Goymar<\/title>\n<meta name=\"robots\" content=\"index, follow, max-snippet:-1, max-image-preview:large, max-video-preview:-1\" \/>\n<link rel=\"canonical\" href=\"https:\/\/www.imprentagoymar.es\/de\/zuganglichkeit-2\/\" \/>\n<meta property=\"og:locale\" content=\"de_DE\" \/>\n<meta property=\"og:type\" content=\"article\" \/>\n<meta property=\"og:title\" content=\"Accesibilidad | Imprenta Goymar\" \/>\n<meta property=\"og:description\" content=\"ACCESIBILIDAD Declaraci\u00f3n responsable de accesibilidad de este sitio web en cumplimiento con la normativa vigente se ha comprometido a proporcionar una experiencia de sitio web totalmente accesible para todos los usuarios, incluidos aquellos que dependen de tecnolog\u00edas de asistencia como lectores de pantalla, software de ampliaci\u00f3n de pantalla y dispositivos de entrada de teclado alternativos [&hellip;]\" \/>\n<meta property=\"og:url\" content=\"https:\/\/www.imprentagoymar.es\/de\/zuganglichkeit-2\/\" \/>\n<meta property=\"og:site_name\" content=\"Imprenta Goymar\" \/>\n<meta property=\"article:modified_time\" content=\"2023-11-15T11:26:16+00:00\" \/>\n<meta property=\"og:image\" content=\"https:\/\/www.imprentagoymar.es\/wp-content\/uploads\/2023\/11\/accesibilidad-1.jpg\" \/>\n\t<meta property=\"og:image:width\" content=\"1700\" \/>\n\t<meta property=\"og:image:height\" content=\"590\" \/>\n\t<meta property=\"og:image:type\" content=\"image\/jpeg\" \/>\n<meta name=\"twitter:card\" content=\"summary_large_image\" \/>\n<script type=\"application\/ld+json\" class=\"yoast-schema-graph\">{\"@context\":\"https:\/\/schema.org\",\"@graph\":[{\"@type\":\"WebPage\",\"@id\":\"https:\/\/www.imprentagoymar.es\/accesibilidad-2\/\",\"url\":\"https:\/\/www.imprentagoymar.es\/accesibilidad-2\/\",\"name\":\"Accesibilidad | Imprenta Goymar\",\"isPartOf\":{\"@id\":\"https:\/\/www.imprentagoymar.es\/#website\"},\"primaryImageOfPage\":{\"@id\":\"https:\/\/www.imprentagoymar.es\/accesibilidad-2\/#primaryimage\"},\"image\":{\"@id\":\"https:\/\/www.imprentagoymar.es\/accesibilidad-2\/#primaryimage\"},\"thumbnailUrl\":\"https:\/\/www.imprentagoymar.es\/wp-content\/uploads\/2023\/11\/accesibilidad-1.jpg\",\"datePublished\":\"2023-11-08T18:00:42+00:00\",\"dateModified\":\"2023-11-15T11:26:16+00:00\",\"breadcrumb\":{\"@id\":\"https:\/\/www.imprentagoymar.es\/accesibilidad-2\/#breadcrumb\"},\"inLanguage\":\"de\",\"potentialAction\":[{\"@type\":\"ReadAction\",\"target\":[\"https:\/\/www.imprentagoymar.es\/accesibilidad-2\/\"]}]},{\"@type\":\"ImageObject\",\"inLanguage\":\"de\",\"@id\":\"https:\/\/www.imprentagoymar.es\/accesibilidad-2\/#primaryimage\",\"url\":\"https:\/\/www.imprentagoymar.es\/wp-content\/uploads\/2023\/11\/accesibilidad-1.jpg\",\"contentUrl\":\"https:\/\/www.imprentagoymar.es\/wp-content\/uploads\/2023\/11\/accesibilidad-1.jpg\",\"width\":1700,\"height\":590},{\"@type\":\"BreadcrumbList\",\"@id\":\"https:\/\/www.imprentagoymar.es\/accesibilidad-2\/#breadcrumb\",\"itemListElement\":[{\"@type\":\"ListItem\",\"position\":1,\"name\":\"Inicio\",\"item\":\"https:\/\/www.imprentagoymar.es\/\"},{\"@type\":\"ListItem\",\"position\":2,\"name\":\"Accesibilidad\"}]},{\"@type\":\"WebSite\",\"@id\":\"https:\/\/www.imprentagoymar.es\/#website\",\"url\":\"https:\/\/www.imprentagoymar.es\/\",\"name\":\"Imprenta Goymar\",\"description\":\"Tu imprenta de confianza en Oviedo\",\"publisher\":{\"@id\":\"https:\/\/www.imprentagoymar.es\/#organization\"},\"potentialAction\":[{\"@type\":\"SearchAction\",\"target\":{\"@type\":\"EntryPoint\",\"urlTemplate\":\"https:\/\/www.imprentagoymar.es\/?s={search_term_string}\"},\"query-input\":{\"@type\":\"PropertyValueSpecification\",\"valueRequired\":true,\"valueName\":\"search_term_string\"}}],\"inLanguage\":\"de\"},{\"@type\":\"Organization\",\"@id\":\"https:\/\/www.imprentagoymar.es\/#organization\",\"name\":\"Imprenta Goymar\",\"url\":\"https:\/\/www.imprentagoymar.es\/\",\"logo\":{\"@type\":\"ImageObject\",\"inLanguage\":\"de\",\"@id\":\"https:\/\/www.imprentagoymar.es\/#\/schema\/logo\/image\/\",\"url\":\"https:\/\/www.imprentagoymar.es\/wp-content\/uploads\/2023\/11\/logogoymar.svg\",\"contentUrl\":\"https:\/\/www.imprentagoymar.es\/wp-content\/uploads\/2023\/11\/logogoymar.svg\",\"width\":368,\"height\":368,\"caption\":\"Imprenta Goymar\"},\"image\":{\"@id\":\"https:\/\/www.imprentagoymar.es\/#\/schema\/logo\/image\/\"}}]}<\/script>\n<!-- \/ Yoast SEO plugin. -->","yoast_head_json":{"title":"Accesibilidad | Imprenta Goymar","robots":{"index":"index","follow":"follow","max-snippet":"max-snippet:-1","max-image-preview":"max-image-preview:large","max-video-preview":"max-video-preview:-1"},"canonical":"https:\/\/www.imprentagoymar.es\/de\/zuganglichkeit-2\/","og_locale":"de_DE","og_type":"article","og_title":"Accesibilidad | Imprenta Goymar","og_description":"ACCESIBILIDAD Declaraci\u00f3n responsable de accesibilidad de este sitio web en cumplimiento con la normativa vigente se ha comprometido a proporcionar una experiencia de sitio web totalmente accesible para todos los usuarios, incluidos aquellos que dependen de tecnolog\u00edas de asistencia como lectores de pantalla, software de ampliaci\u00f3n de pantalla y dispositivos de entrada de teclado alternativos [&hellip;]","og_url":"https:\/\/www.imprentagoymar.es\/de\/zuganglichkeit-2\/","og_site_name":"Imprenta Goymar","article_modified_time":"2023-11-15T11:26:16+00:00","og_image":[{"width":1700,"height":590,"url":"https:\/\/www.imprentagoymar.es\/wp-content\/uploads\/2023\/11\/accesibilidad-1.jpg","type":"image\/jpeg"}],"twitter_card":"summary_large_image","schema":{"@context":"https:\/\/schema.org","@graph":[{"@type":"WebPage","@id":"https:\/\/www.imprentagoymar.es\/accesibilidad-2\/","url":"https:\/\/www.imprentagoymar.es\/accesibilidad-2\/","name":"Accesibilidad | Imprenta Goymar","isPartOf":{"@id":"https:\/\/www.imprentagoymar.es\/#website"},"primaryImageOfPage":{"@id":"https:\/\/www.imprentagoymar.es\/accesibilidad-2\/#primaryimage"},"image":{"@id":"https:\/\/www.imprentagoymar.es\/accesibilidad-2\/#primaryimage"},"thumbnailUrl":"https:\/\/www.imprentagoymar.es\/wp-content\/uploads\/2023\/11\/accesibilidad-1.jpg","datePublished":"2023-11-08T18:00:42+00:00","dateModified":"2023-11-15T11:26:16+00:00","breadcrumb":{"@id":"https:\/\/www.imprentagoymar.es\/accesibilidad-2\/#breadcrumb"},"inLanguage":"de","potentialAction":[{"@type":"ReadAction","target":["https:\/\/www.imprentagoymar.es\/accesibilidad-2\/"]}]},{"@type":"ImageObject","inLanguage":"de","@id":"https:\/\/www.imprentagoymar.es\/accesibilidad-2\/#primaryimage","url":"https:\/\/www.imprentagoymar.es\/wp-content\/uploads\/2023\/11\/accesibilidad-1.jpg","contentUrl":"https:\/\/www.imprentagoymar.es\/wp-content\/uploads\/2023\/11\/accesibilidad-1.jpg","width":1700,"height":590},{"@type":"BreadcrumbList","@id":"https:\/\/www.imprentagoymar.es\/accesibilidad-2\/#breadcrumb","itemListElement":[{"@type":"ListItem","position":1,"name":"Inicio","item":"https:\/\/www.imprentagoymar.es\/"},{"@type":"ListItem","position":2,"name":"Accesibilidad"}]},{"@type":"WebSite","@id":"https:\/\/www.imprentagoymar.es\/#website","url":"https:\/\/www.imprentagoymar.es\/","name":"Imprenta Goymar","description":"Tu imprenta de confianza en Oviedo","publisher":{"@id":"https:\/\/www.imprentagoymar.es\/#organization"},"potentialAction":[{"@type":"SearchAction","target":{"@type":"EntryPoint","urlTemplate":"https:\/\/www.imprentagoymar.es\/?s={search_term_string}"},"query-input":{"@type":"PropertyValueSpecification","valueRequired":true,"valueName":"search_term_string"}}],"inLanguage":"de"},{"@type":"Organization","@id":"https:\/\/www.imprentagoymar.es\/#organization","name":"Imprenta Goymar","url":"https:\/\/www.imprentagoymar.es\/","logo":{"@type":"ImageObject","inLanguage":"de","@id":"https:\/\/www.imprentagoymar.es\/#\/schema\/logo\/image\/","url":"https:\/\/www.imprentagoymar.es\/wp-content\/uploads\/2023\/11\/logogoymar.svg","contentUrl":"https:\/\/www.imprentagoymar.es\/wp-content\/uploads\/2023\/11\/logogoymar.svg","width":368,"height":368,"caption":"Imprenta Goymar"},"image":{"@id":"https:\/\/www.imprentagoymar.es\/#\/schema\/logo\/image\/"}}]}},"_links":{"self":[{"href":"https:\/\/www.imprentagoymar.es\/de\/wp-json\/wp\/v2\/pages\/1318","targetHints":{"allow":["GET"]}}],"collection":[{"href":"https:\/\/www.imprentagoymar.es\/de\/wp-json\/wp\/v2\/pages"}],"about":[{"href":"https:\/\/www.imprentagoymar.es\/de\/wp-json\/wp\/v2\/types\/page"}],"author":[{"embeddable":true,"href":"https:\/\/www.imprentagoymar.es\/de\/wp-json\/wp\/v2\/users\/5"}],"replies":[{"embeddable":true,"href":"https:\/\/www.imprentagoymar.es\/de\/wp-json\/wp\/v2\/comments?post=1318"}],"version-history":[{"count":4,"href":"https:\/\/www.imprentagoymar.es\/de\/wp-json\/wp\/v2\/pages\/1318\/revisions"}],"predecessor-version":[{"id":1389,"href":"https:\/\/www.imprentagoymar.es\/de\/wp-json\/wp\/v2\/pages\/1318\/revisions\/1389"}],"wp:featuredmedia":[{"embeddable":true,"href":"https:\/\/www.imprentagoymar.es\/de\/wp-json\/wp\/v2\/media\/1321"}],"wp:attachment":[{"href":"https:\/\/www.imprentagoymar.es\/de\/wp-json\/wp\/v2\/media?parent=1318"}],"curies":[{"name":"wp","href":"https:\/\/api.w.org\/{rel}","templated":true}]}}