{"id":1439,"date":"2024-01-15T20:46:33","date_gmt":"2024-01-15T19:46:33","guid":{"rendered":"https:\/\/www.imprentagoymar.es\/?post_type=product&#038;p=1439"},"modified":"2024-01-16T18:46:25","modified_gmt":"2024-01-16T17:46:25","slug":"diptico-a4","status":"publish","type":"product","link":"https:\/\/www.imprentagoymar.es\/de\/produkt\/diptychon-a4\/","title":{"rendered":"A4 Diptychon"},"content":{"rendered":"<p>Gr\u00f6\u00dfe A4 offen A5 geschlossen Vollfarbdruck auf 135 g Beschichtung.<\/p>","protected":false},"excerpt":{"rendered":"<p>Gr\u00f6\u00dfe A4 offen A5 geschlossen Vollfarbdruck auf 135 g Beschichtung.<\/p>","protected":false},"featured_media":1578,"template":"","meta":{"_joinchat":[]},"product_brand":[],"product_cat":[46],"product_tag":[],"class_list":{"0":"post-1439","1":"product","2":"type-product","3":"status-publish","4":"has-post-thumbnail","6":"product_cat-uncategorized","8":"first","9":"instock","10":"taxable","11":"shipping-taxable","12":"purchasable","13":"product-type-variable"},"acf":[],"yoast_head":"<!-- This site is optimized with the Yoast SEO plugin v24.4 - https:\/\/yoast.com\/wordpress\/plugins\/seo\/ -->\n<title>D\u00edptico A4 | Imprenta Goymar<\/title>\n<meta name=\"robots\" content=\"index, follow, max-snippet:-1, max-image-preview:large, max-video-preview:-1\" \/>\n<link rel=\"canonical\" href=\"https:\/\/www.imprentagoymar.es\/de\/produkt\/diptychon-a4\/\" \/>\n<meta property=\"og:locale\" content=\"de_DE\" \/>\n<meta property=\"og:type\" content=\"article\" \/>\n<meta property=\"og:title\" content=\"D\u00edptico A4 | Imprenta Goymar\" \/>\n<meta property=\"og:description\" content=\"Tama\u00f1o A4 abierto A5 cerrado Impresi\u00f3n todo color en estucado de 135 gr.\" \/>\n<meta property=\"og:url\" content=\"https:\/\/www.imprentagoymar.es\/de\/produkt\/diptychon-a4\/\" \/>\n<meta property=\"og:site_name\" content=\"Imprenta Goymar\" \/>\n<meta property=\"article:modified_time\" content=\"2024-01-16T17:46:25+00:00\" \/>\n<meta property=\"og:image\" content=\"https:\/\/www.imprentagoymar.es\/wp-content\/uploads\/2024\/01\/diptico-a5.jpg\" \/>\n\t<meta property=\"og:image:width\" content=\"740\" \/>\n\t<meta property=\"og:image:height\" content=\"740\" \/>\n\t<meta property=\"og:image:type\" content=\"image\/jpeg\" \/>\n<meta name=\"twitter:card\" content=\"summary_large_image\" \/>\n<script type=\"application\/ld+json\" class=\"yoast-schema-graph\">{\"@context\":\"https:\/\/schema.org\",\"@graph\":[{\"@type\":\"WebPage\",\"@id\":\"https:\/\/www.imprentagoymar.es\/producto\/diptico-a4\/\",\"url\":\"https:\/\/www.imprentagoymar.es\/producto\/diptico-a4\/\",\"name\":\"D\u00edptico A4 | Imprenta Goymar\",\"isPartOf\":{\"@id\":\"https:\/\/www.imprentagoymar.es\/#website\"},\"primaryImageOfPage\":{\"@id\":\"https:\/\/www.imprentagoymar.es\/producto\/diptico-a4\/#primaryimage\"},\"image\":{\"@id\":\"https:\/\/www.imprentagoymar.es\/producto\/diptico-a4\/#primaryimage\"},\"thumbnailUrl\":\"https:\/\/www.imprentagoymar.es\/wp-content\/uploads\/2024\/01\/diptico-a5.jpg\",\"datePublished\":\"2024-01-15T19:46:33+00:00\",\"dateModified\":\"2024-01-16T17:46:25+00:00\",\"breadcrumb\":{\"@id\":\"https:\/\/www.imprentagoymar.es\/producto\/diptico-a4\/#breadcrumb\"},\"inLanguage\":\"de\",\"potentialAction\":[{\"@type\":\"ReadAction\",\"target\":[\"https:\/\/www.imprentagoymar.es\/producto\/diptico-a4\/\"]}]},{\"@type\":\"ImageObject\",\"inLanguage\":\"de\",\"@id\":\"https:\/\/www.imprentagoymar.es\/producto\/diptico-a4\/#primaryimage\",\"url\":\"https:\/\/www.imprentagoymar.es\/wp-content\/uploads\/2024\/01\/diptico-a5.jpg\",\"contentUrl\":\"https:\/\/www.imprentagoymar.es\/wp-content\/uploads\/2024\/01\/diptico-a5.jpg\",\"width\":740,\"height\":740},{\"@type\":\"BreadcrumbList\",\"@id\":\"https:\/\/www.imprentagoymar.es\/producto\/diptico-a4\/#breadcrumb\",\"itemListElement\":[{\"@type\":\"ListItem\",\"position\":1,\"name\":\"Inicio\",\"item\":\"https:\/\/www.imprentagoymar.es\/\"},{\"@type\":\"ListItem\",\"position\":2,\"name\":\"Tienda\",\"item\":\"https:\/\/www.imprentagoymar.es\/tienda\/\"},{\"@type\":\"ListItem\",\"position\":3,\"name\":\"D\u00edptico A4\"}]},{\"@type\":\"WebSite\",\"@id\":\"https:\/\/www.imprentagoymar.es\/#website\",\"url\":\"https:\/\/www.imprentagoymar.es\/\",\"name\":\"Imprenta Goymar\",\"description\":\"Tu imprenta de confianza en Oviedo\",\"publisher\":{\"@id\":\"https:\/\/www.imprentagoymar.es\/#organization\"},\"potentialAction\":[{\"@type\":\"SearchAction\",\"target\":{\"@type\":\"EntryPoint\",\"urlTemplate\":\"https:\/\/www.imprentagoymar.es\/?s={search_term_string}\"},\"query-input\":{\"@type\":\"PropertyValueSpecification\",\"valueRequired\":true,\"valueName\":\"search_term_string\"}}],\"inLanguage\":\"de\"},{\"@type\":\"Organization\",\"@id\":\"https:\/\/www.imprentagoymar.es\/#organization\",\"name\":\"Imprenta Goymar\",\"url\":\"https:\/\/www.imprentagoymar.es\/\",\"logo\":{\"@type\":\"ImageObject\",\"inLanguage\":\"de\",\"@id\":\"https:\/\/www.imprentagoymar.es\/#\/schema\/logo\/image\/\",\"url\":\"https:\/\/www.imprentagoymar.es\/wp-content\/uploads\/2023\/11\/logogoymar.svg\",\"contentUrl\":\"https:\/\/www.imprentagoymar.es\/wp-content\/uploads\/2023\/11\/logogoymar.svg\",\"width\":368,\"height\":368,\"caption\":\"Imprenta Goymar\"},\"image\":{\"@id\":\"https:\/\/www.imprentagoymar.es\/#\/schema\/logo\/image\/\"}}]}<\/script>\n<!-- \/ Yoast SEO plugin. -->","yoast_head_json":{"title":"D\u00edptico A4 | Imprenta Goymar","robots":{"index":"index","follow":"follow","max-snippet":"max-snippet:-1","max-image-preview":"max-image-preview:large","max-video-preview":"max-video-preview:-1"},"canonical":"https:\/\/www.imprentagoymar.es\/de\/produkt\/diptychon-a4\/","og_locale":"de_DE","og_type":"article","og_title":"D\u00edptico A4 | Imprenta Goymar","og_description":"Tama\u00f1o A4 abierto A5 cerrado Impresi\u00f3n todo color en estucado de 135 gr.","og_url":"https:\/\/www.imprentagoymar.es\/de\/produkt\/diptychon-a4\/","og_site_name":"Imprenta Goymar","article_modified_time":"2024-01-16T17:46:25+00:00","og_image":[{"width":740,"height":740,"url":"https:\/\/www.imprentagoymar.es\/wp-content\/uploads\/2024\/01\/diptico-a5.jpg","type":"image\/jpeg"}],"twitter_card":"summary_large_image","schema":{"@context":"https:\/\/schema.org","@graph":[{"@type":"WebPage","@id":"https:\/\/www.imprentagoymar.es\/producto\/diptico-a4\/","url":"https:\/\/www.imprentagoymar.es\/producto\/diptico-a4\/","name":"D\u00edptico A4 | Imprenta Goymar","isPartOf":{"@id":"https:\/\/www.imprentagoymar.es\/#website"},"primaryImageOfPage":{"@id":"https:\/\/www.imprentagoymar.es\/producto\/diptico-a4\/#primaryimage"},"image":{"@id":"https:\/\/www.imprentagoymar.es\/producto\/diptico-a4\/#primaryimage"},"thumbnailUrl":"https:\/\/www.imprentagoymar.es\/wp-content\/uploads\/2024\/01\/diptico-a5.jpg","datePublished":"2024-01-15T19:46:33+00:00","dateModified":"2024-01-16T17:46:25+00:00","breadcrumb":{"@id":"https:\/\/www.imprentagoymar.es\/producto\/diptico-a4\/#breadcrumb"},"inLanguage":"de","potentialAction":[{"@type":"ReadAction","target":["https:\/\/www.imprentagoymar.es\/producto\/diptico-a4\/"]}]},{"@type":"ImageObject","inLanguage":"de","@id":"https:\/\/www.imprentagoymar.es\/producto\/diptico-a4\/#primaryimage","url":"https:\/\/www.imprentagoymar.es\/wp-content\/uploads\/2024\/01\/diptico-a5.jpg","contentUrl":"https:\/\/www.imprentagoymar.es\/wp-content\/uploads\/2024\/01\/diptico-a5.jpg","width":740,"height":740},{"@type":"BreadcrumbList","@id":"https:\/\/www.imprentagoymar.es\/producto\/diptico-a4\/#breadcrumb","itemListElement":[{"@type":"ListItem","position":1,"name":"Inicio","item":"https:\/\/www.imprentagoymar.es\/"},{"@type":"ListItem","position":2,"name":"Tienda","item":"https:\/\/www.imprentagoymar.es\/tienda\/"},{"@type":"ListItem","position":3,"name":"D\u00edptico A4"}]},{"@type":"WebSite","@id":"https:\/\/www.imprentagoymar.es\/#website","url":"https:\/\/www.imprentagoymar.es\/","name":"Imprenta Goymar","description":"Tu imprenta de confianza en Oviedo","publisher":{"@id":"https:\/\/www.imprentagoymar.es\/#organization"},"potentialAction":[{"@type":"SearchAction","target":{"@type":"EntryPoint","urlTemplate":"https:\/\/www.imprentagoymar.es\/?s={search_term_string}"},"query-input":{"@type":"PropertyValueSpecification","valueRequired":true,"valueName":"search_term_string"}}],"inLanguage":"de"},{"@type":"Organization","@id":"https:\/\/www.imprentagoymar.es\/#organization","name":"Imprenta Goymar","url":"https:\/\/www.imprentagoymar.es\/","logo":{"@type":"ImageObject","inLanguage":"de","@id":"https:\/\/www.imprentagoymar.es\/#\/schema\/logo\/image\/","url":"https:\/\/www.imprentagoymar.es\/wp-content\/uploads\/2023\/11\/logogoymar.svg","contentUrl":"https:\/\/www.imprentagoymar.es\/wp-content\/uploads\/2023\/11\/logogoymar.svg","width":368,"height":368,"caption":"Imprenta Goymar"},"image":{"@id":"https:\/\/www.imprentagoymar.es\/#\/schema\/logo\/image\/"}}]}},"_links":{"self":[{"href":"https:\/\/www.imprentagoymar.es\/de\/wp-json\/wp\/v2\/product\/1439","targetHints":{"allow":["GET"]}}],"collection":[{"href":"https:\/\/www.imprentagoymar.es\/de\/wp-json\/wp\/v2\/product"}],"about":[{"href":"https:\/\/www.imprentagoymar.es\/de\/wp-json\/wp\/v2\/types\/product"}],"wp:featuredmedia":[{"embeddable":true,"href":"https:\/\/www.imprentagoymar.es\/de\/wp-json\/wp\/v2\/media\/1578"}],"wp:attachment":[{"href":"https:\/\/www.imprentagoymar.es\/de\/wp-json\/wp\/v2\/media?parent=1439"}],"wp:term":[{"taxonomy":"product_brand","embeddable":true,"href":"https:\/\/www.imprentagoymar.es\/de\/wp-json\/wp\/v2\/product_brand?post=1439"},{"taxonomy":"product_cat","embeddable":true,"href":"https:\/\/www.imprentagoymar.es\/de\/wp-json\/wp\/v2\/product_cat?post=1439"},{"taxonomy":"product_tag","embeddable":true,"href":"https:\/\/www.imprentagoymar.es\/de\/wp-json\/wp\/v2\/product_tag?post=1439"}],"curies":[{"name":"wp","href":"https:\/\/api.w.org\/{rel}","templated":true}]}}