{"id":1094,"date":"2023-08-21T17:05:15","date_gmt":"2023-08-21T15:05:15","guid":{"rendered":"https:\/\/www.imprentagoymar.es\/my-account\/"},"modified":"2024-01-16T11:29:43","modified_gmt":"2024-01-16T10:29:43","slug":"mi-ceunta","status":"publish","type":"page","link":"https:\/\/www.imprentagoymar.es\/en\/my-account\/","title":{"rendered":"My account"},"content":{"rendered":"<div data-elementor-type=\"wp-page\" data-elementor-id=\"1094\" class=\"elementor elementor-1094\" data-elementor-post-type=\"page\">\n\t\t\t\t\t\t<section class=\"elementor-section elementor-top-section elementor-element elementor-element-5deb05c elementor-section-full_width elementor-section-height-default elementor-section-height-default\" data-id=\"5deb05c\" data-element_type=\"section\">\n\t\t\t\t\t\t<div class=\"elementor-container elementor-column-gap-default\">\n\t\t\t\t\t<div class=\"elementor-column elementor-col-100 elementor-top-column elementor-element elementor-element-8194488\" data-id=\"8194488\" data-element_type=\"column\">\n\t\t\t<div class=\"elementor-widget-wrap elementor-element-populated\">\n\t\t\t\t\t\t<div class=\"elementor-element elementor-element-9d32ee8 elementor-widget__width-auto elementor-mobile-align-center elementor-widget-mobile__width-auto elementor-widget elementor-widget-breadcrumbs\" data-id=\"9d32ee8\" data-element_type=\"widget\" data-widget_type=\"breadcrumbs.default\">\n\t\t\t\t<div class=\"elementor-widget-container\">\n\t\t\t\t\t<p id=\"breadcrumbs\"><span><span><a href=\"https:\/\/www.imprentagoymar.es\/en\">Start<\/a><\/span><\/span><\/p>\t\t\t\t<\/div>\n\t\t\t\t<\/div>\n\t\t\t\t<div class=\"elementor-element elementor-element-86a0ef3 elementor-invisible elementor-widget elementor-widget-heading\" data-id=\"86a0ef3\" data-element_type=\"widget\" data-settings=\"{&quot;_animation&quot;:&quot;fadeInUp&quot;}\" data-widget_type=\"heading.default\">\n\t\t\t\t<div class=\"elementor-widget-container\">\n\t\t\t\t\t<h1 class=\"elementor-heading-title elementor-size-default\">My account<\/h1>\t\t\t\t<\/div>\n\t\t\t\t<\/div>\n\t\t\t\t<div class=\"elementor-element elementor-element-4a214ca elementor-widget-divider--view-line elementor-widget elementor-widget-divider\" data-id=\"4a214ca\" data-element_type=\"widget\" data-widget_type=\"divider.default\">\n\t\t\t\t<div class=\"elementor-widget-container\">\n\t\t\t\t\t\t\t<div class=\"elementor-divider\">\n\t\t\t<span class=\"elementor-divider-separator\">\n\t\t\t\t\t\t<\/span>\n\t\t<\/div>\n\t\t\t\t\t\t<\/div>\n\t\t\t\t<\/div>\n\t\t\t\t\t<\/div>\n\t\t<\/div>\n\t\t\t\t\t<\/div>\n\t\t<\/section>\n\t\t\t\t<section class=\"elementor-section elementor-top-section elementor-element elementor-element-049f803 elementor-section-boxed elementor-section-height-default elementor-section-height-default\" data-id=\"049f803\" data-element_type=\"section\">\n\t\t\t\t\t\t<div class=\"elementor-container elementor-column-gap-default\">\n\t\t\t\t\t<div class=\"elementor-column elementor-col-100 elementor-top-column elementor-element elementor-element-e0dc248\" data-id=\"e0dc248\" data-element_type=\"column\">\n\t\t\t<div class=\"elementor-widget-wrap elementor-element-populated\">\n\t\t\t\t\t\t<div class=\"elementor-element elementor-element-e5b71f6 e-my-account-tabs-vertical elementor-widget elementor-widget-woocommerce-my-account\" data-id=\"e5b71f6\" data-element_type=\"widget\" data-widget_type=\"woocommerce-my-account.default\">\n\t\t\t\t<div class=\"elementor-widget-container\">\n\t\t\t\t\t<div class=\"e-my-account-tab e-my-account-tab__\">\t\t\t<div class=\"woocommerce\"><\/div>\t\t<\/div>\n\t\t\t\t\t\t<\/div>\n\t\t\t\t<\/div>\n\t\t\t\t\t<\/div>\n\t\t<\/div>\n\t\t\t\t\t<\/div>\n\t\t<\/section>\n\t\t\t\t<section class=\"elementor-section elementor-top-section elementor-element elementor-element-910d7ab elementor-section-boxed elementor-section-height-default elementor-section-height-default\" data-id=\"910d7ab\" data-element_type=\"section\">\n\t\t\t\t\t\t<div class=\"elementor-container elementor-column-gap-default\">\n\t\t\t\t\t<div class=\"elementor-column elementor-col-100 elementor-top-column elementor-element elementor-element-2d50f9b\" data-id=\"2d50f9b\" data-element_type=\"column\">\n\t\t\t<div class=\"elementor-widget-wrap elementor-element-populated\">\n\t\t\t\t\t\t<div class=\"elementor-element elementor-element-981d1f3 elementor-widget elementor-widget-spacer\" data-id=\"981d1f3\" data-element_type=\"widget\" data-widget_type=\"spacer.default\">\n\t\t\t\t<div class=\"elementor-widget-container\">\n\t\t\t\t\t\t\t<div class=\"elementor-spacer\">\n\t\t\t<div class=\"elementor-spacer-inner\"><\/div>\n\t\t<\/div>\n\t\t\t\t\t\t<\/div>\n\t\t\t\t<\/div>\n\t\t\t\t\t<\/div>\n\t\t<\/div>\n\t\t\t\t\t<\/div>\n\t\t<\/section>\n\t\t\t\t<\/div>","protected":false},"excerpt":{"rendered":"<p>My Account Dashboard Orders Downloads Addresses Account Details Log Out Hi doominio (not a doominio user? Log Out) From your account dashboard you can view your recent orders, manage your shipping and billing addresses, and edit your password and account details.<\/p>","protected":false},"author":1,"featured_media":0,"parent":0,"menu_order":20,"comment_status":"closed","ping_status":"closed","template":"","meta":{"_joinchat":[],"footnotes":""},"class_list":["post-1094","page","type-page","status-publish","hentry"],"acf":[],"yoast_head":"<!-- This site is optimized with the Yoast SEO plugin v24.4 - https:\/\/yoast.com\/wordpress\/plugins\/seo\/ -->\n<title>Mi cuenta | Imprenta Goymar<\/title>\n<meta name=\"robots\" content=\"index, follow, max-snippet:-1, max-image-preview:large, max-video-preview:-1\" \/>\n<link rel=\"canonical\" href=\"https:\/\/www.imprentagoymar.es\/en\/my-account\/\" \/>\n<meta property=\"og:locale\" content=\"en_US\" \/>\n<meta property=\"og:type\" content=\"article\" \/>\n<meta property=\"og:title\" content=\"Mi cuenta | Imprenta Goymar\" \/>\n<meta property=\"og:description\" content=\"Mi cuenta Escritorio Pedidos Descargas Direcciones Detalles de la cuenta Cerrar sesi\u00f3n Hola doominio (\u00bfno eres doominio? Cerrar sesi\u00f3n) Desde el escritorio de tu cuenta puedes ver tus pedidos recientes, gestionar tus direcciones de env\u00edo y facturaci\u00f3n y editar tu contrase\u00f1a y los detalles de tu cuenta.\" \/>\n<meta property=\"og:url\" content=\"https:\/\/www.imprentagoymar.es\/en\/my-account\/\" \/>\n<meta property=\"og:site_name\" content=\"Imprenta Goymar\" \/>\n<meta property=\"article:modified_time\" content=\"2024-01-16T10:29:43+00:00\" \/>\n<meta name=\"twitter:card\" content=\"summary_large_image\" \/>\n<script type=\"application\/ld+json\" class=\"yoast-schema-graph\">{\"@context\":\"https:\/\/schema.org\",\"@graph\":[{\"@type\":\"WebPage\",\"@id\":\"https:\/\/www.imprentagoymar.es\/mi-ceunta\/\",\"url\":\"https:\/\/www.imprentagoymar.es\/mi-ceunta\/\",\"name\":\"Mi cuenta | Imprenta Goymar\",\"isPartOf\":{\"@id\":\"https:\/\/www.imprentagoymar.es\/#website\"},\"datePublished\":\"2023-08-21T15:05:15+00:00\",\"dateModified\":\"2024-01-16T10:29:43+00:00\",\"breadcrumb\":{\"@id\":\"https:\/\/www.imprentagoymar.es\/mi-ceunta\/#breadcrumb\"},\"inLanguage\":\"en-US\",\"potentialAction\":[{\"@type\":\"ReadAction\",\"target\":[\"https:\/\/www.imprentagoymar.es\/mi-ceunta\/\"]}]},{\"@type\":\"BreadcrumbList\",\"@id\":\"https:\/\/www.imprentagoymar.es\/mi-ceunta\/#breadcrumb\",\"itemListElement\":[{\"@type\":\"ListItem\",\"position\":1,\"name\":\"Inicio\",\"item\":\"https:\/\/www.imprentagoymar.es\/\"},{\"@type\":\"ListItem\",\"position\":2,\"name\":\"Mi cuenta\"}]},{\"@type\":\"WebSite\",\"@id\":\"https:\/\/www.imprentagoymar.es\/#website\",\"url\":\"https:\/\/www.imprentagoymar.es\/\",\"name\":\"Imprenta Goymar\",\"description\":\"Tu imprenta de confianza en Oviedo\",\"publisher\":{\"@id\":\"https:\/\/www.imprentagoymar.es\/#organization\"},\"potentialAction\":[{\"@type\":\"SearchAction\",\"target\":{\"@type\":\"EntryPoint\",\"urlTemplate\":\"https:\/\/www.imprentagoymar.es\/?s={search_term_string}\"},\"query-input\":{\"@type\":\"PropertyValueSpecification\",\"valueRequired\":true,\"valueName\":\"search_term_string\"}}],\"inLanguage\":\"en-US\"},{\"@type\":\"Organization\",\"@id\":\"https:\/\/www.imprentagoymar.es\/#organization\",\"name\":\"Imprenta Goymar\",\"url\":\"https:\/\/www.imprentagoymar.es\/\",\"logo\":{\"@type\":\"ImageObject\",\"inLanguage\":\"en-US\",\"@id\":\"https:\/\/www.imprentagoymar.es\/#\/schema\/logo\/image\/\",\"url\":\"https:\/\/www.imprentagoymar.es\/wp-content\/uploads\/2023\/11\/logogoymar.svg\",\"contentUrl\":\"https:\/\/www.imprentagoymar.es\/wp-content\/uploads\/2023\/11\/logogoymar.svg\",\"width\":368,\"height\":368,\"caption\":\"Imprenta Goymar\"},\"image\":{\"@id\":\"https:\/\/www.imprentagoymar.es\/#\/schema\/logo\/image\/\"}}]}<\/script>\n<!-- \/ Yoast SEO plugin. -->","yoast_head_json":{"title":"Mi cuenta | Imprenta Goymar","robots":{"index":"index","follow":"follow","max-snippet":"max-snippet:-1","max-image-preview":"max-image-preview:large","max-video-preview":"max-video-preview:-1"},"canonical":"https:\/\/www.imprentagoymar.es\/en\/my-account\/","og_locale":"en_US","og_type":"article","og_title":"Mi cuenta | Imprenta Goymar","og_description":"Mi cuenta Escritorio Pedidos Descargas Direcciones Detalles de la cuenta Cerrar sesi\u00f3n Hola doominio (\u00bfno eres doominio? Cerrar sesi\u00f3n) Desde el escritorio de tu cuenta puedes ver tus pedidos recientes, gestionar tus direcciones de env\u00edo y facturaci\u00f3n y editar tu contrase\u00f1a y los detalles de tu cuenta.","og_url":"https:\/\/www.imprentagoymar.es\/en\/my-account\/","og_site_name":"Imprenta Goymar","article_modified_time":"2024-01-16T10:29:43+00:00","twitter_card":"summary_large_image","schema":{"@context":"https:\/\/schema.org","@graph":[{"@type":"WebPage","@id":"https:\/\/www.imprentagoymar.es\/mi-ceunta\/","url":"https:\/\/www.imprentagoymar.es\/mi-ceunta\/","name":"Mi cuenta | Imprenta Goymar","isPartOf":{"@id":"https:\/\/www.imprentagoymar.es\/#website"},"datePublished":"2023-08-21T15:05:15+00:00","dateModified":"2024-01-16T10:29:43+00:00","breadcrumb":{"@id":"https:\/\/www.imprentagoymar.es\/mi-ceunta\/#breadcrumb"},"inLanguage":"en-US","potentialAction":[{"@type":"ReadAction","target":["https:\/\/www.imprentagoymar.es\/mi-ceunta\/"]}]},{"@type":"BreadcrumbList","@id":"https:\/\/www.imprentagoymar.es\/mi-ceunta\/#breadcrumb","itemListElement":[{"@type":"ListItem","position":1,"name":"Inicio","item":"https:\/\/www.imprentagoymar.es\/"},{"@type":"ListItem","position":2,"name":"Mi cuenta"}]},{"@type":"WebSite","@id":"https:\/\/www.imprentagoymar.es\/#website","url":"https:\/\/www.imprentagoymar.es\/","name":"Imprenta Goymar","description":"Tu imprenta de confianza en Oviedo","publisher":{"@id":"https:\/\/www.imprentagoymar.es\/#organization"},"potentialAction":[{"@type":"SearchAction","target":{"@type":"EntryPoint","urlTemplate":"https:\/\/www.imprentagoymar.es\/?s={search_term_string}"},"query-input":{"@type":"PropertyValueSpecification","valueRequired":true,"valueName":"search_term_string"}}],"inLanguage":"en-US"},{"@type":"Organization","@id":"https:\/\/www.imprentagoymar.es\/#organization","name":"Imprenta Goymar","url":"https:\/\/www.imprentagoymar.es\/","logo":{"@type":"ImageObject","inLanguage":"en-US","@id":"https:\/\/www.imprentagoymar.es\/#\/schema\/logo\/image\/","url":"https:\/\/www.imprentagoymar.es\/wp-content\/uploads\/2023\/11\/logogoymar.svg","contentUrl":"https:\/\/www.imprentagoymar.es\/wp-content\/uploads\/2023\/11\/logogoymar.svg","width":368,"height":368,"caption":"Imprenta Goymar"},"image":{"@id":"https:\/\/www.imprentagoymar.es\/#\/schema\/logo\/image\/"}}]}},"_links":{"self":[{"href":"https:\/\/www.imprentagoymar.es\/en\/wp-json\/wp\/v2\/pages\/1094","targetHints":{"allow":["GET"]}}],"collection":[{"href":"https:\/\/www.imprentagoymar.es\/en\/wp-json\/wp\/v2\/pages"}],"about":[{"href":"https:\/\/www.imprentagoymar.es\/en\/wp-json\/wp\/v2\/types\/page"}],"author":[{"embeddable":true,"href":"https:\/\/www.imprentagoymar.es\/en\/wp-json\/wp\/v2\/users\/1"}],"replies":[{"embeddable":true,"href":"https:\/\/www.imprentagoymar.es\/en\/wp-json\/wp\/v2\/comments?post=1094"}],"version-history":[{"count":5,"href":"https:\/\/www.imprentagoymar.es\/en\/wp-json\/wp\/v2\/pages\/1094\/revisions"}],"predecessor-version":[{"id":1473,"href":"https:\/\/www.imprentagoymar.es\/en\/wp-json\/wp\/v2\/pages\/1094\/revisions\/1473"}],"wp:attachment":[{"href":"https:\/\/www.imprentagoymar.es\/en\/wp-json\/wp\/v2\/media?parent=1094"}],"curies":[{"name":"wp","href":"https:\/\/api.w.org\/{rel}","templated":true}]}}