{"id":1100,"date":"2023-08-21T19:28:08","date_gmt":"2023-08-21T17:28:08","guid":{"rendered":"https:\/\/www.imprentagoymar.es\/?page_id=1100"},"modified":"2023-11-15T12:26:30","modified_gmt":"2023-11-15T11:26:30","slug":"condiciones-de-compra-y-gastos-de-envio","status":"publish","type":"page","link":"https:\/\/www.imprentagoymar.es\/en\/purchase-conditions-and-shipping-costs\/","title":{"rendered":"Conditions of purchase and shipping costs"},"content":{"rendered":"<div data-elementor-type=\"wp-page\" data-elementor-id=\"1100\" class=\"elementor elementor-1100\" data-elementor-post-type=\"page\">\n\t\t\t\t\t\t<section class=\"elementor-section elementor-top-section elementor-element elementor-element-9317c11 elementor-section-boxed elementor-section-height-default elementor-section-height-default\" data-id=\"9317c11\" data-element_type=\"section\">\n\t\t\t\t\t\t<div class=\"elementor-container elementor-column-gap-default\">\n\t\t\t\t\t<div class=\"elementor-column elementor-col-100 elementor-top-column elementor-element elementor-element-3068eaa\" data-id=\"3068eaa\" data-element_type=\"column\">\n\t\t\t<div class=\"elementor-widget-wrap elementor-element-populated\">\n\t\t\t\t\t\t<div class=\"elementor-element elementor-element-beb493a elementor-widget elementor-widget-text-editor\" data-id=\"beb493a\" data-element_type=\"widget\" data-widget_type=\"text-editor.default\">\n\t\t\t\t<div class=\"elementor-widget-container\">\n\t\t\t\t\t\t\t\t\t<strong>CONTRACTING CONDITIONS OF THE ONLINE STORE<\/strong>\n\n<strong>MODIFICATION OF THESE CONDITIONS AND DURATION<\/strong>\n\nImprenta Goymar, SL may modify the conditions determined here at any time, being duly published as they appear here. The validity of the aforementioned conditions will depend on their exposure and will be in force until they are modified by others duly published. The last modification of the conditions is from 11\/18\/2020.\n\n<strong>SECURITY<\/strong>\n\nThe website uses generally accepted industry information security techniques, such as firewalls, access control procedures and cryptographic mechanisms, all with the aim of preventing unauthorized access to data. To achieve these purposes, the user\/client accepts that the provider obtains data for the purposes of the corresponding authentication of access controls. Our secure server guarantees the privacy of the data you transmit to us. This privacy is achieved through the SSL protocol, encrypting the data sent using the RSA encryption system, so that no one can appropriate it since they do not have the necessary key. You can check that your browser is secure if the padlock symbol appears and you can also see that the URL changes slightly: it no longer begins with http but with https.\n\n<strong>SHIPPING COSTS<\/strong>\n\nShipping and\/or management costs are not included in the price and will be shown to you before completing your purchase, depending on the shipping address of each order. Below, we detail the shipping costs in the following table:\n<ul>\n \t<li>Spain: \u20ac2.95 (peninsula), \u20ac4.95 (Balearic Islands)<\/li>\n \t<li>For shipments to the Canary Islands, please contact us first.<\/li>\n \t<li>Europe: \u20ac8.95. Rest of the World: \u20ac9.95<\/li>\n<\/ul>\nDelivery time in Spain: Between 1 and 2 days.\n\n<strong>PLACING THE ORDER<\/strong>\n\nTo place an order it is necessary to connect to www.imprentagoymar.es, and register as a user, completing the electronic form that appears at all times on the website of the online store and following the instructions indicated therein. After registration, and to proceed with the purchase of products, you must add the product you wish to purchase to the basket, according to the instructions on the screen, completing for this purpose the order form provided and validating it. The prices presented on the website are valid only and exclusively for online orders made at www.imprentagoymar.es. All prices published on our website are VAT included. The validation of the order by the client expressly implies knowledge and acceptance of these general contracting conditions as part of the conclusion of the contract.\n\n<strong>Once the purchase has been made and in the shortest possible time, always before 24 hours have passed from the execution of the purchase, the Imprenta Goymar, SL Customer Service will send you proof of purchase by e-mail.<\/strong>\n\nIf you do not agree with the data contained in said confirmation, you may request their modification or cancellation of the contract.\n\n<strong>LANGUAGE OF FORMALIZATION OF THE CONTRACT<\/strong>\n\nThe language or languages in which the contract may be formalized on this website is Spanish.\n\n<strong>PRODUCT AVAILABILITY<\/strong>\n\nThe selection of products offered on www.imprentagoymar.es is valid as long as the products are visible on the website. As it is electronic commerce, the stock is updated online, so it could eventually happen that the stock runs out during the purchasing process. If this happens, we will inform you immediately to offer you an alternative or refund the amount paid for the product.\n\n<strong>WAY TO MAKE CLAIMS<\/strong>\n\nTo make any claim in relation to the obligations established in Article 110 of Law 3\/2014, you must contact us.\n\n<strong>FAILURE TO EXECUTE THE CONTRACT<\/strong>\n\nIn the event of non-execution of the contract by the entity due to the purchased product not being available or for any other reason, the client will be informed of this lack of availability and\/or reason that justifies it and will recover the sums without any undue delay. that has been paid under it.<span class=\"Apple-converted-space\">\u00a0 <\/span>In the event of unjustified delay on the part of Imprenta Goymar, SL regarding the return of the sums paid, the client may claim to be paid double the amount owed, without prejudice to their right to be compensated for damages suffered in what exceeds said amount.\n\n<strong>SHIPPING MODE AND TIMES<\/strong>\n\nLos productos se env\u00edan a la direcci\u00f3n de env\u00edo que nos hayas indicado en el pedido. En el caso de realizar un pedido de varios art\u00edculos con diferentes disponibilidades, el plazo para la expedici\u00f3n tendr\u00e1 en cuenta la entrega prevista m\u00e1s larga. En casos excepcionales, Imprenta Goymar, S.L. se reservar\u00e1 el derecho a desglosar el pedido, enviando los art\u00edculos disponibles y dejando pendiente de un segundo env\u00edo, los art\u00edculos no disponibles.\n\nPara realizar el transporte y entrega de los env\u00edos, hemos elegido a una\u00a0 empresa de mensajer\u00eda de reconocido prestigio.\n\nEl tiempo de env\u00edo establecido depender\u00e1 del pedido solicitado. Ser\u00e1 de aproximadamente cinco d\u00edas h\u00e1biles desde la recepci\u00f3n del pago, considerando los d\u00edas h\u00e1biles los d\u00edas laborales de lunes a viernes.\n\nEn el supuesto de que el cliente detectase alg\u00fan problema en el momento de la entrega de su pedido (embalaje estropeado, productos faltantes o deteriorados) debe indicarlo por escrito en el albar\u00e1n de entrega del transportista, y contactar dentro de los 14 d\u00edas siguientes a la recepci\u00f3n. No se admitir\u00e1 ninguna devoluci\u00f3n de art\u00edculo da\u00f1ado, as\u00ed como reclamaci\u00f3n de art\u00edculo faltante, si no ha sido comunicado dentro del plazo establecido, remiti\u00e9ndonos fotos y descripci\u00f3n del problema.\n\nTodo ello sin perjuicio del derecho de garant\u00eda para los productos no conformes con el contrato que asiste a todo consumidor, conforme a la normativa vigente\u201d.\n\nEn caso que tu pedido haya sido enviado y no tenga noticias de la entrega, puedes contactar con nuestro Servicio de Atenci\u00f3n al Cliente a trav\u00e9s de: info@imprentagoymar.com\n\n<strong>PAY<\/strong>\n\nImprenta Goymar, SL accepts payment by Credit Card, you can use Visa and MasterCard. If you make the payment with a VISA or Maestro card, your card will be charged on a deferred basis, that is, at the time of shipping. This way, only items shipped and at the time of shipping will be charged. In the event that the POS informs about the denial of the card, the order will be automatically cancelled, informing the customer online of the cancellation. For payments made with cards issued outside of Spain, it is necessary that the issuing bank is covered by the Secure Electronic Commerce Security Protocol (CES). Payments with cards that do not meet this requirement will not be accepted. As an alternative we propose the transfer payment. Imprenta Goymar, SL reserves the right to reject any transaction made with a credit card. In this case we will proceed to refund the cash to the original card. In these cases and if the client is interested in progressing with the purchase of the items, we will request a bank transfer.\n\n<strong>RIGHT OF WITHDRAWAL<\/strong>\n\nIf you are not satisfied, you can return your purchases made at www.imprentagoymar.es at our office located at La Lila, 28<br>\r\n33002 Oviedo<br>\r\nAsturias, completing the withdrawal document that you can download here.\n<ul>\n \t<li><a href=\"#\">Download the withdrawal document here<\/a>.<\/li>\n<\/ul>\nThe maximum period to request a return is stipulated in the following periods, from receipt of the order: -14 calendar days for all products in our online store. The return will be made in the same payment method as the purchase. This right is additional to the right of guarantee recognized in RDL 1\/2007 of November 16 on the defense of consumers and users. The circumstances that may cause a return are the following: a) If the product you have ordered does not satisfy you: You can return it via courier to Imprenta Goymar, SL. We will refund the amount of the product but not the costs of returning the product. b) If you wish to make an exchange for another item, the return costs will not be assumed by Imprenta Goymar, SL c) Product that, by mistake, does not correspond to the one ordered: Imprenta Goymar, SL will bear the costs of collecting the wrong product and delivery of the corresponding to the order placed. d) The products must be packaged and unsealed. The packaging must be in perfect condition and retain all its original accessories and instructions in order to be returned. Neither in physical stores nor in the Imprenta Goymar, SL online store will returns of products that have not been purchased at the entity be accepted. In all cases, the products must be in perfect condition, in their original packaging and with the manuals, accessories or promotional gifts, if applicable, included. In accordance with article 103 of Law 3\/2014 on the Defense of Consumers and Users, the right of withdrawal is excepted for those products that are clearly personalized or that have been made in accordance with the client&#039;s specifications.\n\n<a href=\"#\">Download the withdrawal document here<\/a>.\n\n<strong>CANCELLATION OF THE ORDER<\/strong>\n\nIn the event that an order is canceled before departure, the customer will not have any costs. In the event that an order is canceled after the merchandise has shipped, the customer will be responsible for the shipping costs as well as the costs of returning the order.\n\n<strong>PRODUCT WARRANTY<\/strong>\n\nThe warranty period is 2 years, from the delivery of the product, although it does not include deficiencies caused by negligence, knocks, incorrect use or improper manipulation, or materials that are worn out by use. Unless proven otherwise, it will be presumed that the lack of conformity that appears within 6 months after the delivery of the product, whether new or second-hand, already existed when the thing was delivered, except when this presumption is incompatible with the nature of the product or the nature of the lack of conformity. Imprenta Goymar, SL reserves the right to request verification of the origin of the problem from an official technical service of the brand. If there is a defect caused by misuse, the repair will be billable. In those cases that justify the application of the guarantee, the option will be to repair, replace the item, discount or return, under the legally established terms.\n\n<strong>REFUND OF AMOUNTS PAID<\/strong>\n\nThe refund will be made through the payment method you used for the purchase. Imprenta Goymar, SL will not refund the amount or resend any merchandise until the receipt and condition of the packaging and accessories of the item being returned or exchanged has been verified in our warehouses. The price to be returned is the one that originally appeared in the order, except for transportation costs. Once the correct condition of the returned product has been verified, Imprenta Goymar, SL will proceed to refund the amount within a maximum period of 15 days.\n\n<strong>APPLICABLE LAW AND JURISDICTION<\/strong>\n\nThe relationship between Imprenta Goymar, SL and the USER will be governed by current Spanish regulations and any controversy will be submitted to the Courts and Tribunals of the corresponding city.\n\n<strong>ONLINE DISPUTE RESOLUTION PLATFORM<\/strong>\n\nThe entity is committed to online dispute resolution in consumer matters in accordance with Art. 14.1 of Regulation (EU) 524\/2013: The European Commission provides an online dispute resolution platform that is available at the following link:\n\n<a href=\"http:\/\/ec.europa.eu\/consumers\/odr\/\">http:\/\/ec.europa.eu\/consumers\/odr\/<\/a>\n\nConsumers will be able to submit their complaints through the online dispute resolution platform.\t\t\t\t\t\t\t\t<\/div>\n\t\t\t\t<\/div>\n\t\t\t\t\t<\/div>\n\t\t<\/div>\n\t\t\t\t\t<\/div>\n\t\t<\/section>\n\t\t\t\t<\/div>","protected":false},"excerpt":{"rendered":"<p>CONDICIONES DE CONTRATACI\u00d3N DE LA TIENDA ONLINE MODIFICACI\u00d3N DE LAS PRESENTES CONDICIONES Y DURACI\u00d3N podr\u00e1 modificar en cualquier momento las condiciones aqu\u00ed determinadas, siendo debidamente publicadas como aqu\u00ed aparecen. La vigencia de las citadas condiciones ir\u00e1 en funci\u00f3n de su exposici\u00f3n y estar\u00e1n vigentes hasta que sean modificadas por otras debidamente publicadas. La ultima modificaci\u00f3n [&hellip;]<\/p>","protected":false},"author":5,"featured_media":0,"parent":0,"menu_order":16,"comment_status":"closed","ping_status":"closed","template":"","meta":{"_joinchat":[],"footnotes":""},"class_list":["post-1100","page","type-page","status-publish","hentry"],"acf":[],"yoast_head":"<!-- This site is optimized with the Yoast SEO plugin v24.4 - https:\/\/yoast.com\/wordpress\/plugins\/seo\/ -->\n<title>Condiciones de compra y gastos de env\u00edo | Imprenta Goymar<\/title>\n<meta name=\"robots\" content=\"index, follow, max-snippet:-1, max-image-preview:large, max-video-preview:-1\" \/>\n<link rel=\"canonical\" href=\"https:\/\/www.imprentagoymar.es\/en\/purchase-conditions-and-shipping-costs\/\" \/>\n<meta property=\"og:locale\" content=\"en_US\" \/>\n<meta property=\"og:type\" content=\"article\" \/>\n<meta property=\"og:title\" content=\"Condiciones de compra y gastos de env\u00edo | Imprenta Goymar\" \/>\n<meta property=\"og:description\" content=\"CONDICIONES DE CONTRATACI\u00d3N DE LA TIENDA ONLINE MODIFICACI\u00d3N DE LAS PRESENTES CONDICIONES Y DURACI\u00d3N podr\u00e1 modificar en cualquier momento las condiciones aqu\u00ed determinadas, siendo debidamente publicadas como aqu\u00ed aparecen. La vigencia de las citadas condiciones ir\u00e1 en funci\u00f3n de su exposici\u00f3n y estar\u00e1n vigentes hasta que sean modificadas por otras debidamente publicadas. La ultima modificaci\u00f3n [&hellip;]\" \/>\n<meta property=\"og:url\" content=\"https:\/\/www.imprentagoymar.es\/en\/purchase-conditions-and-shipping-costs\/\" \/>\n<meta property=\"og:site_name\" content=\"Imprenta Goymar\" \/>\n<meta property=\"article:modified_time\" content=\"2023-11-15T11:26:30+00:00\" \/>\n<meta name=\"twitter:card\" content=\"summary_large_image\" \/>\n<script type=\"application\/ld+json\" class=\"yoast-schema-graph\">{\"@context\":\"https:\/\/schema.org\",\"@graph\":[{\"@type\":\"WebPage\",\"@id\":\"https:\/\/www.imprentagoymar.es\/condiciones-de-compra-y-gastos-de-envio\/\",\"url\":\"https:\/\/www.imprentagoymar.es\/condiciones-de-compra-y-gastos-de-envio\/\",\"name\":\"Condiciones de compra y gastos de env\u00edo | Imprenta Goymar\",\"isPartOf\":{\"@id\":\"https:\/\/www.imprentagoymar.es\/#website\"},\"datePublished\":\"2023-08-21T17:28:08+00:00\",\"dateModified\":\"2023-11-15T11:26:30+00:00\",\"breadcrumb\":{\"@id\":\"https:\/\/www.imprentagoymar.es\/condiciones-de-compra-y-gastos-de-envio\/#breadcrumb\"},\"inLanguage\":\"en-US\",\"potentialAction\":[{\"@type\":\"ReadAction\",\"target\":[\"https:\/\/www.imprentagoymar.es\/condiciones-de-compra-y-gastos-de-envio\/\"]}]},{\"@type\":\"BreadcrumbList\",\"@id\":\"https:\/\/www.imprentagoymar.es\/condiciones-de-compra-y-gastos-de-envio\/#breadcrumb\",\"itemListElement\":[{\"@type\":\"ListItem\",\"position\":1,\"name\":\"Inicio\",\"item\":\"https:\/\/www.imprentagoymar.es\/\"},{\"@type\":\"ListItem\",\"position\":2,\"name\":\"Condiciones de compra y gastos de env\u00edo\"}]},{\"@type\":\"WebSite\",\"@id\":\"https:\/\/www.imprentagoymar.es\/#website\",\"url\":\"https:\/\/www.imprentagoymar.es\/\",\"name\":\"Imprenta Goymar\",\"description\":\"Tu imprenta de confianza en Oviedo\",\"publisher\":{\"@id\":\"https:\/\/www.imprentagoymar.es\/#organization\"},\"potentialAction\":[{\"@type\":\"SearchAction\",\"target\":{\"@type\":\"EntryPoint\",\"urlTemplate\":\"https:\/\/www.imprentagoymar.es\/?s={search_term_string}\"},\"query-input\":{\"@type\":\"PropertyValueSpecification\",\"valueRequired\":true,\"valueName\":\"search_term_string\"}}],\"inLanguage\":\"en-US\"},{\"@type\":\"Organization\",\"@id\":\"https:\/\/www.imprentagoymar.es\/#organization\",\"name\":\"Imprenta Goymar\",\"url\":\"https:\/\/www.imprentagoymar.es\/\",\"logo\":{\"@type\":\"ImageObject\",\"inLanguage\":\"en-US\",\"@id\":\"https:\/\/www.imprentagoymar.es\/#\/schema\/logo\/image\/\",\"url\":\"https:\/\/www.imprentagoymar.es\/wp-content\/uploads\/2023\/11\/logogoymar.svg\",\"contentUrl\":\"https:\/\/www.imprentagoymar.es\/wp-content\/uploads\/2023\/11\/logogoymar.svg\",\"width\":368,\"height\":368,\"caption\":\"Imprenta Goymar\"},\"image\":{\"@id\":\"https:\/\/www.imprentagoymar.es\/#\/schema\/logo\/image\/\"}}]}<\/script>\n<!-- \/ Yoast SEO plugin. -->","yoast_head_json":{"title":"Condiciones de compra y gastos de env\u00edo | Imprenta Goymar","robots":{"index":"index","follow":"follow","max-snippet":"max-snippet:-1","max-image-preview":"max-image-preview:large","max-video-preview":"max-video-preview:-1"},"canonical":"https:\/\/www.imprentagoymar.es\/en\/purchase-conditions-and-shipping-costs\/","og_locale":"en_US","og_type":"article","og_title":"Condiciones de compra y gastos de env\u00edo | Imprenta Goymar","og_description":"CONDICIONES DE CONTRATACI\u00d3N DE LA TIENDA ONLINE MODIFICACI\u00d3N DE LAS PRESENTES CONDICIONES Y DURACI\u00d3N podr\u00e1 modificar en cualquier momento las condiciones aqu\u00ed determinadas, siendo debidamente publicadas como aqu\u00ed aparecen. La vigencia de las citadas condiciones ir\u00e1 en funci\u00f3n de su exposici\u00f3n y estar\u00e1n vigentes hasta que sean modificadas por otras debidamente publicadas. La ultima modificaci\u00f3n [&hellip;]","og_url":"https:\/\/www.imprentagoymar.es\/en\/purchase-conditions-and-shipping-costs\/","og_site_name":"Imprenta Goymar","article_modified_time":"2023-11-15T11:26:30+00:00","twitter_card":"summary_large_image","schema":{"@context":"https:\/\/schema.org","@graph":[{"@type":"WebPage","@id":"https:\/\/www.imprentagoymar.es\/condiciones-de-compra-y-gastos-de-envio\/","url":"https:\/\/www.imprentagoymar.es\/condiciones-de-compra-y-gastos-de-envio\/","name":"Condiciones de compra y gastos de env\u00edo | Imprenta Goymar","isPartOf":{"@id":"https:\/\/www.imprentagoymar.es\/#website"},"datePublished":"2023-08-21T17:28:08+00:00","dateModified":"2023-11-15T11:26:30+00:00","breadcrumb":{"@id":"https:\/\/www.imprentagoymar.es\/condiciones-de-compra-y-gastos-de-envio\/#breadcrumb"},"inLanguage":"en-US","potentialAction":[{"@type":"ReadAction","target":["https:\/\/www.imprentagoymar.es\/condiciones-de-compra-y-gastos-de-envio\/"]}]},{"@type":"BreadcrumbList","@id":"https:\/\/www.imprentagoymar.es\/condiciones-de-compra-y-gastos-de-envio\/#breadcrumb","itemListElement":[{"@type":"ListItem","position":1,"name":"Inicio","item":"https:\/\/www.imprentagoymar.es\/"},{"@type":"ListItem","position":2,"name":"Condiciones de compra y gastos de env\u00edo"}]},{"@type":"WebSite","@id":"https:\/\/www.imprentagoymar.es\/#website","url":"https:\/\/www.imprentagoymar.es\/","name":"Imprenta Goymar","description":"Tu imprenta de confianza en Oviedo","publisher":{"@id":"https:\/\/www.imprentagoymar.es\/#organization"},"potentialAction":[{"@type":"SearchAction","target":{"@type":"EntryPoint","urlTemplate":"https:\/\/www.imprentagoymar.es\/?s={search_term_string}"},"query-input":{"@type":"PropertyValueSpecification","valueRequired":true,"valueName":"search_term_string"}}],"inLanguage":"en-US"},{"@type":"Organization","@id":"https:\/\/www.imprentagoymar.es\/#organization","name":"Imprenta Goymar","url":"https:\/\/www.imprentagoymar.es\/","logo":{"@type":"ImageObject","inLanguage":"en-US","@id":"https:\/\/www.imprentagoymar.es\/#\/schema\/logo\/image\/","url":"https:\/\/www.imprentagoymar.es\/wp-content\/uploads\/2023\/11\/logogoymar.svg","contentUrl":"https:\/\/www.imprentagoymar.es\/wp-content\/uploads\/2023\/11\/logogoymar.svg","width":368,"height":368,"caption":"Imprenta Goymar"},"image":{"@id":"https:\/\/www.imprentagoymar.es\/#\/schema\/logo\/image\/"}}]}},"_links":{"self":[{"href":"https:\/\/www.imprentagoymar.es\/en\/wp-json\/wp\/v2\/pages\/1100","targetHints":{"allow":["GET"]}}],"collection":[{"href":"https:\/\/www.imprentagoymar.es\/en\/wp-json\/wp\/v2\/pages"}],"about":[{"href":"https:\/\/www.imprentagoymar.es\/en\/wp-json\/wp\/v2\/types\/page"}],"author":[{"embeddable":true,"href":"https:\/\/www.imprentagoymar.es\/en\/wp-json\/wp\/v2\/users\/5"}],"replies":[{"embeddable":true,"href":"https:\/\/www.imprentagoymar.es\/en\/wp-json\/wp\/v2\/comments?post=1100"}],"version-history":[{"count":4,"href":"https:\/\/www.imprentagoymar.es\/en\/wp-json\/wp\/v2\/pages\/1100\/revisions"}],"predecessor-version":[{"id":1104,"href":"https:\/\/www.imprentagoymar.es\/en\/wp-json\/wp\/v2\/pages\/1100\/revisions\/1104"}],"wp:attachment":[{"href":"https:\/\/www.imprentagoymar.es\/en\/wp-json\/wp\/v2\/media?parent=1100"}],"curies":[{"name":"wp","href":"https:\/\/api.w.org\/{rel}","templated":true}]}}