{"id":1318,"date":"2023-11-08T19:00:42","date_gmt":"2023-11-08T18:00:42","guid":{"rendered":"https:\/\/www.imprentagoymar.es\/accesibilidad-2\/"},"modified":"2023-11-15T12:26:16","modified_gmt":"2023-11-15T11:26:16","slug":"accesibilidad-2","status":"publish","type":"page","link":"https:\/\/www.imprentagoymar.es\/en\/accessibility-2\/","title":{"rendered":"Accessibility"},"content":{"rendered":"<div data-elementor-type=\"wp-page\" data-elementor-id=\"1318\" class=\"elementor elementor-1318\" data-elementor-post-type=\"page\">\n\t\t\t\t\t\t<section class=\"elementor-section elementor-top-section elementor-element elementor-element-217c0c57 elementor-section-full_width elementor-section-height-default elementor-section-height-default\" data-id=\"217c0c57\" data-element_type=\"section\" data-settings=\"{&quot;background_background&quot;:&quot;classic&quot;,&quot;background_motion_fx_motion_fx_scrolling&quot;:&quot;yes&quot;,&quot;background_motion_fx_devices&quot;:[&quot;desktop&quot;,&quot;tablet&quot;,&quot;mobile&quot;]}\">\n\t\t\t\t\t\t\t<div class=\"elementor-background-overlay\"><\/div>\n\t\t\t\t\t\t\t<div class=\"elementor-container elementor-column-gap-no\">\n\t\t\t\t\t<div class=\"elementor-column elementor-col-100 elementor-top-column elementor-element elementor-element-33884bd1\" data-id=\"33884bd1\" data-element_type=\"column\" data-settings=\"{&quot;background_background&quot;:&quot;classic&quot;}\">\n\t\t\t<div class=\"elementor-widget-wrap elementor-element-populated\">\n\t\t\t\t\t\t<div class=\"elementor-element elementor-element-186d3991 elementor-widget__width-auto elementor-mobile-align-center elementor-widget-mobile__width-auto elementor-widget elementor-widget-breadcrumbs\" data-id=\"186d3991\" data-element_type=\"widget\" data-widget_type=\"breadcrumbs.default\">\n\t\t\t\t<div class=\"elementor-widget-container\">\n\t\t\t\t\t<p id=\"breadcrumbs\"><span><span><a href=\"https:\/\/www.imprentagoymar.es\/en\">Start<\/a><\/span><\/span><\/p>\t\t\t\t<\/div>\n\t\t\t\t<\/div>\n\t\t\t\t<div class=\"elementor-element elementor-element-798748c5 elementor-invisible elementor-widget elementor-widget-heading\" data-id=\"798748c5\" data-element_type=\"widget\" data-settings=\"{&quot;_animation&quot;:&quot;fadeInLeft&quot;}\" data-widget_type=\"heading.default\">\n\t\t\t\t<div class=\"elementor-widget-container\">\n\t\t\t\t\t<h1 class=\"elementor-heading-title elementor-size-default\">ACCESSIBILITY<\/h1>\t\t\t\t<\/div>\n\t\t\t\t<\/div>\n\t\t\t\t<div class=\"elementor-element elementor-element-c07f3a0 elementor-widget elementor-widget-text-editor\" data-id=\"c07f3a0\" data-element_type=\"widget\" data-widget_type=\"text-editor.default\">\n\t\t\t\t<div class=\"elementor-widget-container\">\n\t\t\t\t\t\t\t\t\t<p style=\"text-align: center;\">Responsible declaration of accessibility of this website in compliance with current regulations<\/p>\t\t\t\t\t\t\t\t<\/div>\n\t\t\t\t<\/div>\n\t\t\t\t\t<\/div>\n\t\t<\/div>\n\t\t\t\t\t<\/div>\n\t\t<\/section>\n\t\t\t\t<section class=\"elementor-section elementor-top-section elementor-element elementor-element-3d93acf8 elementor-section-boxed elementor-section-height-default elementor-section-height-default\" data-id=\"3d93acf8\" data-element_type=\"section\">\n\t\t\t\t\t\t<div class=\"elementor-container elementor-column-gap-default\">\n\t\t\t\t\t<div class=\"elementor-column elementor-col-100 elementor-top-column elementor-element elementor-element-f3bc49e\" data-id=\"f3bc49e\" data-element_type=\"column\">\n\t\t\t<div class=\"elementor-widget-wrap elementor-element-populated\">\n\t\t\t\t\t\t<div class=\"elementor-element elementor-element-40eb55ef elementor-widget elementor-widget-text-editor\" data-id=\"40eb55ef\" data-element_type=\"widget\" data-widget_type=\"text-editor.default\">\n\t\t\t\t<div class=\"elementor-widget-container\">\n\t\t\t\t\t\t\t\t\t<p><strong>PRINTING GOYMAR, SL<\/strong> is committed to providing a fully accessible website experience for all users, including those who rely on assistive technologies such as screen readers, screen magnification software, and alternative keyboard input devices to navigate the web, in accordance with the <a class=\"ext\" href=\"https:\/\/www.boe.es\/diario_boe\/txt.php?id=BOE-A-2018-12699\" target=\"_blank\" rel=\"noopener noreferrer\" data-extlink=\"\">Royal Decree 1112\/2018, of September 7, on the accessibility of websites and applications for mobile devices in the public sector.<\/a><\/p><p>This accessibility statement applies to the website: www.imprentagoymar.es<\/p>\t\t\t\t\t\t\t\t<\/div>\n\t\t\t\t<\/div>\n\t\t\t\t<div class=\"elementor-element elementor-element-14af7ac7 elementor-invisible elementor-widget elementor-widget-heading\" data-id=\"14af7ac7\" data-element_type=\"widget\" data-settings=\"{&quot;_animation&quot;:&quot;fadeIn&quot;}\" data-widget_type=\"heading.default\">\n\t\t\t\t<div class=\"elementor-widget-container\">\n\t\t\t\t\t<h2 class=\"elementor-heading-title elementor-size-default\">COMPLIANCE STATUS<\/h2>\t\t\t\t<\/div>\n\t\t\t\t<\/div>\n\t\t\t\t<div class=\"elementor-element elementor-element-62bdb643 elementor-widget elementor-widget-text-editor\" data-id=\"62bdb643\" data-element_type=\"widget\" data-widget_type=\"text-editor.default\">\n\t\t\t\t<div class=\"elementor-widget-container\">\n\t\t\t\t\t\t\t\t\t<p>This website is partially in accordance with RD 1112\/2018 due to the exceptions and the lack of conformity of the aspects indicated in the following point.<\/p>\t\t\t\t\t\t\t\t<\/div>\n\t\t\t\t<\/div>\n\t\t\t\t<div class=\"elementor-element elementor-element-2c47978f elementor-invisible elementor-widget elementor-widget-heading\" data-id=\"2c47978f\" data-element_type=\"widget\" data-settings=\"{&quot;_animation&quot;:&quot;fadeIn&quot;}\" data-widget_type=\"heading.default\">\n\t\t\t\t<div class=\"elementor-widget-container\">\n\t\t\t\t\t<h2 class=\"elementor-heading-title elementor-size-default\">CONTENT NOT ACCESSIBLE<\/h2>\t\t\t\t<\/div>\n\t\t\t\t<\/div>\n\t\t\t\t<div class=\"elementor-element elementor-element-41dc0414 elementor-widget elementor-widget-text-editor\" data-id=\"41dc0414\" data-element_type=\"widget\" data-widget_type=\"text-editor.default\">\n\t\t\t\t<div class=\"elementor-widget-container\">\n\t\t\t\t\t\t\t\t\t<p><span style=\"color: var( --e-global-color-text ); font-family: var( --e-global-typography-text-font-family ), Sans-serif; font-size: var( --e-global-typography-text-font-size ); font-weight: var( --e-global-typography-text-font-weight );\">The content listed below is not accessible for the following reasons:<\/span><\/p><h3 style=\"padding-left: 40px;\">Lack of compliance with RD 1112\/2018<\/h3><p style=\"padding-left: 40px;\">There could be office documents in PDF and other formats published after September 20, 2018 that do not fully meet the accessibility requirements. Fully accessible documents can be requested from the contact form to formalize complaints and queries.<\/p><p style=\"padding-left: 40px;\">There could be specific editing code errors on some web page. [4.1.1 Processing]<\/p><h3 style=\"padding-left: 40px;\">The content does not fall within the scope of applicable law<\/h3><p style=\"padding-left: 40px;\">There could be office files in PDF or other formats published before September 20, 2018 that do not fully meet all accessibility requirements. Although efforts have been made to ensure that most of them do comply.<\/p>\t\t\t\t\t\t\t\t<\/div>\n\t\t\t\t<\/div>\n\t\t\t\t<div class=\"elementor-element elementor-element-320679a6 elementor-invisible elementor-widget elementor-widget-heading\" data-id=\"320679a6\" data-element_type=\"widget\" data-settings=\"{&quot;_animation&quot;:&quot;fadeIn&quot;}\" data-widget_type=\"heading.default\">\n\t\t\t\t<div class=\"elementor-widget-container\">\n\t\t\t\t\t<h2 class=\"elementor-heading-title elementor-size-default\">OPTIONAL CONTENT<\/h2>\t\t\t\t<\/div>\n\t\t\t\t<\/div>\n\t\t\t\t<div class=\"elementor-element elementor-element-acf888d elementor-widget elementor-widget-text-editor\" data-id=\"acf888d\" data-element_type=\"widget\" data-widget_type=\"text-editor.default\">\n\t\t\t\t<div class=\"elementor-widget-container\">\n\t\t\t\t\t\t\t\t\t<p><span style=\"color: var( --e-global-color-text ); font-family: var( --e-global-typography-text-font-family ), Sans-serif; font-size: var( --e-global-typography-text-font-size ); font-weight: var( --e-global-typography-text-font-weight );\">This website is designed to be able to change the text size and color, as well as the background of the page through the standard configuration options of the browsers.<\/span><\/p>\n<p>If you want to change the font size of the text in the main graphic browsers, use the following menus:<\/p>\n<ul>\n<li>Internet Explorer, Mozilla, and Firefox: View &gt; Text Size<\/li>\n<li>Opera: View &gt; Zoom<\/li>\n<li>Safari: View &gt; Make Text Bigger<\/li>\n<li>Chrome: Control Current Page &gt; Text Size To change the size of everything on the page:<\/li>\n<li>Ctrl + + to increase it<\/li><li>Ctrl + \u2013 to decrease it<\/li><li>Ctrl + 0 restores the original size of the text<\/li><li>If what you want is to override the style sheet or modify the color of the text, you can consult the page <span lang=\"en\" style=\"background-color: transparent; color: var( --e-global-color-text ); font-family: var( --e-global-typography-text-font-family ), Sans-serif; font-weight: var( --e-global-typography-text-font-weight );\">How to Change Text Size or Colors of the WAI<\/span><span style=\"background-color: transparent; color: var( --e-global-color-text ); font-family: var( --e-global-typography-text-font-family ), Sans-serif; font-weight: var( --e-global-typography-text-font-weight );\">, which can be read translated into Spanish in How to change the text size or colors?<\/span><\/li>\n<\/ul>\t\t\t\t\t\t\t\t<\/div>\n\t\t\t\t<\/div>\n\t\t\t\t<div class=\"elementor-element elementor-element-45288629 elementor-invisible elementor-widget elementor-widget-heading\" data-id=\"45288629\" data-element_type=\"widget\" data-settings=\"{&quot;_animation&quot;:&quot;fadeIn&quot;}\" data-widget_type=\"heading.default\">\n\t\t\t\t<div class=\"elementor-widget-container\">\n\t\t\t\t\t<h2 class=\"elementor-heading-title elementor-size-default\">ACCESSIBILITY FEATURES ON OUR WEBSITE<\/h2>\t\t\t\t<\/div>\n\t\t\t\t<\/div>\n\t\t\t\t<div class=\"elementor-element elementor-element-50b759b8 elementor-widget elementor-widget-text-editor\" data-id=\"50b759b8\" data-element_type=\"widget\" data-widget_type=\"text-editor.default\">\n\t\t\t\t<div class=\"elementor-widget-container\">\n\t\t\t\t\t\t\t\t\t<div><span style=\"color: var( --e-global-color-text ); font-family: var( --e-global-typography-text-font-family ), Sans-serif; font-size: var( --e-global-typography-text-font-size ); font-weight: var( --e-global-typography-text-font-weight );\">Through the \u201cOne Click Accessibility\u201d plugin we have incorporated the following tools to improve accessibility:<\/span><\/div><ul><li>Change font size (increase\/decrease)<\/li><li>Grayscale<\/li><li>negative contrast<\/li><li>High contrast<\/li><li>light background<\/li><li>link underlining<\/li><li>human readable font<\/li><li>Link to sitemap\/comments\/help pages<\/li><li>Enable skip to content<\/li><li>Add outline focus for focusable elements<\/li><li>Remove target attribute from links<\/li><li>Add reference roles to all links<\/li><li>Customizer for style adjustment<\/li><\/ul>\t\t\t\t\t\t\t\t<\/div>\n\t\t\t\t<\/div>\n\t\t\t\t<div class=\"elementor-element elementor-element-336d7d43 elementor-invisible elementor-widget elementor-widget-heading\" data-id=\"336d7d43\" data-element_type=\"widget\" data-settings=\"{&quot;_animation&quot;:&quot;fadeIn&quot;}\" data-widget_type=\"heading.default\">\n\t\t\t\t<div class=\"elementor-widget-container\">\n\t\t\t\t\t<h2 class=\"elementor-heading-title elementor-size-default\">WHERE ARE WE IMPROVING<\/h2>\t\t\t\t<\/div>\n\t\t\t\t<\/div>\n\t\t\t\t<div class=\"elementor-element elementor-element-36bf18e9 elementor-widget elementor-widget-text-editor\" data-id=\"36bf18e9\" data-element_type=\"widget\" data-widget_type=\"text-editor.default\">\n\t\t\t\t<div class=\"elementor-widget-container\">\n\t\t\t\t\t\t\t\t\t<div><span style=\"color: var( --e-global-color-text ); font-family: var( --e-global-typography-text-font-family ), Sans-serif; font-size: var( --e-global-typography-text-font-size ); font-weight: var( --e-global-typography-text-font-weight );\">This is part of our broader effort to make everyone&#039;s experience at IMPRENTA GOYMAR, SL welcoming and enjoyable. Please note that while we make every effort to provide information accessible to all users, we cannot guarantee the accessibility of third-party websites to which we may link.<\/span><\/div>\t\t\t\t\t\t\t\t<\/div>\n\t\t\t\t<\/div>\n\t\t\t\t<div class=\"elementor-element elementor-element-298035d elementor-invisible elementor-widget elementor-widget-heading\" data-id=\"298035d\" data-element_type=\"widget\" data-settings=\"{&quot;_animation&quot;:&quot;fadeIn&quot;}\" data-widget_type=\"heading.default\">\n\t\t\t\t<div class=\"elementor-widget-container\">\n\t\t\t\t\t<h2 class=\"elementor-heading-title elementor-size-default\">ACCESSIBILITY SUPPORT CONTACT<\/h2>\t\t\t\t<\/div>\n\t\t\t\t<\/div>\n\t\t\t\t<div class=\"elementor-element elementor-element-54fce10 elementor-widget elementor-widget-text-editor\" data-id=\"54fce10\" data-element_type=\"widget\" data-widget_type=\"text-editor.default\">\n\t\t\t\t<div class=\"elementor-widget-container\">\n\t\t\t\t\t\t\t\t\t<div><span style=\"color: var( --e-global-color-text ); font-family: var( --e-global-typography-text-font-family ), Sans-serif; font-size: var( --e-global-typography-text-font-size ); font-weight: var( --e-global-typography-text-font-weight );\">Damos la bienvenida a comentarios, preguntas y comentarios sobre nuestro sitio web. Si est\u00e1 utilizando tecnolog\u00edas de asistencia y tiene dificultades para usar nuestro sitio web, env\u00ede un correo electr\u00f3nico a info@imprentagoymar.com. Haremos todo lo posible para ayudar y resolver los problemas.<\/span><\/div>\t\t\t\t\t\t\t\t<\/div>\n\t\t\t\t<\/div>\n\t\t\t\t\t<\/div>\n\t\t<\/div>\n\t\t\t\t\t<\/div>\n\t\t<\/section>\n\t\t\t\t<section class=\"elementor-section elementor-top-section elementor-element elementor-element-51b1eae elementor-section-boxed elementor-section-height-default elementor-section-height-default\" data-id=\"51b1eae\" data-element_type=\"section\">\n\t\t\t\t\t\t<div class=\"elementor-container elementor-column-gap-default\">\n\t\t\t\t\t<div class=\"elementor-column elementor-col-100 elementor-top-column elementor-element elementor-element-5d637e40\" data-id=\"5d637e40\" data-element_type=\"column\">\n\t\t\t<div class=\"elementor-widget-wrap elementor-element-populated\">\n\t\t\t\t\t\t<div class=\"elementor-element elementor-element-7c5a11a8 elementor-align-center elementor-widget elementor-widget-button\" data-id=\"7c5a11a8\" data-element_type=\"widget\" data-widget_type=\"button.default\">\n\t\t\t\t<div class=\"elementor-widget-container\">\n\t\t\t\t\t\t\t\t\t<div class=\"elementor-button-wrapper\">\n\t\t\t\t\t<a class=\"elementor-button elementor-button-link elementor-size-md elementor-animation-grow\" href=\"https:\/\/www.imprentagoymar.es\/en\/contact-2\/\">\n\t\t\t\t\t\t<span class=\"elementor-button-content-wrapper\">\n\t\t\t\t\t\t\t\t\t<span class=\"elementor-button-text\">Ask for more information<\/span>\n\t\t\t\t\t<\/span>\n\t\t\t\t\t<\/a>\n\t\t\t\t<\/div>\n\t\t\t\t\t\t\t\t<\/div>\n\t\t\t\t<\/div>\n\t\t\t\t\t<\/div>\n\t\t<\/div>\n\t\t\t\t\t<\/div>\n\t\t<\/section>\n\t\t\t\t<\/div>","protected":false},"excerpt":{"rendered":"<p>ACCESIBILIDAD Declaraci\u00f3n responsable de accesibilidad de este sitio web en cumplimiento con la normativa vigente se ha comprometido a proporcionar una experiencia de sitio web totalmente accesible para todos los usuarios, incluidos aquellos que dependen de tecnolog\u00edas de asistencia como lectores de pantalla, software de ampliaci\u00f3n de pantalla y dispositivos de entrada de teclado alternativos [&hellip;]<\/p>","protected":false},"author":5,"featured_media":1321,"parent":0,"menu_order":13,"comment_status":"closed","ping_status":"closed","template":"elementor_header_footer","meta":{"_joinchat":[],"footnotes":""},"class_list":["post-1318","page","type-page","status-publish","has-post-thumbnail","hentry"],"acf":[],"yoast_head":"<!-- This site is optimized with the Yoast SEO plugin v24.4 - https:\/\/yoast.com\/wordpress\/plugins\/seo\/ -->\n<title>Accesibilidad | Imprenta Goymar<\/title>\n<meta name=\"robots\" content=\"index, follow, max-snippet:-1, max-image-preview:large, max-video-preview:-1\" \/>\n<link rel=\"canonical\" href=\"https:\/\/www.imprentagoymar.es\/en\/accessibility-2\/\" \/>\n<meta property=\"og:locale\" content=\"en_US\" \/>\n<meta property=\"og:type\" content=\"article\" \/>\n<meta property=\"og:title\" content=\"Accesibilidad | Imprenta Goymar\" \/>\n<meta property=\"og:description\" content=\"ACCESIBILIDAD Declaraci\u00f3n responsable de accesibilidad de este sitio web en cumplimiento con la normativa vigente se ha comprometido a proporcionar una experiencia de sitio web totalmente accesible para todos los usuarios, incluidos aquellos que dependen de tecnolog\u00edas de asistencia como lectores de pantalla, software de ampliaci\u00f3n de pantalla y dispositivos de entrada de teclado alternativos [&hellip;]\" \/>\n<meta property=\"og:url\" content=\"https:\/\/www.imprentagoymar.es\/en\/accessibility-2\/\" \/>\n<meta property=\"og:site_name\" content=\"Imprenta Goymar\" \/>\n<meta property=\"article:modified_time\" content=\"2023-11-15T11:26:16+00:00\" \/>\n<meta property=\"og:image\" content=\"https:\/\/www.imprentagoymar.es\/wp-content\/uploads\/2023\/11\/accesibilidad-1.jpg\" \/>\n\t<meta property=\"og:image:width\" content=\"1700\" \/>\n\t<meta property=\"og:image:height\" content=\"590\" \/>\n\t<meta property=\"og:image:type\" content=\"image\/jpeg\" \/>\n<meta name=\"twitter:card\" content=\"summary_large_image\" \/>\n<script type=\"application\/ld+json\" class=\"yoast-schema-graph\">{\"@context\":\"https:\/\/schema.org\",\"@graph\":[{\"@type\":\"WebPage\",\"@id\":\"https:\/\/www.imprentagoymar.es\/accesibilidad-2\/\",\"url\":\"https:\/\/www.imprentagoymar.es\/accesibilidad-2\/\",\"name\":\"Accesibilidad | Imprenta Goymar\",\"isPartOf\":{\"@id\":\"https:\/\/www.imprentagoymar.es\/#website\"},\"primaryImageOfPage\":{\"@id\":\"https:\/\/www.imprentagoymar.es\/accesibilidad-2\/#primaryimage\"},\"image\":{\"@id\":\"https:\/\/www.imprentagoymar.es\/accesibilidad-2\/#primaryimage\"},\"thumbnailUrl\":\"https:\/\/www.imprentagoymar.es\/wp-content\/uploads\/2023\/11\/accesibilidad-1.jpg\",\"datePublished\":\"2023-11-08T18:00:42+00:00\",\"dateModified\":\"2023-11-15T11:26:16+00:00\",\"breadcrumb\":{\"@id\":\"https:\/\/www.imprentagoymar.es\/accesibilidad-2\/#breadcrumb\"},\"inLanguage\":\"en-US\",\"potentialAction\":[{\"@type\":\"ReadAction\",\"target\":[\"https:\/\/www.imprentagoymar.es\/accesibilidad-2\/\"]}]},{\"@type\":\"ImageObject\",\"inLanguage\":\"en-US\",\"@id\":\"https:\/\/www.imprentagoymar.es\/accesibilidad-2\/#primaryimage\",\"url\":\"https:\/\/www.imprentagoymar.es\/wp-content\/uploads\/2023\/11\/accesibilidad-1.jpg\",\"contentUrl\":\"https:\/\/www.imprentagoymar.es\/wp-content\/uploads\/2023\/11\/accesibilidad-1.jpg\",\"width\":1700,\"height\":590},{\"@type\":\"BreadcrumbList\",\"@id\":\"https:\/\/www.imprentagoymar.es\/accesibilidad-2\/#breadcrumb\",\"itemListElement\":[{\"@type\":\"ListItem\",\"position\":1,\"name\":\"Inicio\",\"item\":\"https:\/\/www.imprentagoymar.es\/\"},{\"@type\":\"ListItem\",\"position\":2,\"name\":\"Accesibilidad\"}]},{\"@type\":\"WebSite\",\"@id\":\"https:\/\/www.imprentagoymar.es\/#website\",\"url\":\"https:\/\/www.imprentagoymar.es\/\",\"name\":\"Imprenta Goymar\",\"description\":\"Tu imprenta de confianza en Oviedo\",\"publisher\":{\"@id\":\"https:\/\/www.imprentagoymar.es\/#organization\"},\"potentialAction\":[{\"@type\":\"SearchAction\",\"target\":{\"@type\":\"EntryPoint\",\"urlTemplate\":\"https:\/\/www.imprentagoymar.es\/?s={search_term_string}\"},\"query-input\":{\"@type\":\"PropertyValueSpecification\",\"valueRequired\":true,\"valueName\":\"search_term_string\"}}],\"inLanguage\":\"en-US\"},{\"@type\":\"Organization\",\"@id\":\"https:\/\/www.imprentagoymar.es\/#organization\",\"name\":\"Imprenta Goymar\",\"url\":\"https:\/\/www.imprentagoymar.es\/\",\"logo\":{\"@type\":\"ImageObject\",\"inLanguage\":\"en-US\",\"@id\":\"https:\/\/www.imprentagoymar.es\/#\/schema\/logo\/image\/\",\"url\":\"https:\/\/www.imprentagoymar.es\/wp-content\/uploads\/2023\/11\/logogoymar.svg\",\"contentUrl\":\"https:\/\/www.imprentagoymar.es\/wp-content\/uploads\/2023\/11\/logogoymar.svg\",\"width\":368,\"height\":368,\"caption\":\"Imprenta Goymar\"},\"image\":{\"@id\":\"https:\/\/www.imprentagoymar.es\/#\/schema\/logo\/image\/\"}}]}<\/script>\n<!-- \/ Yoast SEO plugin. -->","yoast_head_json":{"title":"Accesibilidad | Imprenta Goymar","robots":{"index":"index","follow":"follow","max-snippet":"max-snippet:-1","max-image-preview":"max-image-preview:large","max-video-preview":"max-video-preview:-1"},"canonical":"https:\/\/www.imprentagoymar.es\/en\/accessibility-2\/","og_locale":"en_US","og_type":"article","og_title":"Accesibilidad | Imprenta Goymar","og_description":"ACCESIBILIDAD Declaraci\u00f3n responsable de accesibilidad de este sitio web en cumplimiento con la normativa vigente se ha comprometido a proporcionar una experiencia de sitio web totalmente accesible para todos los usuarios, incluidos aquellos que dependen de tecnolog\u00edas de asistencia como lectores de pantalla, software de ampliaci\u00f3n de pantalla y dispositivos de entrada de teclado alternativos [&hellip;]","og_url":"https:\/\/www.imprentagoymar.es\/en\/accessibility-2\/","og_site_name":"Imprenta Goymar","article_modified_time":"2023-11-15T11:26:16+00:00","og_image":[{"width":1700,"height":590,"url":"https:\/\/www.imprentagoymar.es\/wp-content\/uploads\/2023\/11\/accesibilidad-1.jpg","type":"image\/jpeg"}],"twitter_card":"summary_large_image","schema":{"@context":"https:\/\/schema.org","@graph":[{"@type":"WebPage","@id":"https:\/\/www.imprentagoymar.es\/accesibilidad-2\/","url":"https:\/\/www.imprentagoymar.es\/accesibilidad-2\/","name":"Accesibilidad | Imprenta Goymar","isPartOf":{"@id":"https:\/\/www.imprentagoymar.es\/#website"},"primaryImageOfPage":{"@id":"https:\/\/www.imprentagoymar.es\/accesibilidad-2\/#primaryimage"},"image":{"@id":"https:\/\/www.imprentagoymar.es\/accesibilidad-2\/#primaryimage"},"thumbnailUrl":"https:\/\/www.imprentagoymar.es\/wp-content\/uploads\/2023\/11\/accesibilidad-1.jpg","datePublished":"2023-11-08T18:00:42+00:00","dateModified":"2023-11-15T11:26:16+00:00","breadcrumb":{"@id":"https:\/\/www.imprentagoymar.es\/accesibilidad-2\/#breadcrumb"},"inLanguage":"en-US","potentialAction":[{"@type":"ReadAction","target":["https:\/\/www.imprentagoymar.es\/accesibilidad-2\/"]}]},{"@type":"ImageObject","inLanguage":"en-US","@id":"https:\/\/www.imprentagoymar.es\/accesibilidad-2\/#primaryimage","url":"https:\/\/www.imprentagoymar.es\/wp-content\/uploads\/2023\/11\/accesibilidad-1.jpg","contentUrl":"https:\/\/www.imprentagoymar.es\/wp-content\/uploads\/2023\/11\/accesibilidad-1.jpg","width":1700,"height":590},{"@type":"BreadcrumbList","@id":"https:\/\/www.imprentagoymar.es\/accesibilidad-2\/#breadcrumb","itemListElement":[{"@type":"ListItem","position":1,"name":"Inicio","item":"https:\/\/www.imprentagoymar.es\/"},{"@type":"ListItem","position":2,"name":"Accesibilidad"}]},{"@type":"WebSite","@id":"https:\/\/www.imprentagoymar.es\/#website","url":"https:\/\/www.imprentagoymar.es\/","name":"Imprenta Goymar","description":"Tu imprenta de confianza en Oviedo","publisher":{"@id":"https:\/\/www.imprentagoymar.es\/#organization"},"potentialAction":[{"@type":"SearchAction","target":{"@type":"EntryPoint","urlTemplate":"https:\/\/www.imprentagoymar.es\/?s={search_term_string}"},"query-input":{"@type":"PropertyValueSpecification","valueRequired":true,"valueName":"search_term_string"}}],"inLanguage":"en-US"},{"@type":"Organization","@id":"https:\/\/www.imprentagoymar.es\/#organization","name":"Imprenta Goymar","url":"https:\/\/www.imprentagoymar.es\/","logo":{"@type":"ImageObject","inLanguage":"en-US","@id":"https:\/\/www.imprentagoymar.es\/#\/schema\/logo\/image\/","url":"https:\/\/www.imprentagoymar.es\/wp-content\/uploads\/2023\/11\/logogoymar.svg","contentUrl":"https:\/\/www.imprentagoymar.es\/wp-content\/uploads\/2023\/11\/logogoymar.svg","width":368,"height":368,"caption":"Imprenta Goymar"},"image":{"@id":"https:\/\/www.imprentagoymar.es\/#\/schema\/logo\/image\/"}}]}},"_links":{"self":[{"href":"https:\/\/www.imprentagoymar.es\/en\/wp-json\/wp\/v2\/pages\/1318","targetHints":{"allow":["GET"]}}],"collection":[{"href":"https:\/\/www.imprentagoymar.es\/en\/wp-json\/wp\/v2\/pages"}],"about":[{"href":"https:\/\/www.imprentagoymar.es\/en\/wp-json\/wp\/v2\/types\/page"}],"author":[{"embeddable":true,"href":"https:\/\/www.imprentagoymar.es\/en\/wp-json\/wp\/v2\/users\/5"}],"replies":[{"embeddable":true,"href":"https:\/\/www.imprentagoymar.es\/en\/wp-json\/wp\/v2\/comments?post=1318"}],"version-history":[{"count":4,"href":"https:\/\/www.imprentagoymar.es\/en\/wp-json\/wp\/v2\/pages\/1318\/revisions"}],"predecessor-version":[{"id":1389,"href":"https:\/\/www.imprentagoymar.es\/en\/wp-json\/wp\/v2\/pages\/1318\/revisions\/1389"}],"wp:featuredmedia":[{"embeddable":true,"href":"https:\/\/www.imprentagoymar.es\/en\/wp-json\/wp\/v2\/media\/1321"}],"wp:attachment":[{"href":"https:\/\/www.imprentagoymar.es\/en\/wp-json\/wp\/v2\/media?parent=1318"}],"curies":[{"name":"wp","href":"https:\/\/api.w.org\/{rel}","templated":true}]}}