{"id":1100,"date":"2023-08-21T19:28:08","date_gmt":"2023-08-21T17:28:08","guid":{"rendered":"https:\/\/www.imprentagoymar.es\/?page_id=1100"},"modified":"2023-11-15T12:26:30","modified_gmt":"2023-11-15T11:26:30","slug":"condiciones-de-compra-y-gastos-de-envio","status":"publish","type":"page","link":"https:\/\/www.imprentagoymar.es\/fr\/conditions-dachat-et-frais-de-port\/","title":{"rendered":"Conditions d&#039;achat et frais de port"},"content":{"rendered":"<div data-elementor-type=\"wp-page\" data-elementor-id=\"1100\" class=\"elementor elementor-1100\" data-elementor-post-type=\"page\">\n\t\t\t\t\t\t<section class=\"elementor-section elementor-top-section elementor-element elementor-element-9317c11 elementor-section-boxed elementor-section-height-default elementor-section-height-default\" data-id=\"9317c11\" data-element_type=\"section\">\n\t\t\t\t\t\t<div class=\"elementor-container elementor-column-gap-default\">\n\t\t\t\t\t<div class=\"elementor-column elementor-col-100 elementor-top-column elementor-element elementor-element-3068eaa\" data-id=\"3068eaa\" data-element_type=\"column\">\n\t\t\t<div class=\"elementor-widget-wrap elementor-element-populated\">\n\t\t\t\t\t\t<div class=\"elementor-element elementor-element-beb493a elementor-widget elementor-widget-text-editor\" data-id=\"beb493a\" data-element_type=\"widget\" data-widget_type=\"text-editor.default\">\n\t\t\t\t<div class=\"elementor-widget-container\">\n\t\t\t\t\t\t\t\t\t<strong>CONDITIONS DE CONTRAT DE LA BOUTIQUE EN LIGNE<\/strong>\n\n<strong>MODIFICATION DE CES CONDITIONS ET DUR\u00c9E<\/strong>\n\nImprenta Goymar, SL peut modifier \u00e0 tout moment les conditions d\u00e9termin\u00e9es ici, \u00e9tant d\u00fbment publi\u00e9es telles qu&#039;elles apparaissent ici. La validit\u00e9 des conditions susmentionn\u00e9es d\u00e9pendra de leur exposition et sera en vigueur jusqu&#039;\u00e0 ce qu&#039;elles soient modifi\u00e9es par d&#039;autres d\u00fbment publi\u00e9es. La derni\u00e8re modification des conditions date du 18\/11\/2020.\n\n<strong>S\u00c9CURIT\u00c9<\/strong>\n\nLe site Web utilise des techniques de s\u00e9curit\u00e9 des informations g\u00e9n\u00e9ralement accept\u00e9es dans l&#039;industrie, telles que des pare-feu, des proc\u00e9dures de contr\u00f4le d&#039;acc\u00e8s et des m\u00e9canismes cryptographiques, le tout dans le but d&#039;emp\u00eacher tout acc\u00e8s non autoris\u00e9 aux donn\u00e9es. Pour atteindre ces objectifs, l&#039;utilisateur\/client accepte que le fournisseur obtienne des donn\u00e9es aux fins de l&#039;authentification correspondante des contr\u00f4les d&#039;acc\u00e8s. Notre serveur s\u00e9curis\u00e9 garantit la confidentialit\u00e9 des donn\u00e9es que vous nous transmettez. Cette confidentialit\u00e9 est obtenue gr\u00e2ce au protocole SSL, en cryptant les donn\u00e9es envoy\u00e9es \u00e0 l&#039;aide du syst\u00e8me de cryptage RSA, afin que personne ne puisse se les approprier puisqu&#039;il ne dispose pas de la cl\u00e9 n\u00e9cessaire. Vous pouvez v\u00e9rifier que votre navigateur est s\u00e9curis\u00e9 si le symbole du cadenas appara\u00eet et vous pouvez \u00e9galement constater que l&#039;URL change l\u00e9g\u00e8rement : elle ne commence plus par http mais par https.\n\n<strong>FRAIS D&#039;ENVOI<\/strong>\n\nLes frais d&#039;exp\u00e9dition et\/ou de gestion ne sont pas inclus dans le prix et vous seront indiqu\u00e9s avant de finaliser votre achat, en fonction de l&#039;adresse de livraison de chaque commande. Ci-dessous, nous d\u00e9taillons les frais de port dans le tableau suivant :\n<ul>\n \t<li>Espagne : 2,95 \u20ac (p\u00e9ninsule), 4,95 \u20ac (\u00celes Bal\u00e9ares)<\/li>\n \t<li>Pour les exp\u00e9ditions vers les \u00eeles Canaries, veuillez nous contacter au pr\u00e9alable.<\/li>\n \t<li>Europe : 8,95 \u20ac. Reste du Monde : 9,95 \u20ac<\/li>\n<\/ul>\nD\u00e9lai de livraison en Espagne : Entre 1 et 2 jours.\n\n<strong>PASSER LA COMMANDE<\/strong>\n\nPour passer une commande, il est n\u00e9cessaire de se connecter \u00e0 www.imprentagoymar.es et de s&#039;inscrire en tant qu&#039;utilisateur, en remplissant le formulaire \u00e9lectronique qui appara\u00eet \u00e0 tout moment sur le site Internet de la boutique en ligne et en suivant les instructions qui y sont indiqu\u00e9es. Apr\u00e8s inscription, et pour proc\u00e9der \u00e0 l&#039;achat des produits, vous devez ajouter au panier le produit que vous souhaitez acheter, selon les instructions \u00e0 l&#039;\u00e9cran, en remplissant \u00e0 cet effet le bon de commande pr\u00e9vu et en le validant. Les prix pr\u00e9sent\u00e9s sur le site Web sont valables uniquement et exclusivement pour les commandes en ligne effectu\u00e9es sur www.imprentagoymar.es. Tous les prix publi\u00e9s sur notre site Internet sont TVA incluse. La validation de la commande par le client implique express\u00e9ment la connaissance et l&#039;acceptation des pr\u00e9sentes conditions g\u00e9n\u00e9rales de vente dans le cadre de la conclusion du contrat.\n\n<strong>Une fois l&#039;achat effectu\u00e9 et dans les plus brefs d\u00e9lais, toujours avant 24 heures \u00e0 compter de l&#039;ex\u00e9cution de l&#039;achat, le service client d&#039;Imprenta Goymar, SL vous enverra une preuve d&#039;achat par e-mail.<\/strong>\n\nSi vous n&#039;\u00eates pas d&#039;accord avec les donn\u00e9es contenues dans ladite confirmation, vous pouvez demander leur modification ou l&#039;annulation du contrat.\n\n<strong>LANGUE DE FORMALISATION DU CONTRAT<\/strong>\n\nLa ou les langues dans lesquelles le contrat peut \u00eatre formalis\u00e9 sur ce site Internet sont l&#039;espagnol.\n\n<strong>LA DISPONIBILIT\u00c9 DES PRODUITS<\/strong>\n\nLa s\u00e9lection de produits propos\u00e9s sur www.imprentagoymar.es est valable tant que les produits sont visibles sur le site Internet. Comme il s&#039;agit d&#039;un commerce \u00e9lectronique, le stock est mis \u00e0 jour en ligne, il peut donc arriver que le stock s&#039;\u00e9puise pendant le processus d&#039;achat. Si cela se produit, nous vous en informerons imm\u00e9diatement pour vous proposer une alternative ou rembourser le montant pay\u00e9 pour le produit.\n\n<strong>FA\u00c7ON DE FAIRE DES R\u00c9CLAMATIONS<\/strong>\n\nPour faire toute r\u00e9clamation relative aux obligations \u00e9tablies \u00e0 l&#039;article 110 de la loi 3\/2014, vous devez nous contacter.\n\n<strong>D\u00c9FAUT D&#039;EX\u00c9CUTION DU CONTRAT<\/strong>\n\nEn cas de non-ex\u00e9cution du contrat par l&#039;entit\u00e9 pour cause d&#039;indisponibilit\u00e9 du produit achet\u00e9 ou pour toute autre raison, le client sera inform\u00e9 de cette indisponibilit\u00e9 et\/ou raison qui la justifie et r\u00e9cup\u00e9rera les sommes sans tout retard injustifi\u00e9 qui a \u00e9t\u00e9 pay\u00e9 en vertu de celui-ci.<span class=\"Apple-converted-space\">\u00a0 <\/span>En cas de retard injustifi\u00e9 de la part d&#039;Imprenta Goymar, SL concernant la restitution des sommes vers\u00e9es, le client pourra r\u00e9clamer le double du montant d\u00fb, sans pr\u00e9judice de son droit \u00e0 \u00eatre indemnis\u00e9 pour les dommages subis au-del\u00e0 dudit montant. .\n\n<strong>MODE ET D\u00c9LAIS D&#039;EXP\u00c9DITION<\/strong>\n\nLos productos se env\u00edan a la direcci\u00f3n de env\u00edo que nos hayas indicado en el pedido. En el caso de realizar un pedido de varios art\u00edculos con diferentes disponibilidades, el plazo para la expedici\u00f3n tendr\u00e1 en cuenta la entrega prevista m\u00e1s larga. En casos excepcionales, Imprenta Goymar, S.L. se reservar\u00e1 el derecho a desglosar el pedido, enviando los art\u00edculos disponibles y dejando pendiente de un segundo env\u00edo, los art\u00edculos no disponibles.\n\nPara realizar el transporte y entrega de los env\u00edos, hemos elegido a una\u00a0 empresa de mensajer\u00eda de reconocido prestigio.\n\nEl tiempo de env\u00edo establecido depender\u00e1 del pedido solicitado. Ser\u00e1 de aproximadamente cinco d\u00edas h\u00e1biles desde la recepci\u00f3n del pago, considerando los d\u00edas h\u00e1biles los d\u00edas laborales de lunes a viernes.\n\nEn el supuesto de que el cliente detectase alg\u00fan problema en el momento de la entrega de su pedido (embalaje estropeado, productos faltantes o deteriorados) debe indicarlo por escrito en el albar\u00e1n de entrega del transportista, y contactar dentro de los 14 d\u00edas siguientes a la recepci\u00f3n. No se admitir\u00e1 ninguna devoluci\u00f3n de art\u00edculo da\u00f1ado, as\u00ed como reclamaci\u00f3n de art\u00edculo faltante, si no ha sido comunicado dentro del plazo establecido, remiti\u00e9ndonos fotos y descripci\u00f3n del problema.\n\nTodo ello sin perjuicio del derecho de garant\u00eda para los productos no conformes con el contrato que asiste a todo consumidor, conforme a la normativa vigente\u201d.\n\nEn caso que tu pedido haya sido enviado y no tenga noticias de la entrega, puedes contactar con nuestro Servicio de Atenci\u00f3n al Cliente a trav\u00e9s de: info@imprentagoymar.com\n\n<strong>PAYER<\/strong>\n\nImprenta Goymar, SL accepte les paiements par carte de cr\u00e9dit, vous pouvez utiliser Visa et MasterCard. Si vous effectuez le paiement avec une carte VISA ou Maestro, votre carte sera d\u00e9bit\u00e9e de mani\u00e8re diff\u00e9r\u00e9e, c&#039;est-\u00e0-dire au moment de l&#039;exp\u00e9dition. De cette fa\u00e7on, seuls les articles exp\u00e9di\u00e9s et au moment de l&#039;exp\u00e9dition seront factur\u00e9s. Dans le cas o\u00f9 le point de vente informe du refus de la carte, la commande sera automatiquement annul\u00e9e, informant le client en ligne de l&#039;annulation. Pour les paiements effectu\u00e9s avec des cartes \u00e9mises en dehors de l&#039;Espagne, il est n\u00e9cessaire que la banque \u00e9mettrice soit couverte par le protocole s\u00e9curis\u00e9 de s\u00e9curit\u00e9 du commerce \u00e9lectronique (CES). Les paiements avec des cartes ne r\u00e9pondant pas \u00e0 cette exigence ne seront pas accept\u00e9s. Comme alternative, nous proposons le paiement par transfert. Imprenta Goymar, SL se r\u00e9serve le droit de refuser toute transaction effectu\u00e9e avec une carte de cr\u00e9dit. Dans ce cas, nous proc\u00e9derons au remboursement de l&#039;argent sur la carte originale. Dans ces cas et si le client souhaite proc\u00e9der \u00e0 l&#039;achat des articles, nous demanderons un virement bancaire.\n\n<strong>DROIT DE R\u00c9TRACTATION<\/strong>\n\nSi vous n&#039;\u00eates pas satisfait, vous pouvez retourner vos achats effectu\u00e9s sur www.imprentagoymar.es dans notre bureau situ\u00e9 \u00e0 La Lila, 28<br>\r\n33002 Oviedo<br>\r\nAsturies, en compl\u00e9tant le document de r\u00e9tractation que vous pouvez t\u00e9l\u00e9charger ici.\n<ul>\n \t<li><a href=\"#\">T\u00e9l\u00e9chargez le document de r\u00e9tractation ici<\/a>.<\/li>\n<\/ul>\nLe d\u00e9lai maximum pour demander un retour est stipul\u00e9 dans les d\u00e9lais suivants, \u00e0 compter de la r\u00e9ception de la commande : -14 jours calendaires pour tous les produits de notre boutique en ligne. Le retour sera effectu\u00e9 selon le m\u00eame mode de paiement que celui de l&#039;achat. Ce droit s&#039;ajoute au droit de garantie reconnu dans le RDL 1\/2007 du 16 novembre sur la d\u00e9fense des consommateurs et des utilisateurs. Les circonstances pouvant entra\u00eener un retour sont les suivantes : a) Si le produit que vous avez command\u00e9 ne vous satisfait pas : Vous pouvez le retourner par courrier \u00e0 Imprenta Goymar, SL. Nous vous rembourserons le montant du produit mais pas les frais de retour du produit. b) Si vous souhaitez effectuer un \u00e9change contre un autre article, les frais de retour ne seront pas assum\u00e9s par Imprenta Goymar, SL c) Produit qui, par erreur, ne correspond pas \u00e0 celui command\u00e9 : Imprenta Goymar, SL prendra en charge les frais de r\u00e9cup\u00e9ration du mauvais produit et livraison du produit correspondant \u00e0 la commande pass\u00e9e. d) Les produits doivent \u00eatre emball\u00e9s et descell\u00e9s. L&#039;emballage doit \u00eatre en parfait \u00e9tat et conserver tous ses accessoires et notices d&#039;origine pour pouvoir \u00eatre retourn\u00e9. Ni dans les magasins physiques ni dans la boutique en ligne Imprenta Goymar, SL, les retours de produits qui n&#039;ont pas \u00e9t\u00e9 achet\u00e9s dans l&#039;entit\u00e9 ne seront accept\u00e9s. Dans tous les cas, les produits doivent \u00eatre en parfait \u00e9tat, dans leur emballage d&#039;origine et avec les manuels, accessoires ou cadeaux promotionnels, le cas \u00e9ch\u00e9ant, inclus. Conform\u00e9ment \u00e0 l&#039;article 103 de la loi 3\/2014 de d\u00e9fense des consommateurs et des utilisateurs, le droit de r\u00e9tractation est r\u00e9serv\u00e9 aux produits clairement personnalis\u00e9s ou fabriqu\u00e9s conform\u00e9ment aux sp\u00e9cifications du client.\n\n<a href=\"#\">T\u00e9l\u00e9chargez le document de r\u00e9tractation ici<\/a>.\n\n<strong>ANNULATION DE LA COMMANDE<\/strong>\n\nDans le cas o\u00f9 une commande est annul\u00e9e avant le d\u00e9part, le client n&#039;aura aucun frais. Dans le cas o\u00f9 une commande est annul\u00e9e apr\u00e8s l&#039;exp\u00e9dition de la marchandise, le client sera responsable des frais d&#039;exp\u00e9dition ainsi que des frais de retour de la commande.\n\n<strong>GARANTIE DU PRODUIT<\/strong>\n\nLa p\u00e9riode de garantie est de 2 ans \u00e0 compter de la livraison du produit, mais elle n&#039;inclut pas les d\u00e9fauts caus\u00e9s par la n\u00e9gligence, les coups, une utilisation incorrecte ou une mauvaise manipulation, ni les mat\u00e9riaux us\u00e9s par l&#039;usage. Sauf preuve contraire, il sera pr\u00e9sum\u00e9 que le d\u00e9faut de conformit\u00e9 apparaissant dans un d\u00e9lai de 6 mois apr\u00e8s la d\u00e9livrance du produit, qu&#039;il soit neuf ou d&#039;occasion, existait d\u00e9j\u00e0 au moment de la d\u00e9livrance de la chose, sauf lorsque cette pr\u00e9somption est incompatible avec la nature du bien. le produit ou la nature du d\u00e9faut de conformit\u00e9. Imprenta Goymar, SL se r\u00e9serve le droit de demander la v\u00e9rification de l&#039;origine du probl\u00e8me aupr\u00e8s d&#039;un service technique officiel de la marque. En cas de d\u00e9faut d\u00fb \u00e0 une mauvaise utilisation, la r\u00e9paration sera facturable. Dans les cas qui justifient l&#039;application de la garantie, l&#039;option sera la r\u00e9paration, le remplacement de l&#039;article, la remise ou le retour, dans les conditions l\u00e9galement \u00e9tablies.\n\n<strong>REMBOURSEMENT DES SOMMES PAY\u00c9ES<\/strong>\n\nLe remboursement sera effectu\u00e9 via le mode de paiement que vous avez utilis\u00e9 pour l&#039;achat. Imprenta Goymar, SL ne remboursera pas le montant ni ne renverra aucune marchandise tant que la r\u00e9ception et l&#039;\u00e9tat de l&#039;emballage et des accessoires de l&#039;article retourn\u00e9 ou \u00e9chang\u00e9 n&#039;auront pas \u00e9t\u00e9 v\u00e9rifi\u00e9s dans nos entrep\u00f4ts. Le prix \u00e0 restituer est celui qui figurait initialement dans la commande, hors frais de transport. Une fois v\u00e9rifi\u00e9 le bon \u00e9tat du produit retourn\u00e9, Imprenta Goymar, SL proc\u00e9dera au remboursement du montant dans un d\u00e9lai maximum de 15 jours.\n\n<strong>LOI APPLICABLE ET JURIDICTION<\/strong>\n\nLa relation entre Imprenta Goymar, SL et l&#039;UTILISATEUR sera r\u00e9gie par la r\u00e9glementation espagnole en vigueur et toute controverse sera soumise aux Cours et Tribunaux de la ville correspondante.\n\n<strong>PLATEFORME DE R\u00c9SOLUTION DES LITIGES EN LIGNE<\/strong>\n\nL&#039;entit\u00e9 s&#039;engage \u00e0 r\u00e9soudre les litiges en ligne en mati\u00e8re de consommation conform\u00e9ment \u00e0 l&#039;article 14.1 du r\u00e8glement (UE) 524\/2013\u00a0:\u00a0La Commission europ\u00e9enne met \u00e0 disposition une plateforme de r\u00e9solution des litiges en ligne qui est disponible au lien suivant\u00a0:\n\n<a href=\"http:\/\/ec.europa.eu\/consumers\/odr\/\">http:\/\/ec.europa.eu\/consumers\/odr\/<\/a>\n\nLes consommateurs pourront d\u00e9poser leurs r\u00e9clamations via la plateforme de r\u00e8glement des litiges en ligne.\t\t\t\t\t\t\t\t<\/div>\n\t\t\t\t<\/div>\n\t\t\t\t\t<\/div>\n\t\t<\/div>\n\t\t\t\t\t<\/div>\n\t\t<\/section>\n\t\t\t\t<\/div>","protected":false},"excerpt":{"rendered":"<p>CONDICIONES DE CONTRATACI\u00d3N DE LA TIENDA ONLINE MODIFICACI\u00d3N DE LAS PRESENTES CONDICIONES Y DURACI\u00d3N podr\u00e1 modificar en cualquier momento las condiciones aqu\u00ed determinadas, siendo debidamente publicadas como aqu\u00ed aparecen. La vigencia de las citadas condiciones ir\u00e1 en funci\u00f3n de su exposici\u00f3n y estar\u00e1n vigentes hasta que sean modificadas por otras debidamente publicadas. La ultima modificaci\u00f3n [&hellip;]<\/p>","protected":false},"author":5,"featured_media":0,"parent":0,"menu_order":16,"comment_status":"closed","ping_status":"closed","template":"","meta":{"_joinchat":[],"footnotes":""},"class_list":["post-1100","page","type-page","status-publish","hentry"],"acf":[],"yoast_head":"<!-- This site is optimized with the Yoast SEO plugin v24.4 - https:\/\/yoast.com\/wordpress\/plugins\/seo\/ -->\n<title>Condiciones de compra y gastos de env\u00edo | Imprenta Goymar<\/title>\n<meta name=\"robots\" content=\"index, follow, max-snippet:-1, max-image-preview:large, max-video-preview:-1\" \/>\n<link rel=\"canonical\" href=\"https:\/\/www.imprentagoymar.es\/fr\/conditions-dachat-et-frais-de-port\/\" \/>\n<meta property=\"og:locale\" content=\"fr_FR\" \/>\n<meta property=\"og:type\" content=\"article\" \/>\n<meta property=\"og:title\" content=\"Condiciones de compra y gastos de env\u00edo | Imprenta Goymar\" \/>\n<meta property=\"og:description\" content=\"CONDICIONES DE CONTRATACI\u00d3N DE LA TIENDA ONLINE MODIFICACI\u00d3N DE LAS PRESENTES CONDICIONES Y DURACI\u00d3N podr\u00e1 modificar en cualquier momento las condiciones aqu\u00ed determinadas, siendo debidamente publicadas como aqu\u00ed aparecen. La vigencia de las citadas condiciones ir\u00e1 en funci\u00f3n de su exposici\u00f3n y estar\u00e1n vigentes hasta que sean modificadas por otras debidamente publicadas. La ultima modificaci\u00f3n [&hellip;]\" \/>\n<meta property=\"og:url\" content=\"https:\/\/www.imprentagoymar.es\/fr\/conditions-dachat-et-frais-de-port\/\" \/>\n<meta property=\"og:site_name\" content=\"Imprenta Goymar\" \/>\n<meta property=\"article:modified_time\" content=\"2023-11-15T11:26:30+00:00\" \/>\n<meta name=\"twitter:card\" content=\"summary_large_image\" \/>\n<script type=\"application\/ld+json\" class=\"yoast-schema-graph\">{\"@context\":\"https:\/\/schema.org\",\"@graph\":[{\"@type\":\"WebPage\",\"@id\":\"https:\/\/www.imprentagoymar.es\/condiciones-de-compra-y-gastos-de-envio\/\",\"url\":\"https:\/\/www.imprentagoymar.es\/condiciones-de-compra-y-gastos-de-envio\/\",\"name\":\"Condiciones de compra y gastos de env\u00edo | Imprenta Goymar\",\"isPartOf\":{\"@id\":\"https:\/\/www.imprentagoymar.es\/#website\"},\"datePublished\":\"2023-08-21T17:28:08+00:00\",\"dateModified\":\"2023-11-15T11:26:30+00:00\",\"breadcrumb\":{\"@id\":\"https:\/\/www.imprentagoymar.es\/condiciones-de-compra-y-gastos-de-envio\/#breadcrumb\"},\"inLanguage\":\"fr-FR\",\"potentialAction\":[{\"@type\":\"ReadAction\",\"target\":[\"https:\/\/www.imprentagoymar.es\/condiciones-de-compra-y-gastos-de-envio\/\"]}]},{\"@type\":\"BreadcrumbList\",\"@id\":\"https:\/\/www.imprentagoymar.es\/condiciones-de-compra-y-gastos-de-envio\/#breadcrumb\",\"itemListElement\":[{\"@type\":\"ListItem\",\"position\":1,\"name\":\"Inicio\",\"item\":\"https:\/\/www.imprentagoymar.es\/\"},{\"@type\":\"ListItem\",\"position\":2,\"name\":\"Condiciones de compra y gastos de env\u00edo\"}]},{\"@type\":\"WebSite\",\"@id\":\"https:\/\/www.imprentagoymar.es\/#website\",\"url\":\"https:\/\/www.imprentagoymar.es\/\",\"name\":\"Imprenta Goymar\",\"description\":\"Tu imprenta de confianza en Oviedo\",\"publisher\":{\"@id\":\"https:\/\/www.imprentagoymar.es\/#organization\"},\"potentialAction\":[{\"@type\":\"SearchAction\",\"target\":{\"@type\":\"EntryPoint\",\"urlTemplate\":\"https:\/\/www.imprentagoymar.es\/?s={search_term_string}\"},\"query-input\":{\"@type\":\"PropertyValueSpecification\",\"valueRequired\":true,\"valueName\":\"search_term_string\"}}],\"inLanguage\":\"fr-FR\"},{\"@type\":\"Organization\",\"@id\":\"https:\/\/www.imprentagoymar.es\/#organization\",\"name\":\"Imprenta Goymar\",\"url\":\"https:\/\/www.imprentagoymar.es\/\",\"logo\":{\"@type\":\"ImageObject\",\"inLanguage\":\"fr-FR\",\"@id\":\"https:\/\/www.imprentagoymar.es\/#\/schema\/logo\/image\/\",\"url\":\"https:\/\/www.imprentagoymar.es\/wp-content\/uploads\/2023\/11\/logogoymar.svg\",\"contentUrl\":\"https:\/\/www.imprentagoymar.es\/wp-content\/uploads\/2023\/11\/logogoymar.svg\",\"width\":368,\"height\":368,\"caption\":\"Imprenta Goymar\"},\"image\":{\"@id\":\"https:\/\/www.imprentagoymar.es\/#\/schema\/logo\/image\/\"}}]}<\/script>\n<!-- \/ Yoast SEO plugin. -->","yoast_head_json":{"title":"Condiciones de compra y gastos de env\u00edo | Imprenta Goymar","robots":{"index":"index","follow":"follow","max-snippet":"max-snippet:-1","max-image-preview":"max-image-preview:large","max-video-preview":"max-video-preview:-1"},"canonical":"https:\/\/www.imprentagoymar.es\/fr\/conditions-dachat-et-frais-de-port\/","og_locale":"fr_FR","og_type":"article","og_title":"Condiciones de compra y gastos de env\u00edo | Imprenta Goymar","og_description":"CONDICIONES DE CONTRATACI\u00d3N DE LA TIENDA ONLINE MODIFICACI\u00d3N DE LAS PRESENTES CONDICIONES Y DURACI\u00d3N podr\u00e1 modificar en cualquier momento las condiciones aqu\u00ed determinadas, siendo debidamente publicadas como aqu\u00ed aparecen. La vigencia de las citadas condiciones ir\u00e1 en funci\u00f3n de su exposici\u00f3n y estar\u00e1n vigentes hasta que sean modificadas por otras debidamente publicadas. La ultima modificaci\u00f3n [&hellip;]","og_url":"https:\/\/www.imprentagoymar.es\/fr\/conditions-dachat-et-frais-de-port\/","og_site_name":"Imprenta Goymar","article_modified_time":"2023-11-15T11:26:30+00:00","twitter_card":"summary_large_image","schema":{"@context":"https:\/\/schema.org","@graph":[{"@type":"WebPage","@id":"https:\/\/www.imprentagoymar.es\/condiciones-de-compra-y-gastos-de-envio\/","url":"https:\/\/www.imprentagoymar.es\/condiciones-de-compra-y-gastos-de-envio\/","name":"Condiciones de compra y gastos de env\u00edo | Imprenta Goymar","isPartOf":{"@id":"https:\/\/www.imprentagoymar.es\/#website"},"datePublished":"2023-08-21T17:28:08+00:00","dateModified":"2023-11-15T11:26:30+00:00","breadcrumb":{"@id":"https:\/\/www.imprentagoymar.es\/condiciones-de-compra-y-gastos-de-envio\/#breadcrumb"},"inLanguage":"fr-FR","potentialAction":[{"@type":"ReadAction","target":["https:\/\/www.imprentagoymar.es\/condiciones-de-compra-y-gastos-de-envio\/"]}]},{"@type":"BreadcrumbList","@id":"https:\/\/www.imprentagoymar.es\/condiciones-de-compra-y-gastos-de-envio\/#breadcrumb","itemListElement":[{"@type":"ListItem","position":1,"name":"Inicio","item":"https:\/\/www.imprentagoymar.es\/"},{"@type":"ListItem","position":2,"name":"Condiciones de compra y gastos de env\u00edo"}]},{"@type":"WebSite","@id":"https:\/\/www.imprentagoymar.es\/#website","url":"https:\/\/www.imprentagoymar.es\/","name":"Imprenta Goymar","description":"Tu imprenta de confianza en Oviedo","publisher":{"@id":"https:\/\/www.imprentagoymar.es\/#organization"},"potentialAction":[{"@type":"SearchAction","target":{"@type":"EntryPoint","urlTemplate":"https:\/\/www.imprentagoymar.es\/?s={search_term_string}"},"query-input":{"@type":"PropertyValueSpecification","valueRequired":true,"valueName":"search_term_string"}}],"inLanguage":"fr-FR"},{"@type":"Organization","@id":"https:\/\/www.imprentagoymar.es\/#organization","name":"Imprenta Goymar","url":"https:\/\/www.imprentagoymar.es\/","logo":{"@type":"ImageObject","inLanguage":"fr-FR","@id":"https:\/\/www.imprentagoymar.es\/#\/schema\/logo\/image\/","url":"https:\/\/www.imprentagoymar.es\/wp-content\/uploads\/2023\/11\/logogoymar.svg","contentUrl":"https:\/\/www.imprentagoymar.es\/wp-content\/uploads\/2023\/11\/logogoymar.svg","width":368,"height":368,"caption":"Imprenta Goymar"},"image":{"@id":"https:\/\/www.imprentagoymar.es\/#\/schema\/logo\/image\/"}}]}},"_links":{"self":[{"href":"https:\/\/www.imprentagoymar.es\/fr\/wp-json\/wp\/v2\/pages\/1100","targetHints":{"allow":["GET"]}}],"collection":[{"href":"https:\/\/www.imprentagoymar.es\/fr\/wp-json\/wp\/v2\/pages"}],"about":[{"href":"https:\/\/www.imprentagoymar.es\/fr\/wp-json\/wp\/v2\/types\/page"}],"author":[{"embeddable":true,"href":"https:\/\/www.imprentagoymar.es\/fr\/wp-json\/wp\/v2\/users\/5"}],"replies":[{"embeddable":true,"href":"https:\/\/www.imprentagoymar.es\/fr\/wp-json\/wp\/v2\/comments?post=1100"}],"version-history":[{"count":4,"href":"https:\/\/www.imprentagoymar.es\/fr\/wp-json\/wp\/v2\/pages\/1100\/revisions"}],"predecessor-version":[{"id":1104,"href":"https:\/\/www.imprentagoymar.es\/fr\/wp-json\/wp\/v2\/pages\/1100\/revisions\/1104"}],"wp:attachment":[{"href":"https:\/\/www.imprentagoymar.es\/fr\/wp-json\/wp\/v2\/media?parent=1100"}],"curies":[{"name":"wp","href":"https:\/\/api.w.org\/{rel}","templated":true}]}}