{"id":1269,"date":"2023-11-08T18:58:55","date_gmt":"2023-11-08T17:58:55","guid":{"rendered":"https:\/\/www.imprentagoymar.es\/certificacion\/"},"modified":"2024-12-07T16:40:14","modified_gmt":"2024-12-07T15:40:14","slug":"certificacion","status":"publish","type":"page","link":"https:\/\/www.imprentagoymar.es\/fr\/attestation\/","title":{"rendered":"attestation"},"content":{"rendered":"<div data-elementor-type=\"wp-page\" data-elementor-id=\"1269\" class=\"elementor elementor-1269\" data-elementor-post-type=\"page\">\n\t\t\t\t\t\t<section class=\"elementor-section elementor-top-section elementor-element elementor-element-db78455 elementor-section-full_width elementor-section-height-default elementor-section-height-default\" data-id=\"db78455\" data-element_type=\"section\">\n\t\t\t\t\t\t<div class=\"elementor-container elementor-column-gap-default\">\n\t\t\t\t\t<div class=\"elementor-column elementor-col-100 elementor-top-column elementor-element elementor-element-5a6f7243\" data-id=\"5a6f7243\" data-element_type=\"column\">\n\t\t\t<div class=\"elementor-widget-wrap elementor-element-populated\">\n\t\t\t\t\t\t<div class=\"elementor-element elementor-element-e04cf63 elementor-widget__width-auto elementor-mobile-align-center elementor-widget-mobile__width-auto elementor-widget elementor-widget-breadcrumbs\" data-id=\"e04cf63\" data-element_type=\"widget\" data-widget_type=\"breadcrumbs.default\">\n\t\t\t\t<div class=\"elementor-widget-container\">\n\t\t\t\t\t<p id=\"breadcrumbs\"><span><span><a href=\"https:\/\/www.imprentagoymar.es\/fr\">D\u00e9but<\/a><\/span><\/span><\/p>\t\t\t\t<\/div>\n\t\t\t\t<\/div>\n\t\t\t\t<div class=\"elementor-element elementor-element-7ba40561 elementor-invisible elementor-widget elementor-widget-heading\" data-id=\"7ba40561\" data-element_type=\"widget\" data-settings=\"{&quot;_animation&quot;:&quot;fadeInUp&quot;}\" data-widget_type=\"heading.default\">\n\t\t\t\t<div class=\"elementor-widget-container\">\n\t\t\t\t\t<h1 class=\"elementor-heading-title elementor-size-default\">Certification FSC<\/h1>\t\t\t\t<\/div>\n\t\t\t\t<\/div>\n\t\t\t\t<div class=\"elementor-element elementor-element-3133f33b elementor-widget-divider--view-line elementor-widget elementor-widget-divider\" data-id=\"3133f33b\" data-element_type=\"widget\" data-widget_type=\"divider.default\">\n\t\t\t\t<div class=\"elementor-widget-container\">\n\t\t\t\t\t\t\t<div class=\"elementor-divider\">\n\t\t\t<span class=\"elementor-divider-separator\">\n\t\t\t\t\t\t<\/span>\n\t\t<\/div>\n\t\t\t\t\t\t<\/div>\n\t\t\t\t<\/div>\n\t\t\t\t\t<\/div>\n\t\t<\/div>\n\t\t\t\t\t<\/div>\n\t\t<\/section>\n\t\t\t\t<section class=\"elementor-section elementor-top-section elementor-element elementor-element-1d903f7b elementor-section-boxed elementor-section-height-default elementor-section-height-default\" data-id=\"1d903f7b\" data-element_type=\"section\">\n\t\t\t\t\t\t<div class=\"elementor-container elementor-column-gap-default\">\n\t\t\t\t\t<div class=\"elementor-column elementor-col-100 elementor-top-column elementor-element elementor-element-23b47ab\" data-id=\"23b47ab\" data-element_type=\"column\">\n\t\t\t<div class=\"elementor-widget-wrap elementor-element-populated\">\n\t\t\t\t\t\t<div class=\"elementor-element elementor-element-44712bd6 elementor-widget elementor-widget-text-editor\" data-id=\"44712bd6\" data-element_type=\"widget\" data-widget_type=\"text-editor.default\">\n\t\t\t\t<div class=\"elementor-widget-container\">\n\t\t\t\t\t\t\t\t\t<p style=\"font-weight: 400;\">La empresa Imprenta Goymar se enorgullece de su<strong>\u00a0engagement profond envers l\u2019environnement<\/strong>, un d\u00e9vouement qui a \u00e9t\u00e9 reconnu et soutenu \u00e0 travers le\u00a0<strong>certificaci\u00f3n FSC como una empresa asociada a una actividad que acorde con una gesti\u00f3n forestal responsable<\/strong>. Esta certificaci\u00f3n es un testimonio s\u00f3lido de la seriedad y el compromiso de Imprenta Goymar en su b\u00fasqueda de pr\u00e1cticas comerciales sostenibles y respetuosas con el entorno natural.<\/p><p style=\"font-weight: 400;\">A l\u2019heure o\u00f9 la protection de l\u2019environnement est devenue une priorit\u00e9 mondiale,\u00a0<strong>Imprenta Goymar ha asumido un papel destacado al incorporar la responsabilidad ambiental en todos los aspectos de su operaci\u00f3n<\/strong>.\u00a0<\/p><p style=\"font-weight: 400;\">La certificaci\u00f3n FSC no se otorga a la ligera, y su obtenci\u00f3n es el resultado de un esfuerzo continuo por parte de Imprenta Goymar para cumplir con los est\u00e1ndares m\u00e1s exigentes de gesti\u00f3n forestal responsable.\u00a0<\/p><p style=\"font-weight: 400;\">Imprimerie Goymar\u00a0<strong>s&#039;engage \u00e0 continuer d&#039;innover et d&#039;am\u00e9liorer ses pratiques environnementales dans le but de pr\u00e9server et de r\u00e9g\u00e9n\u00e9rer les ressources naturelles pour les g\u00e9n\u00e9rations futures.<\/strong>\u00a0La certificaci\u00f3n FSC refleja el firme compromiso de Imprenta Goymar con la sostenibilidad y su determinaci\u00f3n de liderar en la promoci\u00f3n de la gesti\u00f3n forestal responsable en el mercado. Esta empresa demuestra que es posible alcanzar el \u00e9xito empresarial sin comprometer nuestro valioso entorno natural.<\/p>\t\t\t\t\t\t\t\t<\/div>\n\t\t\t\t<\/div>\n\t\t\t\t\t<\/div>\n\t\t<\/div>\n\t\t\t\t\t<\/div>\n\t\t<\/section>\n\t\t\t\t<section class=\"elementor-section elementor-top-section elementor-element elementor-element-1b5d7320 elementor-section-full_width elementor-section-height-default elementor-section-height-default\" data-id=\"1b5d7320\" data-element_type=\"section\">\n\t\t\t\t\t\t<div class=\"elementor-container elementor-column-gap-no\">\n\t\t\t\t\t<div class=\"elementor-column elementor-col-100 elementor-top-column elementor-element elementor-element-7f7ce643\" data-id=\"7f7ce643\" data-element_type=\"column\">\n\t\t\t<div class=\"elementor-widget-wrap elementor-element-populated\">\n\t\t\t\t\t\t<div class=\"elementor-element elementor-element-1c9bf4d6 elementor-widget elementor-widget-image\" data-id=\"1c9bf4d6\" data-element_type=\"widget\" data-widget_type=\"image.default\">\n\t\t\t\t<div class=\"elementor-widget-container\">\n\t\t\t\t\t\t\t\t\t\t\t\t\t\t\t<img fetchpriority=\"high\" decoding=\"async\" width=\"800\" height=\"1008\" src=\"https:\/\/www.imprentagoymar.es\/wp-content\/uploads\/2024\/09\/certificacion-813x1024.png\" class=\"attachment-large size-large wp-image-1585\" alt=\"\" srcset=\"https:\/\/www.imprentagoymar.es\/wp-content\/uploads\/2024\/09\/certificacion-813x1024.png 813w, https:\/\/www.imprentagoymar.es\/wp-content\/uploads\/2024\/09\/certificacion-238x300.png 238w, https:\/\/www.imprentagoymar.es\/wp-content\/uploads\/2024\/09\/certificacion-768x967.png 768w, https:\/\/www.imprentagoymar.es\/wp-content\/uploads\/2024\/09\/certificacion-1220x1536.png 1220w, https:\/\/www.imprentagoymar.es\/wp-content\/uploads\/2024\/09\/certificacion-10x12.png 10w, https:\/\/www.imprentagoymar.es\/wp-content\/uploads\/2024\/09\/certificacion-600x756.png 600w, https:\/\/www.imprentagoymar.es\/wp-content\/uploads\/2024\/09\/certificacion.png 1626w\" sizes=\"(max-width: 800px) 100vw, 800px\" \/>\t\t\t\t\t\t\t\t\t\t\t\t\t\t\t<\/div>\n\t\t\t\t<\/div>\n\t\t\t\t<div class=\"elementor-element elementor-element-39583ef8 elementor-align-center elementor-mobile-align-center elementor-tablet-align-center elementor-widget elementor-widget-button\" data-id=\"39583ef8\" data-element_type=\"widget\" data-widget_type=\"button.default\">\n\t\t\t\t<div class=\"elementor-widget-container\">\n\t\t\t\t\t\t\t\t\t<div class=\"elementor-button-wrapper\">\n\t\t\t\t\t<a class=\"elementor-button elementor-button-link elementor-size-sm\" href=\"https:\/\/www.imprentagoymar.es\/documentos\/Imprenta_GoymarFSC_2024.pdf\">\n\t\t\t\t\t\t<span class=\"elementor-button-content-wrapper\">\n\t\t\t\t\t\t\t\t\t<span class=\"elementor-button-text\">T\u00e9l\u00e9charger l&#039;attestation<\/span>\n\t\t\t\t\t<\/span>\n\t\t\t\t\t<\/a>\n\t\t\t\t<\/div>\n\t\t\t\t\t\t\t\t<\/div>\n\t\t\t\t<\/div>\n\t\t\t\t\t<\/div>\n\t\t<\/div>\n\t\t\t\t\t<\/div>\n\t\t<\/section>\n\t\t\t\t<section class=\"elementor-section elementor-top-section elementor-element elementor-element-382662cc elementor-section-boxed elementor-section-height-default elementor-section-height-default\" data-id=\"382662cc\" data-element_type=\"section\">\n\t\t\t\t\t\t<div class=\"elementor-container elementor-column-gap-default\">\n\t\t\t\t\t<div class=\"elementor-column elementor-col-100 elementor-top-column elementor-element elementor-element-19745160\" data-id=\"19745160\" data-element_type=\"column\">\n\t\t\t<div class=\"elementor-widget-wrap elementor-element-populated\">\n\t\t\t\t\t\t<div class=\"elementor-element elementor-element-14df1eb4 elementor-widget elementor-widget-text-editor\" data-id=\"14df1eb4\" data-element_type=\"widget\" data-widget_type=\"text-editor.default\">\n\t\t\t\t<div class=\"elementor-widget-container\">\n\t\t\t\t\t\t\t\t\t<p><strong>CERTIFICATION FSC\u00ae\u00a0<\/strong><\/p><p>Imprenta Goymar poss\u00e8de la certification FSC\u00ae Chain of Custody, qui garantit au consommateur que les produits certifi\u00e9s proviennent de for\u00eats g\u00e9r\u00e9es de mani\u00e8re responsable, selon des crit\u00e8res de durabilit\u00e9. Elle constitue l&#039;\u00e9tape post\u00e9rieure \u00e0 la certification foresti\u00e8re et est une d\u00e9marche n\u00e9cessaire pour garantir l&#039;utilisation de mati\u00e8res premi\u00e8res l\u00e9gales et durables.<\/p><p>La prise de conscience de la protection de l\u2019environnement est de plus en plus mondiale. Imprenta Goymar en a toujours \u00e9t\u00e9 consciente et continue de travailler de mani\u00e8re respectueuse de l&#039;environnement et de la soci\u00e9t\u00e9, en promouvant des politiques de responsabilit\u00e9 sociale.<\/p><p><strong>QUE SIGNIFIE FSC\u00ae ?<\/strong><\/p><p>La certification est un processus d&#039;\u00e9valuation auquel se soumet volontairement une unit\u00e9 de gestion ou une entreprise foresti\u00e8re et qui est r\u00e9alis\u00e9 par un tiers ind\u00e9pendant (entit\u00e9 de certification), \u00e0 travers des audits sur le terrain et des consultations avec toutes les parties prenantes.<\/p><p>FSC-Espagne est une organisation ind\u00e9pendante, non gouvernementale, internationale et \u00e0 but non lucratif cr\u00e9\u00e9e en 1993, dans le but de promouvoir une gestion foresti\u00e8re respectueuse de l&#039;environnement, socialement b\u00e9n\u00e9fique et \u00e9conomiquement viable dans les for\u00eats du monde entier.<\/p><p><strong>QUELS SONT LES AVANTAGES DE TRAVAILLER AVEC UN FOURNISSEUR CERTIFI\u00c9\u00a0?<\/strong><\/p><p>Actuellement, l&#039;acronyme FSC\u00ae est de plus en plus connu dans le domaine de l&#039;industrie graphique, devenant une exigence essentielle pour aborder d&#039;\u00e9ventuels emplois pour des entreprises publiques ou priv\u00e9es engag\u00e9es dans l&#039;environnement.<\/p><p>T\u00e9l\u00e9chargez notre certification\u00a0<a href=\"https:\/\/www.imprentagoymar.es\/documentos\/Imprenta_GoymarFSC_2024.pdf\">FSC\u00ae<\/a>\u00a0\u00a0pour garantir que nous r\u00e9pondons \u00e0 toutes les exigences en mati\u00e8re de durabilit\u00e9 environnementale.<\/p>\t\t\t\t\t\t\t\t<\/div>\n\t\t\t\t<\/div>\n\t\t\t\t\t<\/div>\n\t\t<\/div>\n\t\t\t\t\t<\/div>\n\t\t<\/section>\n\t\t\t\t<section class=\"elementor-section elementor-top-section elementor-element elementor-element-436c3c7f elementor-section-full_width elementor-section-height-default elementor-section-height-default\" data-id=\"436c3c7f\" data-element_type=\"section\">\n\t\t\t\t\t\t<div class=\"elementor-container elementor-column-gap-no\">\n\t\t\t\t\t<div class=\"elementor-column elementor-col-100 elementor-top-column elementor-element elementor-element-468914c\" data-id=\"468914c\" data-element_type=\"column\">\n\t\t\t<div class=\"elementor-widget-wrap elementor-element-populated\">\n\t\t\t\t\t\t<div class=\"elementor-element elementor-element-31466979 elementor-skin-carousel elementor-arrows-yes elementor-widget elementor-widget-media-carousel\" data-id=\"31466979\" data-element_type=\"widget\" data-settings=\"{&quot;slides_per_view&quot;:&quot;5&quot;,&quot;space_between&quot;:{&quot;unit&quot;:&quot;px&quot;,&quot;size&quot;:1,&quot;sizes&quot;:[]},&quot;space_between_mobile&quot;:{&quot;unit&quot;:&quot;px&quot;,&quot;size&quot;:1,&quot;sizes&quot;:[]},&quot;space_between_tablet&quot;:{&quot;unit&quot;:&quot;px&quot;,&quot;size&quot;:0,&quot;sizes&quot;:[]},&quot;slides_per_view_tablet&quot;:&quot;3&quot;,&quot;slides_to_scroll_tablet&quot;:&quot;2&quot;,&quot;skin&quot;:&quot;carousel&quot;,&quot;effect&quot;:&quot;slide&quot;,&quot;show_arrows&quot;:&quot;yes&quot;,&quot;speed&quot;:500,&quot;autoplay&quot;:&quot;yes&quot;,&quot;autoplay_speed&quot;:5000,&quot;loop&quot;:&quot;yes&quot;,&quot;pause_on_hover&quot;:&quot;yes&quot;,&quot;pause_on_interaction&quot;:&quot;yes&quot;}\" data-widget_type=\"media-carousel.default\">\n\t\t\t\t<div class=\"elementor-widget-container\">\n\t\t\t\t\t\t\t\t\t<div class=\"elementor-swiper\">\n\t\t\t\t\t<div class=\"elementor-main-swiper swiper\" role=\"region\" aria-roledescription=\"carousel\" aria-label=\"Diapositives\">\n\t\t\t\t<div class=\"swiper-wrapper\">\n\t\t\t\t\t\t\t\t\t\t\t<div class=\"swiper-slide\" role=\"group\" aria-roledescription=\"slide\">\n\t\t\t\t\t\t\t\t\t<div class=\"elementor-carousel-image\" role=\"img\" aria-label=\"goymarbosques0006.jpg\" style=\"background-image: url(&#039;https:\/\/www.imprentagoymar.es\/wp-content\/uploads\/2023\/11\/goymarbosques0006.jpg&#039;)\">\n\n\t\t\t\n\t\t\t\t\t<\/div>\n\t\t\t\t\t\t\t\t<\/div>\n\t\t\t\t\t\t\t\t\t\t\t<div class=\"swiper-slide\" role=\"group\" aria-roledescription=\"slide\">\n\t\t\t\t\t\t\t\t\t<div class=\"elementor-carousel-image\" role=\"img\" aria-label=\"goymarbosques0005.jpg\" style=\"background-image: url(&#039;https:\/\/www.imprentagoymar.es\/wp-content\/uploads\/2023\/11\/goymarbosques0005.jpg&#039;)\">\n\n\t\t\t\n\t\t\t\t\t<\/div>\n\t\t\t\t\t\t\t\t<\/div>\n\t\t\t\t\t\t\t\t\t\t\t<div class=\"swiper-slide\" role=\"group\" aria-roledescription=\"slide\">\n\t\t\t\t\t\t\t\t\t<div class=\"elementor-carousel-image\" role=\"img\" aria-label=\"goymarbosques0004.jpg\" style=\"background-image: url(&#039;https:\/\/www.imprentagoymar.es\/wp-content\/uploads\/2023\/11\/goymarbosques0004.jpg&#039;)\">\n\n\t\t\t\n\t\t\t\t\t<\/div>\n\t\t\t\t\t\t\t\t<\/div>\n\t\t\t\t\t\t\t\t\t\t\t<div class=\"swiper-slide\" role=\"group\" aria-roledescription=\"slide\">\n\t\t\t\t\t\t\t\t\t<div class=\"elementor-carousel-image\" role=\"img\" aria-label=\"goymarbosques0003.jpg\" style=\"background-image: url(&#039;https:\/\/www.imprentagoymar.es\/wp-content\/uploads\/2023\/11\/goymarbosques0003.jpg&#039;)\">\n\n\t\t\t\n\t\t\t\t\t<\/div>\n\t\t\t\t\t\t\t\t<\/div>\n\t\t\t\t\t\t\t\t\t\t\t<div class=\"swiper-slide\" role=\"group\" aria-roledescription=\"slide\">\n\t\t\t\t\t\t\t\t\t<div class=\"elementor-carousel-image\" role=\"img\" aria-label=\"goymarbosques0002.jpg\" style=\"background-image: url(&#039;https:\/\/www.imprentagoymar.es\/wp-content\/uploads\/2023\/11\/goymarbosques0002.jpg&#039;)\">\n\n\t\t\t\n\t\t\t\t\t<\/div>\n\t\t\t\t\t\t\t\t<\/div>\n\t\t\t\t\t\t\t\t\t\t\t<div class=\"swiper-slide\" role=\"group\" aria-roledescription=\"slide\">\n\t\t\t\t\t\t\t\t\t<div class=\"elementor-carousel-image\" role=\"img\" aria-label=\"goymarbosques0001.jpg\" style=\"background-image: url(&#039;https:\/\/www.imprentagoymar.es\/wp-content\/uploads\/2023\/11\/goymarbosques0001.jpg&#039;)\">\n\n\t\t\t\n\t\t\t\t\t<\/div>\n\t\t\t\t\t\t\t\t<\/div>\n\t\t\t\t\t\t\t\t\t\t\t<div class=\"swiper-slide\" role=\"group\" aria-roledescription=\"slide\">\n\t\t\t\t\t\t\t\t\t<div class=\"elementor-carousel-image\" role=\"img\" aria-label=\"goymarbosques0000.jpg\" style=\"background-image: url(&#039;https:\/\/www.imprentagoymar.es\/wp-content\/uploads\/2023\/11\/goymarbosques0000.jpg&#039;)\">\n\n\t\t\t\n\t\t\t\t\t<\/div>\n\t\t\t\t\t\t\t\t<\/div>\n\t\t\t\t\t\t\t\t\t<\/div>\n\t\t\t\t\t\t\t\t\t\t\t\t\t\t\t<div class=\"elementor-swiper-button elementor-swiper-button-prev\" role=\"button\" tabindex=\"0\" aria-label=\"Pr\u00e9c\u00e9dent\">\n\t\t\t\t\t\t\t<i aria-hidden=\"true\" class=\"eicon-chevron-left\"><\/i>\t\t\t\t\t\t<\/div>\n\t\t\t\t\t\t<div class=\"elementor-swiper-button elementor-swiper-button-next\" role=\"button\" tabindex=\"0\" aria-label=\"Suivant\">\n\t\t\t\t\t\t\t<i aria-hidden=\"true\" class=\"eicon-chevron-right\"><\/i>\t\t\t\t\t\t<\/div>\n\t\t\t\t\t\t\t\t\t\t\t\t\t\t\t\t\t<\/div>\n\t\t\t\t<\/div>\n\t\t\t\t\t\t\t\t<\/div>\n\t\t\t\t<\/div>\n\t\t\t\t\t<\/div>\n\t\t<\/div>\n\t\t\t\t\t<\/div>\n\t\t<\/section>\n\t\t\t\t<\/div>","protected":false},"excerpt":{"rendered":"<p>Certificaci\u00f3n FSC La empresa Imprenta Goymar se enorgullece de su\u00a0profundo compromiso con el medio ambiente, una dedicaci\u00f3n que ha sido reconocida y respaldada a trav\u00e9s de la\u00a0certificaci\u00f3n FSC como una empresa asociada a una actividad que acorde con una gesti\u00f3n forestal responsable. Esta certificaci\u00f3n es un testimonio s\u00f3lido de la seriedad y el compromiso de [&hellip;]<\/p>","protected":false},"author":5,"featured_media":1280,"parent":0,"menu_order":6,"comment_status":"closed","ping_status":"closed","template":"elementor_header_footer","meta":{"_joinchat":[],"footnotes":""},"class_list":["post-1269","page","type-page","status-publish","has-post-thumbnail","hentry"],"acf":[],"yoast_head":"<!-- This site is optimized with the Yoast SEO plugin v24.4 - https:\/\/yoast.com\/wordpress\/plugins\/seo\/ -->\n<title>certificaci\u00f3n | Imprenta Goymar<\/title>\n<meta name=\"robots\" content=\"index, follow, max-snippet:-1, max-image-preview:large, max-video-preview:-1\" \/>\n<link rel=\"canonical\" href=\"https:\/\/www.imprentagoymar.es\/fr\/attestation\/\" \/>\n<meta property=\"og:locale\" content=\"fr_FR\" \/>\n<meta property=\"og:type\" content=\"article\" \/>\n<meta property=\"og:title\" content=\"certificaci\u00f3n | Imprenta Goymar\" \/>\n<meta property=\"og:description\" content=\"Certificaci\u00f3n FSC La empresa Imprenta Goymar se enorgullece de su\u00a0profundo compromiso con el medio ambiente, una dedicaci\u00f3n que ha sido reconocida y respaldada a trav\u00e9s de la\u00a0certificaci\u00f3n FSC como una empresa asociada a una actividad que acorde con una gesti\u00f3n forestal responsable. Esta certificaci\u00f3n es un testimonio s\u00f3lido de la seriedad y el compromiso de [&hellip;]\" \/>\n<meta property=\"og:url\" content=\"https:\/\/www.imprentagoymar.es\/fr\/attestation\/\" \/>\n<meta property=\"og:site_name\" content=\"Imprenta Goymar\" \/>\n<meta property=\"article:modified_time\" content=\"2024-12-07T15:40:14+00:00\" \/>\n<meta property=\"og:image\" content=\"https:\/\/www.imprentagoymar.es\/wp-content\/uploads\/2023\/11\/sin-imagen-destacada-1-1024x659.png\" \/>\n\t<meta property=\"og:image:width\" content=\"1024\" \/>\n\t<meta property=\"og:image:height\" content=\"659\" \/>\n\t<meta property=\"og:image:type\" content=\"image\/png\" \/>\n<meta name=\"twitter:card\" content=\"summary_large_image\" \/>\n<script type=\"application\/ld+json\" class=\"yoast-schema-graph\">{\"@context\":\"https:\/\/schema.org\",\"@graph\":[{\"@type\":\"WebPage\",\"@id\":\"https:\/\/www.imprentagoymar.es\/certificacion\/\",\"url\":\"https:\/\/www.imprentagoymar.es\/certificacion\/\",\"name\":\"certificaci\u00f3n | Imprenta Goymar\",\"isPartOf\":{\"@id\":\"https:\/\/www.imprentagoymar.es\/#website\"},\"primaryImageOfPage\":{\"@id\":\"https:\/\/www.imprentagoymar.es\/certificacion\/#primaryimage\"},\"image\":{\"@id\":\"https:\/\/www.imprentagoymar.es\/certificacion\/#primaryimage\"},\"thumbnailUrl\":\"https:\/\/www.imprentagoymar.es\/wp-content\/uploads\/2023\/11\/sin-imagen-destacada-1.png\",\"datePublished\":\"2023-11-08T17:58:55+00:00\",\"dateModified\":\"2024-12-07T15:40:14+00:00\",\"breadcrumb\":{\"@id\":\"https:\/\/www.imprentagoymar.es\/certificacion\/#breadcrumb\"},\"inLanguage\":\"fr-FR\",\"potentialAction\":[{\"@type\":\"ReadAction\",\"target\":[\"https:\/\/www.imprentagoymar.es\/certificacion\/\"]}]},{\"@type\":\"ImageObject\",\"inLanguage\":\"fr-FR\",\"@id\":\"https:\/\/www.imprentagoymar.es\/certificacion\/#primaryimage\",\"url\":\"https:\/\/www.imprentagoymar.es\/wp-content\/uploads\/2023\/11\/sin-imagen-destacada-1.png\",\"contentUrl\":\"https:\/\/www.imprentagoymar.es\/wp-content\/uploads\/2023\/11\/sin-imagen-destacada-1.png\",\"width\":1920,\"height\":1235},{\"@type\":\"BreadcrumbList\",\"@id\":\"https:\/\/www.imprentagoymar.es\/certificacion\/#breadcrumb\",\"itemListElement\":[{\"@type\":\"ListItem\",\"position\":1,\"name\":\"Inicio\",\"item\":\"https:\/\/www.imprentagoymar.es\/\"},{\"@type\":\"ListItem\",\"position\":2,\"name\":\"certificaci\u00f3n\"}]},{\"@type\":\"WebSite\",\"@id\":\"https:\/\/www.imprentagoymar.es\/#website\",\"url\":\"https:\/\/www.imprentagoymar.es\/\",\"name\":\"Imprenta Goymar\",\"description\":\"Tu imprenta de confianza en Oviedo\",\"publisher\":{\"@id\":\"https:\/\/www.imprentagoymar.es\/#organization\"},\"potentialAction\":[{\"@type\":\"SearchAction\",\"target\":{\"@type\":\"EntryPoint\",\"urlTemplate\":\"https:\/\/www.imprentagoymar.es\/?s={search_term_string}\"},\"query-input\":{\"@type\":\"PropertyValueSpecification\",\"valueRequired\":true,\"valueName\":\"search_term_string\"}}],\"inLanguage\":\"fr-FR\"},{\"@type\":\"Organization\",\"@id\":\"https:\/\/www.imprentagoymar.es\/#organization\",\"name\":\"Imprenta Goymar\",\"url\":\"https:\/\/www.imprentagoymar.es\/\",\"logo\":{\"@type\":\"ImageObject\",\"inLanguage\":\"fr-FR\",\"@id\":\"https:\/\/www.imprentagoymar.es\/#\/schema\/logo\/image\/\",\"url\":\"https:\/\/www.imprentagoymar.es\/wp-content\/uploads\/2023\/11\/logogoymar.svg\",\"contentUrl\":\"https:\/\/www.imprentagoymar.es\/wp-content\/uploads\/2023\/11\/logogoymar.svg\",\"width\":368,\"height\":368,\"caption\":\"Imprenta Goymar\"},\"image\":{\"@id\":\"https:\/\/www.imprentagoymar.es\/#\/schema\/logo\/image\/\"}}]}<\/script>\n<!-- \/ Yoast SEO plugin. -->","yoast_head_json":{"title":"certificaci\u00f3n | Imprenta Goymar","robots":{"index":"index","follow":"follow","max-snippet":"max-snippet:-1","max-image-preview":"max-image-preview:large","max-video-preview":"max-video-preview:-1"},"canonical":"https:\/\/www.imprentagoymar.es\/fr\/attestation\/","og_locale":"fr_FR","og_type":"article","og_title":"certificaci\u00f3n | Imprenta Goymar","og_description":"Certificaci\u00f3n FSC La empresa Imprenta Goymar se enorgullece de su\u00a0profundo compromiso con el medio ambiente, una dedicaci\u00f3n que ha sido reconocida y respaldada a trav\u00e9s de la\u00a0certificaci\u00f3n FSC como una empresa asociada a una actividad que acorde con una gesti\u00f3n forestal responsable. Esta certificaci\u00f3n es un testimonio s\u00f3lido de la seriedad y el compromiso de [&hellip;]","og_url":"https:\/\/www.imprentagoymar.es\/fr\/attestation\/","og_site_name":"Imprenta Goymar","article_modified_time":"2024-12-07T15:40:14+00:00","og_image":[{"width":1024,"height":659,"url":"https:\/\/www.imprentagoymar.es\/wp-content\/uploads\/2023\/11\/sin-imagen-destacada-1-1024x659.png","type":"image\/png"}],"twitter_card":"summary_large_image","schema":{"@context":"https:\/\/schema.org","@graph":[{"@type":"WebPage","@id":"https:\/\/www.imprentagoymar.es\/certificacion\/","url":"https:\/\/www.imprentagoymar.es\/certificacion\/","name":"certificaci\u00f3n | Imprenta Goymar","isPartOf":{"@id":"https:\/\/www.imprentagoymar.es\/#website"},"primaryImageOfPage":{"@id":"https:\/\/www.imprentagoymar.es\/certificacion\/#primaryimage"},"image":{"@id":"https:\/\/www.imprentagoymar.es\/certificacion\/#primaryimage"},"thumbnailUrl":"https:\/\/www.imprentagoymar.es\/wp-content\/uploads\/2023\/11\/sin-imagen-destacada-1.png","datePublished":"2023-11-08T17:58:55+00:00","dateModified":"2024-12-07T15:40:14+00:00","breadcrumb":{"@id":"https:\/\/www.imprentagoymar.es\/certificacion\/#breadcrumb"},"inLanguage":"fr-FR","potentialAction":[{"@type":"ReadAction","target":["https:\/\/www.imprentagoymar.es\/certificacion\/"]}]},{"@type":"ImageObject","inLanguage":"fr-FR","@id":"https:\/\/www.imprentagoymar.es\/certificacion\/#primaryimage","url":"https:\/\/www.imprentagoymar.es\/wp-content\/uploads\/2023\/11\/sin-imagen-destacada-1.png","contentUrl":"https:\/\/www.imprentagoymar.es\/wp-content\/uploads\/2023\/11\/sin-imagen-destacada-1.png","width":1920,"height":1235},{"@type":"BreadcrumbList","@id":"https:\/\/www.imprentagoymar.es\/certificacion\/#breadcrumb","itemListElement":[{"@type":"ListItem","position":1,"name":"Inicio","item":"https:\/\/www.imprentagoymar.es\/"},{"@type":"ListItem","position":2,"name":"certificaci\u00f3n"}]},{"@type":"WebSite","@id":"https:\/\/www.imprentagoymar.es\/#website","url":"https:\/\/www.imprentagoymar.es\/","name":"Imprenta Goymar","description":"Tu imprenta de confianza en Oviedo","publisher":{"@id":"https:\/\/www.imprentagoymar.es\/#organization"},"potentialAction":[{"@type":"SearchAction","target":{"@type":"EntryPoint","urlTemplate":"https:\/\/www.imprentagoymar.es\/?s={search_term_string}"},"query-input":{"@type":"PropertyValueSpecification","valueRequired":true,"valueName":"search_term_string"}}],"inLanguage":"fr-FR"},{"@type":"Organization","@id":"https:\/\/www.imprentagoymar.es\/#organization","name":"Imprenta Goymar","url":"https:\/\/www.imprentagoymar.es\/","logo":{"@type":"ImageObject","inLanguage":"fr-FR","@id":"https:\/\/www.imprentagoymar.es\/#\/schema\/logo\/image\/","url":"https:\/\/www.imprentagoymar.es\/wp-content\/uploads\/2023\/11\/logogoymar.svg","contentUrl":"https:\/\/www.imprentagoymar.es\/wp-content\/uploads\/2023\/11\/logogoymar.svg","width":368,"height":368,"caption":"Imprenta Goymar"},"image":{"@id":"https:\/\/www.imprentagoymar.es\/#\/schema\/logo\/image\/"}}]}},"_links":{"self":[{"href":"https:\/\/www.imprentagoymar.es\/fr\/wp-json\/wp\/v2\/pages\/1269","targetHints":{"allow":["GET"]}}],"collection":[{"href":"https:\/\/www.imprentagoymar.es\/fr\/wp-json\/wp\/v2\/pages"}],"about":[{"href":"https:\/\/www.imprentagoymar.es\/fr\/wp-json\/wp\/v2\/types\/page"}],"author":[{"embeddable":true,"href":"https:\/\/www.imprentagoymar.es\/fr\/wp-json\/wp\/v2\/users\/5"}],"replies":[{"embeddable":true,"href":"https:\/\/www.imprentagoymar.es\/fr\/wp-json\/wp\/v2\/comments?post=1269"}],"version-history":[{"count":5,"href":"https:\/\/www.imprentagoymar.es\/fr\/wp-json\/wp\/v2\/pages\/1269\/revisions"}],"predecessor-version":[{"id":1602,"href":"https:\/\/www.imprentagoymar.es\/fr\/wp-json\/wp\/v2\/pages\/1269\/revisions\/1602"}],"wp:featuredmedia":[{"embeddable":true,"href":"https:\/\/www.imprentagoymar.es\/fr\/wp-json\/wp\/v2\/media\/1280"}],"wp:attachment":[{"href":"https:\/\/www.imprentagoymar.es\/fr\/wp-json\/wp\/v2\/media?parent=1269"}],"curies":[{"name":"wp","href":"https:\/\/api.w.org\/{rel}","templated":true}]}}